{"id":4673,"date":"2020-04-23T09:27:38","date_gmt":"2020-04-23T02:27:38","guid":{"rendered":"http:\/\/solution.wbc.vn\/%e6%84%9f%e8%a8%80\/"},"modified":"2026-01-26T11:43:24","modified_gmt":"2026-01-26T04:43:24","slug":"%e6%84%9f%e8%a8%80","status":"publish","type":"page","link":"https:\/\/solutions.com.vn\/zh-hans\/about\/%e6%84%9f%e8%a8%80\/","title":{"rendered":"\u611f\u8a00"},"content":{"rendered":"\t<section class=\"section\" id=\"section_1367334961\">\n\t\t<div class=\"bg section-bg fill bg-fill  bg-loaded\" >\n\n\t\t\t\n\t\t\t\n\t\t\t\n\n\t\t<\/div>\n\n\t\t\n\n\t\t<div class=\"section-content relative\">\n\t\t\t\n<div class=\"row\"  id=\"row-1960572868\">\n\n\t<div id=\"col-1345888723\" class=\"col small-12 large-12\"  >\n\t\t\t\t<div class=\"col-inner\"  >\n\t\t\t\n\t\t\t\n<h3>\u6211\u4eec\u59cb\u7ec8\u5c3d\u529b\u6ee1\u8db3\u5ba2\u6237\u3002<\/h3>\n\t\t<\/div>\n\t\t\t\t\t<\/div>\n\n\t\n<\/div>\n<div class=\"row\"  id=\"row-729934475\">\n\n\t<div id=\"col-1001791718\" class=\"col medium-6 small-12 large-6\"  >\n\t\t\t\t<div class=\"col-inner\"  >\n\t\t\t\n\t\t\t\n<h3 style=\"text-align: center;\">From: Tuan Le Construction<\/h3>\n\t<div class=\"img has-hover x md-x lg-x y md-y lg-y\" id=\"image_1643825205\">\n\t\t\t\t\t\t\t\t<div class=\"img-inner dark\" >\n\t\t\t<img loading=\"lazy\" decoding=\"async\" width=\"724\" height=\"1024\" src=\"https:\/\/solutions.com.vn\/wp-content\/uploads\/2020\/04\/Th\u01b0-\u0111\u00e1nh-gi\u00e1-TLC-724x1024.jpg\" class=\"attachment-large size-large\" alt=\"\" srcset=\"https:\/\/solutions.com.vn\/wp-content\/uploads\/2020\/04\/Th\u01b0-\u0111\u00e1nh-gi\u00e1-TLC-724x1024.jpg 724w, https:\/\/solutions.com.vn\/wp-content\/uploads\/2020\/04\/Th\u01b0-\u0111\u00e1nh-gi\u00e1-TLC-212x300.jpg 212w, https:\/\/solutions.com.vn\/wp-content\/uploads\/2020\/04\/Th\u01b0-\u0111\u00e1nh-gi\u00e1-TLC-768x1087.jpg 768w, https:\/\/solutions.com.vn\/wp-content\/uploads\/2020\/04\/Th\u01b0-\u0111\u00e1nh-gi\u00e1-TLC.jpg 1080w\" sizes=\"auto, (max-width: 724px) 100vw, 724px\" \/>\t\t\t\t\t\t\n\t\t\t\t\t<\/div>\n\t\t\t\t\t\t\t\t\n<style>\n#image_1643825205 {\n  width: 100%;\n}\n<\/style>\n\t<\/div>\n\t\n\t\t<\/div>\n\t\t\t\t\t<\/div>\n\n\t\n\n\t<div id=\"col-1758751313\" class=\"col medium-6 small-12 large-6\"  >\n\t\t\t\t<div class=\"col-inner\"  >\n\t\t\t\n\t\t\t\n<h3 style=\"text-align: center;\">From: Sheico Group<\/h3>\n\t<div class=\"img has-hover x md-x lg-x y md-y lg-y\" id=\"image_1077216631\">\n\t\t\t\t\t\t\t\t<div class=\"img-inner dark\" >\n\t\t\t<img loading=\"lazy\" decoding=\"async\" width=\"724\" height=\"1024\" src=\"https:\/\/solutions.com.vn\/wp-content\/uploads\/2020\/04\/Th\u01b0-\u0111\u00e1nh-gi\u00e1-Sheico-724x1024.jpg\" class=\"attachment-large size-large\" alt=\"\" srcset=\"https:\/\/solutions.com.vn\/wp-content\/uploads\/2020\/04\/Th\u01b0-\u0111\u00e1nh-gi\u00e1-Sheico-724x1024.jpg 724w, https:\/\/solutions.com.vn\/wp-content\/uploads\/2020\/04\/Th\u01b0-\u0111\u00e1nh-gi\u00e1-Sheico-212x300.jpg 212w, https:\/\/solutions.com.vn\/wp-content\/uploads\/2020\/04\/Th\u01b0-\u0111\u00e1nh-gi\u00e1-Sheico-768x1087.jpg 768w, https:\/\/solutions.com.vn\/wp-content\/uploads\/2020\/04\/Th\u01b0-\u0111\u00e1nh-gi\u00e1-Sheico.jpg 1080w\" sizes=\"auto, (max-width: 724px) 100vw, 724px\" \/>\t\t\t\t\t\t\n\t\t\t\t\t<\/div>\n\t\t\t\t\t\t\t\t\n<style>\n#image_1077216631 {\n  width: 100%;\n}\n<\/style>\n\t<\/div>\n\t\n\t\t<\/div>\n\t\t\t\t\t<\/div>\n\n\t\n<\/div>\n<div class=\"row\"  id=\"row-1152623919\">\n\n\t<div id=\"col-2029993453\" class=\"col medium-6 small-12 large-6\"  >\n\t\t\t\t<div class=\"col-inner\"  >\n\t\t\t\n\t\t\t\n<h3 style=\"text-align: center;\">From: Sieu Chung Ky JSC<\/h3>\n\t<div class=\"img has-hover x md-x lg-x y md-y lg-y\" id=\"image_4588486\">\n\t\t\t\t\t\t\t\t<div class=\"img-inner dark\" >\n\t\t\t<img loading=\"lazy\" decoding=\"async\" width=\"724\" height=\"1024\" src=\"https:\/\/solutions.com.vn\/wp-content\/uploads\/2020\/04\/Th\u01b0-\u0111\u00e1nh-gi\u00e1-SCK-724x1024.jpg\" class=\"attachment-large size-large\" alt=\"\" srcset=\"https:\/\/solutions.com.vn\/wp-content\/uploads\/2020\/04\/Th\u01b0-\u0111\u00e1nh-gi\u00e1-SCK-724x1024.jpg 724w, https:\/\/solutions.com.vn\/wp-content\/uploads\/2020\/04\/Th\u01b0-\u0111\u00e1nh-gi\u00e1-SCK-212x300.jpg 212w, https:\/\/solutions.com.vn\/wp-content\/uploads\/2020\/04\/Th\u01b0-\u0111\u00e1nh-gi\u00e1-SCK-768x1087.jpg 768w, https:\/\/solutions.com.vn\/wp-content\/uploads\/2020\/04\/Th\u01b0-\u0111\u00e1nh-gi\u00e1-SCK.jpg 1080w\" sizes=\"auto, (max-width: 724px) 100vw, 724px\" \/>\t\t\t\t\t\t\n\t\t\t\t\t<\/div>\n\t\t\t\t\t\t\t\t\n<style>\n#image_4588486 {\n  width: 100%;\n}\n<\/style>\n\t<\/div>\n\t\n\t\t<\/div>\n\t\t\t\t\t<\/div>\n\n\t\n\n\t<div id=\"col-1649281511\" class=\"col medium-6 small-12 large-6\"  >\n\t\t\t\t<div class=\"col-inner\"  >\n\t\t\t\n\t\t\t\n\t\t<\/div>\n\t\t\t\t\t<\/div>\n\n\t\n<\/div>\n\t\t<\/div>\n\n\t\t\n<style>\n#section_1367334961 {\n  padding-top: 43px;\n  padding-bottom: 43px;\n}\n#section_1367334961 .ux-shape-divider--top svg {\n  height: 150px;\n  --divider-top-width: 100%;\n}\n#section_1367334961 .ux-shape-divider--bottom svg {\n  height: 150px;\n  --divider-width: 100%;\n}\n<\/style>\n\t<\/section>\n\t\n","protected":false},"excerpt":{"rendered":"","protected":false},"author":2,"featured_media":12083,"parent":4070,"menu_order":23,"comment_status":"closed","ping_status":"closed","template":"template-testimonial.php","meta":{"inline_featured_image":false,"footnotes":""},"class_list":["post-4673","page","type-page","status-publish","has-post-thumbnail","hentry"],"acf":[],"_links":{"self":[{"href":"https:\/\/solutions.com.vn\/zh-hans\/wp-json\/wp\/v2\/pages\/4673","targetHints":{"allow":["GET"]}}],"collection":[{"href":"https:\/\/solutions.com.vn\/zh-hans\/wp-json\/wp\/v2\/pages"}],"about":[{"href":"https:\/\/solutions.com.vn\/zh-hans\/wp-json\/wp\/v2\/types\/page"}],"author":[{"embeddable":true,"href":"https:\/\/solutions.com.vn\/zh-hans\/wp-json\/wp\/v2\/users\/2"}],"replies":[{"embeddable":true,"href":"https:\/\/solutions.com.vn\/zh-hans\/wp-json\/wp\/v2\/comments?post=4673"}],"version-history":[{"count":19,"href":"https:\/\/solutions.com.vn\/zh-hans\/wp-json\/wp\/v2\/pages\/4673\/revisions"}],"predecessor-version":[{"id":14460,"href":"https:\/\/solutions.com.vn\/zh-hans\/wp-json\/wp\/v2\/pages\/4673\/revisions\/14460"}],"up":[{"embeddable":true,"href":"https:\/\/solutions.com.vn\/zh-hans\/wp-json\/wp\/v2\/pages\/4070"}],"wp:featuredmedia":[{"embeddable":true,"href":"https:\/\/solutions.com.vn\/zh-hans\/wp-json\/wp\/v2\/media\/12083"}],"wp:attachment":[{"href":"https:\/\/solutions.com.vn\/zh-hans\/wp-json\/wp\/v2\/media?parent=4673"}],"curies":[{"name":"wp","href":"https:\/\/api.w.org\/{rel}","templated":true}]}}