{"id":4073,"date":"2019-03-14T13:13:32","date_gmt":"2019-03-14T06:13:32","guid":{"rendered":"http:\/\/solution.wbc.vn\/lien-he\/"},"modified":"2026-03-23T09:27:00","modified_gmt":"2026-03-23T02:27:00","slug":"lien-he","status":"publish","type":"page","link":"https:\/\/solutions.com.vn\/zh-hans\/lien-he\/","title":{"rendered":"\u8054\u7cfb\u6211\u4eec"},"content":{"rendered":"\t<section class=\"section\" id=\"section_543919891\">\n\t\t<div class=\"bg section-bg fill bg-fill  bg-loaded\" >\n\n\t\t\t\n\t\t\t\n\t\t\t\n\n\t\t<\/div>\n\n\t\t\n\n\t\t<div class=\"section-content relative\">\n\t\t\t\n<div class=\"row\"  id=\"row-1141112971\">\n\n\t<div id=\"col-275115719\" class=\"col box-footer medium-6 small-12 large-6\"  >\n\t\t\t\t<div class=\"col-inner\"  >\n\t\t\t\n\t\t\t\n\t<div class=\"img has-hover x md-x lg-x y md-y lg-y\" id=\"image_1500982428\">\n\t\t\t\t\t\t\t\t<div class=\"img-inner dark\" >\n\t\t\t<img loading=\"lazy\" decoding=\"async\" width=\"1864\" height=\"679\" src=\"https:\/\/solutions.com.vn\/wp-content\/uploads\/2019\/04\/Solutions-d\u00e3-x\u00f3a-ph\u00f4ng.png\" class=\"attachment-original size-original\" alt=\"\" srcset=\"https:\/\/solutions.com.vn\/wp-content\/uploads\/2019\/04\/Solutions-d\u00e3-x\u00f3a-ph\u00f4ng.png 1864w, https:\/\/solutions.com.vn\/wp-content\/uploads\/2019\/04\/Solutions-d\u00e3-x\u00f3a-ph\u00f4ng-300x109.png 300w, https:\/\/solutions.com.vn\/wp-content\/uploads\/2019\/04\/Solutions-d\u00e3-x\u00f3a-ph\u00f4ng-768x280.png 768w, https:\/\/solutions.com.vn\/wp-content\/uploads\/2019\/04\/Solutions-d\u00e3-x\u00f3a-ph\u00f4ng-1024x373.png 1024w\" sizes=\"auto, (max-width: 1864px) 100vw, 1864px\" \/>\t\t\t\t\t\t\n\t\t\t\t\t<\/div>\n\t\t\t\t\t\t\t\t\n<style>\n#image_1500982428 {\n  width: 40%;\n}\n<\/style>\n\t<\/div>\n\t\n<p><span style=\"color: #0f4291; font-size: 120%;\"><strong> \u8054\u7cfb\u4fe1\u606f<\/strong><\/span><\/p>\n<p style=\"margin-bottom: 5px;\"><strong>\u8d8a\u5357<\/strong><br \/><i class=\"fas fa-map-marker-alt\"><\/i><span style=\"font-size: 95%;\"> : \u80e1\u5fd7\u660e\u5e02\u65b0\u7f8e\u574a\u65b0\u6f6e\u885712\u53f7\u80dc\u5229\u5927\u53a623\u697c<\/span><\/p>\n<p style=\"margin-bottom: 5px;\"><i class=\"fas fa-map-marker-alt\"><\/i><span style=\"font-size: 95%;\"> : <\/span>\u5c98\u6e2f\u5e02\u9526\u4e3d\u574a\u8303\u5bcc\u8282\u8857137\u53f7<\/p>\n<p style=\"margin-bottom: 5px;\"><i class=\"fas fa-map-marker-alt\"><\/i><span style=\"font-size: 95%;\"> : \u8d8a\u5357\u6cb3\u5185\u5e02\u5357\u95e8\u574a\u9648\u5174\u9053\u885728A\u53f7\u8d1d\u5c14\u7ef4\u5fb7\u96f7\u529e\u516c\u7a7a\u95f4\u5927\u53a67\u5c42<\/span><\/p>\n<p style=\"margin-bottom: 5px;\"><span style=\"font-size: 95%;\"><i class=\"fas fa-globe\"><\/i> : www.solutions.com.vn<\/span><\/p>\n<p style=\"margin-bottom: 5px;\"><span style=\"font-size: 95%;\"><i class=\"fas fa-envelope-open\"><\/i> : info@solutions.com.vn<\/span><\/p>\n<p style=\"margin-bottom: 5px;\"><span style=\"font-size: 95%;\"><i class=\"fas fa-phone\"><\/i> : (+84) (28) 54 103 104<\/span><\/p>\n<p>\u00a0<\/p>\n<p style=\"margin-bottom: 5px;\"><strong>\u53f0\u6e7e<\/strong><\/p>\n<p style=\"margin-bottom: 5px;\"><i class=\"fas fa-map-marker-alt\"><\/i> : \u53f0\u5317\u5e02\u5927\u5b89\u533a\u5fe0\u5b5d\u4e1c\u8def4\u6bb5235\u53f710\u697c106,\u53f0\u6e7e (R.O.C.)<\/p>\n<p style=\"margin-bottom: 5px;\"><span style=\"font-size: 95%;\"><i class=\"fas fa-globe\"><\/i> : www.solutions.com.vn<\/span><\/p>\n<p style=\"margin-bottom: 5px;\"><span style=\"font-size: 95%;\"><i class=\"fas fa-envelope-open\"><\/i> : jacob.shei@solutions.com.vn<\/span><\/p>\n<p style=\"margin-bottom: 5px;\"><span style=\"font-size: 95%;\"><i class=\"fas fa-phone\"><\/i> : (+886) 918 58 96 68 &#8211; (+84) 356 80 54 00<\/span><\/p>\n<div class=\"row\"  id=\"row-1009701255\">\n\n\t<div id=\"col-761798850\" class=\"col box-footer small-12 large-12\"  >\n\t\t\t\t<div class=\"col-inner text-center\"  >\n\t\t\t\n\t\t\t\n\t\t<\/div>\n\t\t\t\t\t<\/div>\n\n\t\n<\/div>\n\t\t<\/div>\n\t\t\t\t\t<\/div>\n\n\t\n\n\t<div id=\"col-1579810572\" class=\"col form-lienhe medium-5 small-12 large-5\"  >\n\t\t\t\t<div class=\"col-inner\"  >\n\t\t\t\n\t\t\t\n\t<div class=\"box has-hover   has-hover box-text-bottom\" >\n\n\t\t<div class=\"box-image\" style=\"width:50%;\">\n\t\t\t\t\t\t<div class=\"\" >\n\t\t\t\t<img loading=\"lazy\" decoding=\"async\" width=\"560\" height=\"578\" src=\"https:\/\/solutions.com.vn\/wp-content\/uploads\/2025\/07\/Petroland_Tower-0309-L-Copy.png\" class=\"attachment- size-\" alt=\"\" srcset=\"https:\/\/solutions.com.vn\/wp-content\/uploads\/2025\/07\/Petroland_Tower-0309-L-Copy.png 560w, https:\/\/solutions.com.vn\/wp-content\/uploads\/2025\/07\/Petroland_Tower-0309-L-Copy-291x300.png 291w\" sizes=\"auto, (max-width: 560px) 100vw, 560px\" \/>\t\t\t\t\t\t\t\t\t\t\t<\/div>\n\t\t\t\t\t<\/div>\n\n\t\t<div class=\"box-text text-center\" >\n\t\t\t<div class=\"box-text-inner\">\n\t\t\t\t\n\t\t\t<\/div>\n\t\t<\/div>\n\t<\/div>\n\t\n\t\t<\/div>\n\t\t\t\t\t<\/div>\n\n\t\n<\/div>\n\t\t<\/div>\n\n\t\t\n<style>\n#section_543919891 {\n  padding-top: 30px;\n  padding-bottom: 30px;\n}\n#section_543919891 .ux-shape-divider--top svg {\n  height: 150px;\n  --divider-top-width: 100%;\n}\n#section_543919891 .ux-shape-divider--bottom svg {\n  height: 150px;\n  --divider-width: 100%;\n}\n<\/style>\n\t<\/section>\n\t\n<p><iframe loading=\"lazy\" style=\"border: 0;\" src=\"https:\/\/www.google.com\/maps\/embed?pb=!1m18!1m12!1m3!1d980.0164442363774!2d106.72335204026331!3d10.729410208841202!2m3!1f0!2f0!3f0!3m2!1i1024!2i768!4f13.1!3m3!1m2!1s0x317526778572b25f%3A0xccf5f593798f6286!2sSOLUTIONS%20Construction!5e0!3m2!1sen!2s!4v1725676094068!5m2!1sen!2s\" width=\"100%\" height=\"650\" frameborder=\"0\" allowfullscreen=\"allowfullscreen\"><\/iframe><\/p>\n","protected":false},"excerpt":{"rendered":"","protected":false},"author":2,"featured_media":11580,"parent":0,"menu_order":30,"comment_status":"closed","ping_status":"closed","template":"page-blank.php","meta":{"inline_featured_image":false,"footnotes":""},"class_list":["post-4073","page","type-page","status-publish","has-post-thumbnail","hentry"],"acf":[],"_links":{"self":[{"href":"https:\/\/solutions.com.vn\/zh-hans\/wp-json\/wp\/v2\/pages\/4073","targetHints":{"allow":["GET"]}}],"collection":[{"href":"https:\/\/solutions.com.vn\/zh-hans\/wp-json\/wp\/v2\/pages"}],"about":[{"href":"https:\/\/solutions.com.vn\/zh-hans\/wp-json\/wp\/v2\/types\/page"}],"author":[{"embeddable":true,"href":"https:\/\/solutions.com.vn\/zh-hans\/wp-json\/wp\/v2\/users\/2"}],"replies":[{"embeddable":true,"href":"https:\/\/solutions.com.vn\/zh-hans\/wp-json\/wp\/v2\/comments?post=4073"}],"version-history":[{"count":19,"href":"https:\/\/solutions.com.vn\/zh-hans\/wp-json\/wp\/v2\/pages\/4073\/revisions"}],"predecessor-version":[{"id":14660,"href":"https:\/\/solutions.com.vn\/zh-hans\/wp-json\/wp\/v2\/pages\/4073\/revisions\/14660"}],"wp:featuredmedia":[{"embeddable":true,"href":"https:\/\/solutions.com.vn\/zh-hans\/wp-json\/wp\/v2\/media\/11580"}],"wp:attachment":[{"href":"https:\/\/solutions.com.vn\/zh-hans\/wp-json\/wp\/v2\/media?parent=4073"}],"curies":[{"name":"wp","href":"https:\/\/api.w.org\/{rel}","templated":true}]}}