{"id":4071,"date":"2019-04-12T10:44:02","date_gmt":"2019-04-12T03:44:02","guid":{"rendered":"http:\/\/solution.wbc.vn\/trang-tuyen-dung\/"},"modified":"2025-07-31T16:56:20","modified_gmt":"2025-07-31T09:56:20","slug":"trang-tuyen-dung","status":"publish","type":"page","link":"https:\/\/solutions.com.vn\/zh-hans\/trang-tuyen-dung\/","title":{"rendered":"Career solutions"},"content":{"rendered":"\t<section class=\"section\" id=\"section_1946699921\">\n\t\t<div class=\"bg section-bg fill bg-fill  \" >\n\n\t\t\t\n\t\t\t<div class=\"section-bg-overlay absolute fill\"><\/div>\n\t\t\t\n\n\t\t<\/div>\n\n\t\t\n\n\t\t<div class=\"section-content relative\">\n\t\t\t\n<h1 style=\"text-align: center; margin-bottom: 5px;\"><span style=\"font-size: 33.696px; color: #ffffff;\">\u804c\u4f4d<\/span><\/h1>\n<p style=\"text-align: center;\"><img loading=\"lazy\" decoding=\"async\" class=\"size-full wp-image-29 aligncenter\" src=\"https:\/\/solutions.com.vn\/wp-content\/uploads\/2019\/02\/line-title.png\" alt=\"\" width=\"50\" height=\"20\" \/><\/p>\n<p style=\"text-align: center; margin: 0; text-transform: uppercase;\"><a href=\"https:\/\/solutions.com.vn\/zh-hans\/\"><span style=\"color: #ffffff;\">\u4e3b\u9875<\/span>\u00a0<\/a>\/<span style=\"font-size: 95%;\"> <a href=\"https:\/\/solutions.com.vn\/zh-hans\/about\/quy-tac-ung-xu\/\"><span style=\"color: #d83131;\"><span style=\"color: #ffffff;\">\u4eba\u624d\u62db\u8058<\/span>\u00a0\/ <span style=\"color: #ed1c24;\"><strong>\u804c\u4f4d<\/strong><\/span><\/span><\/a><\/span><\/p>\n\t\t<\/div>\n\n\t\t\n<style>\n#section_1946699921 {\n  padding-top: 75px;\n  padding-bottom: 75px;\n}\n#section_1946699921 .section-bg-overlay {\n  background-color: rgba(0, 0, 0, 0.51);\n}\n#section_1946699921 .section-bg.bg-loaded {\n  background-image: url(https:\/\/solutions.com.vn\/wp-content\/uploads\/2019\/03\/NATIC_SmallBanner_CareerOpportunities-1-1-copy.png);\n}\n#section_1946699921 .section-bg {\n  background-position: 9% 0%;\n}\n#section_1946699921 .ux-shape-divider--top svg {\n  height: 150px;\n  --divider-top-width: 100%;\n}\n#section_1946699921 .ux-shape-divider--bottom svg {\n  height: 150px;\n  --divider-width: 100%;\n}\n<\/style>\n\t<\/section>\n\t\n<div class=\"row\"  id=\"row-1618538905\">\n\n\t<div id=\"col-852387468\" class=\"col medium-8 small-12 large-8\"  >\n\t\t\t\t<div class=\"col-inner\"  >\n\t\t\t\n\t\t\t\n<div class=\"accordion\">\n<div id=\"accordion-3586112487\" class=\"accordion-item\"><a id=\"accordion-3586112487-label\" href=\"#\" class=\"accordion-title plain\" aria-expanded=\"false\" aria-controls=\"accordion-3586112487-content\"><button class=\"toggle\" aria-label=\"Toggle\"><i class=\"icon-angle-down\"><\/i><\/button><span>Gi\u00e1m \u0111\u1ed1c t\u00e0i ch\u00ednh<\/span><\/a><div id=\"accordion-3586112487-content\" class=\"accordion-inner\" aria-labelledby=\"accordion-3586112487-label\">\n<p><strong>M\u00d4 T\u1ea2 C\u00d4NG VI\u1ec6C<\/strong><\/p>\n<p>&#8211; T\u00ecm ki\u1ebfm v\u00e0 ph\u00e2n t\u00edch kh\u00e1ch h\u00e0ng ti\u1ec1m n\u0103ng.<br \/>\n&#8211; Ph\u1ed1i h\u1ee3p v\u1edbi BOD \u0111\u1ec3 t\u00ecm ki\u1ebfm v\u00e0 giao ti\u1ebfp v\u1edbi c\u00e1c kh\u00e1ch h\u00e0ng ti\u1ec1m n\u0103ng.<br \/>\n&#8211; Chu\u1ea9n b\u1ecb \/ \u0111\u00e1nh gi\u00e1 \u0111\u1eb7c \u0111i\u1ec3m k\u1ef9 thu\u1eadt cho m\u1ed7i g\u00f3i th\u1ea7u.<\/p>\n<p><strong>Y\u00caU C\u1ea6U C\u00d4NG VI\u1ec6C<\/strong><\/p>\n<p>&#8211; \u00cdt nh\u1ea5t 8 n\u0103m kinh nghi\u1ec7m trong s\u1ef1 nghi\u1ec7p \u0111\u1ea5u th\u1ea7u<br \/>\n&#8211; B\u1eb1ng c\u1eed nh\u00e2n v\u1ec1 x\u00e2y d\u1ef1ng &#8211; K\u1ef9 n\u0103ng giao ti\u1ebfp t\u1ed1t b\u1eb1ng ti\u1ebfng Anh<br \/>\n&#8211; K\u1ef9 n\u0103ng l\u00e3nh \u0111\u1ea1o v\u00e0 l\u1eadp k\u1ebf ho\u1ea1ch &#8211; Ki\u1ebfn th\u1ee9c v\u1ec1 th\u1ecb tr\u01b0\u1eddng x\u00e2y d\u1ef1ng<br \/>\n&#8211; Ki\u1ebfn th\u1ee9c v\u1ec1 h\u1ee3p \u0111\u1ed3ng \/ \u0111\u1ea5u th\u1ea7u trong kinh doanh x\u00e2y d\u1ef1ng<br \/>\n&#8211; C\u00f3 kh\u1ea3 n\u0103ng l\u00e0m vi\u1ec7c d\u01b0\u1edbi \u00e1p l\u1ef1c cao<br \/>\n&#8211; Tr\u00ecnh \u0111\u1ed9 tin h\u1ecdc<br \/>\n&#8211; Minh b\u1ea1ch, t\u00edch h\u1ee3p v\u00e0 cam k\u1ebft<\/p>\n<\/div><\/div>\n<div id=\"accordion-621852516\" class=\"accordion-item\"><a id=\"accordion-621852516-label\" href=\"#\" class=\"accordion-title plain\" aria-expanded=\"false\" aria-controls=\"accordion-621852516-content\"><button class=\"toggle\" aria-label=\"Toggle\"><i class=\"icon-angle-down\"><\/i><\/button><span>Accordion Item 2 Title<\/span><\/a><div id=\"accordion-621852516-content\" class=\"accordion-inner\" aria-labelledby=\"accordion-621852516-label\">\n<\/div><\/div>\n<div id=\"accordion-1110997968\" class=\"accordion-item\"><a id=\"accordion-1110997968-label\" href=\"#\" class=\"accordion-title plain\" aria-expanded=\"false\" aria-controls=\"accordion-1110997968-content\"><button class=\"toggle\" aria-label=\"Toggle\"><i class=\"icon-angle-down\"><\/i><\/button><span>Accordion Item 3 Title<\/span><\/a><div id=\"accordion-1110997968-content\" class=\"accordion-inner\" aria-labelledby=\"accordion-1110997968-label\">\n<\/div><\/div>\n<\/div>\n\t\t<\/div>\n\t\t\t\t\t<\/div>\n\n\t\n\n\t<div id=\"col-809191559\" class=\"col medium-4 small-12 large-4\"  >\n\t\t\t\t<div class=\"col-inner\"  >\n\t\t\t\n\t\t\t\n\n<div class=\"wpcf7 no-js\" id=\"wpcf7-f13221-o1\" lang=\"zh-CN\" dir=\"ltr\" data-wpcf7-id=\"13221\">\n<div class=\"screen-reader-response\"><p role=\"status\" aria-live=\"polite\" aria-atomic=\"true\"><\/p> <ul><\/ul><\/div>\n<form action=\"\/zh-hans\/wp-json\/wp\/v2\/pages\/4071#wpcf7-f13221-o1\" method=\"post\" class=\"wpcf7-form init\" aria-label=\"\u7559\u8a00\u8868\u5355\" enctype=\"multipart\/form-data\" novalidate=\"novalidate\" data-status=\"init\">\n<fieldset class=\"hidden-fields-container\"><input type=\"hidden\" name=\"_wpcf7\" value=\"13221\" \/><input type=\"hidden\" name=\"_wpcf7_version\" value=\"6.1.5\" \/><input type=\"hidden\" name=\"_wpcf7_locale\" value=\"zh_CN\" \/><input type=\"hidden\" name=\"_wpcf7_unit_tag\" value=\"wpcf7-f13221-o1\" \/><input type=\"hidden\" name=\"_wpcf7_container_post\" value=\"0\" \/><input type=\"hidden\" name=\"_wpcf7_posted_data_hash\" value=\"\" \/><input type=\"hidden\" name=\"_wpcf7_recaptcha_response\" value=\"\" \/>\n<\/fieldset>\n<p><label>H\u1ecd v\u00e0 t\u00ean (*)<br \/>\n<span class=\"wpcf7-form-control-wrap\" data-name=\"your-name\"><input size=\"40\" maxlength=\"400\" class=\"wpcf7-form-control wpcf7-text wpcf7-validates-as-required\" aria-required=\"true\" aria-invalid=\"false\" placeholder=\"Nguy\u1ec5n V\u0103n A\" value=\"\" type=\"text\" name=\"your-name\" \/><\/span><br \/>\n<\/label>\n<\/p>\n<p><label>Email li\u00ean h\u1ec7 (*)<br \/>\n<span class=\"wpcf7-form-control-wrap\" data-name=\"your-email\"><input size=\"40\" maxlength=\"400\" class=\"wpcf7-form-control wpcf7-email wpcf7-validates-as-required wpcf7-text wpcf7-validates-as-email\" aria-required=\"true\" aria-invalid=\"false\" placeholder=\"example@gmail.com\" value=\"\" type=\"email\" name=\"your-email\" \/><\/span><br \/>\n<\/label>\n<\/p>\n<p><label>S\u1ed1 \u0111i\u1ec7n tho\u1ea1i<br \/>\n<span class=\"wpcf7-form-control-wrap\" data-name=\"your-phone\"><input size=\"40\" maxlength=\"400\" class=\"wpcf7-form-control wpcf7-tel wpcf7-text wpcf7-validates-as-tel\" aria-invalid=\"false\" placeholder=\"0901 xxx xxx\" value=\"\" type=\"tel\" name=\"your-phone\" \/><\/span><br \/>\n<\/label>\n<\/p>\n<p><label>V\u1ecb tr\u00ed \u1ee9ng tuy\u1ec3n (*)<br \/>\n<span class=\"wpcf7-form-control-wrap\" data-name=\"your-position\"><input size=\"40\" maxlength=\"400\" class=\"wpcf7-form-control wpcf7-text wpcf7-validates-as-required\" aria-required=\"true\" aria-invalid=\"false\" placeholder=\"V\u1ecb tr\u00ed \u1ee9ng tuy\u1ec3n\" value=\"\" type=\"text\" name=\"your-position\" \/><\/span><br \/>\n<\/label>\n<\/p>\n<p><label>Th\u01b0 gi\u1edbi thi\u1ec7u \/ Ghi ch\u00fa<br \/>\n<span class=\"wpcf7-form-control-wrap\" data-name=\"your-message\"><textarea cols=\"40\" rows=\"10\" maxlength=\"2000\" class=\"wpcf7-form-control wpcf7-textarea\" aria-invalid=\"false\" placeholder=\"Gi\u1edbi thi\u1ec7u ng\u1eafn g\u1ecdn v\u1ec1 b\u1ea3n th\u00e2n ho\u1eb7c \u0111\u1eb7t c\u00e2u h\u1ecfi cho b\u1ed9 ph\u1eadn tuy\u1ec3n d\u1ee5ng...\" name=\"your-message\"><\/textarea><\/span><br \/>\n<\/label>\n<\/p>\n<p><label>\u0110\u00ednh k\u00e8m CV (PDF, DOC, DOCX)<br \/>\n<span class=\"wpcf7-form-control-wrap\" data-name=\"your-cv\"><input size=\"40\" class=\"wpcf7-form-control wpcf7-file\" accept=\".pdf,.doc,.docx\" aria-invalid=\"false\" type=\"file\" name=\"your-cv\" \/><\/span><br \/>\n<\/label>\n<\/p>\n<p><input class=\"wpcf7-form-control wpcf7-submit has-spinner\" type=\"submit\" value=\"G\u1eedi h\u1ed3 s\u01a1 \u1ee9ng tuy\u1ec3n\" \/>\n<\/p><div class=\"wpcf7-response-output\" aria-hidden=\"true\"><\/div>\n<\/form>\n<\/div>\n\n\t\t<\/div>\n\t\t\t\t\t<\/div>\n\n\t\n<\/div>\n","protected":false},"excerpt":{"rendered":"","protected":false},"author":2,"featured_media":10994,"parent":0,"menu_order":79,"comment_status":"closed","ping_status":"closed","template":"template-nghe-nghiep.php","meta":{"inline_featured_image":false,"footnotes":""},"class_list":["post-4071","page","type-page","status-publish","has-post-thumbnail","hentry"],"acf":[],"_links":{"self":[{"href":"https:\/\/solutions.com.vn\/zh-hans\/wp-json\/wp\/v2\/pages\/4071","targetHints":{"allow":["GET"]}}],"collection":[{"href":"https:\/\/solutions.com.vn\/zh-hans\/wp-json\/wp\/v2\/pages"}],"about":[{"href":"https:\/\/solutions.com.vn\/zh-hans\/wp-json\/wp\/v2\/types\/page"}],"author":[{"embeddable":true,"href":"https:\/\/solutions.com.vn\/zh-hans\/wp-json\/wp\/v2\/users\/2"}],"replies":[{"embeddable":true,"href":"https:\/\/solutions.com.vn\/zh-hans\/wp-json\/wp\/v2\/comments?post=4071"}],"version-history":[{"count":4,"href":"https:\/\/solutions.com.vn\/zh-hans\/wp-json\/wp\/v2\/pages\/4071\/revisions"}],"predecessor-version":[{"id":13229,"href":"https:\/\/solutions.com.vn\/zh-hans\/wp-json\/wp\/v2\/pages\/4071\/revisions\/13229"}],"wp:featuredmedia":[{"embeddable":true,"href":"https:\/\/solutions.com.vn\/zh-hans\/wp-json\/wp\/v2\/media\/10994"}],"wp:attachment":[{"href":"https:\/\/solutions.com.vn\/zh-hans\/wp-json\/wp\/v2\/media?parent=4071"}],"curies":[{"name":"wp","href":"https:\/\/api.w.org\/{rel}","templated":true}]}}