{"id":4069,"date":"2019-04-17T14:18:10","date_gmt":"2019-04-17T07:18:10","guid":{"rendered":"http:\/\/solution.wbc.vn\/core-business\/"},"modified":"2019-04-17T14:18:10","modified_gmt":"2019-04-17T07:18:10","slug":"core-business","status":"publish","type":"page","link":"https:\/\/solutions.com.vn\/zh-hans\/about\/core-business\/","title":{"rendered":"Core business"},"content":{"rendered":"\t<section class=\"section\" id=\"section_717763973\">\n\t\t<div class=\"bg section-bg fill bg-fill  \" >\n\n\t\t\t\n\t\t\t<div class=\"section-bg-overlay absolute fill\"><\/div>\n\t\t\t\n\n\t\t<\/div>\n\n\t\t\n\n\t\t<div class=\"section-content relative\">\n\t\t\t\n<div class=\"row row-collapse\"  id=\"row-367696199\">\n\n\t<div id=\"col-1219826641\" class=\"col small-12 large-12\"  >\n\t\t\t\t<div class=\"col-inner text-center dark\"  >\n\t\t\t\n\t\t\t\n<h1 style=\"text-align: center; margin-bottom: 5px;\"><span style=\"font-size: 130%;\">C\u1ed0T L\u00d5I KINH DOANH<\/span><\/h1>\n<p><img loading=\"lazy\" decoding=\"async\" class=\"size-full wp-image-29 aligncenter\" src=\"https:\/\/solutions.com.vn\/wp-content\/uploads\/2019\/02\/line-title.png\" alt=\"\" width=\"50\" height=\"20\" \/><\/p>\n<p style=\"text-align: center; margin: 0; text-transform: uppercase;\">Trang ch\u1ee7 \/ <a href=\"\/?page_id=1155\"><span style=\"color: #d83131;\"><span style=\"color: #ffffff;\">Gi\u1edbi thi\u1ec7u<\/span><\/span><\/a> \/<span style=\"color: #d83131;\"><a style=\"color: #d83131;\" href=\"\/?page_id=1163\"> C\u1ed0T L\u00d5I KINH DOANH<\/a><\/span><\/p>\n\t\t<\/div>\n\t\t\t\t\t<\/div>\n\n\t\n<\/div>\n\t\t<\/div>\n\n\t\t\n<style>\n#section_717763973 {\n  padding-top: 61px;\n  padding-bottom: 61px;\n}\n#section_717763973 .section-bg-overlay {\n  background-color: rgba(0, 0, 0, 0.67);\n}\n#section_717763973 .section-bg.bg-loaded {\n  background-image: url(https:\/\/solutions.com.vn\/wp-content\/uploads\/2019\/03\/handled_e4a41144-b9ef-4cf0-832f-cf718fc68576_1920_1080_80.jpg);\n}\n#section_717763973 .ux-shape-divider--top svg {\n  height: 150px;\n  --divider-top-width: 100%;\n}\n#section_717763973 .ux-shape-divider--bottom svg {\n  height: 150px;\n  --divider-width: 100%;\n}\n<\/style>\n\t<\/section>\n\t\n\t<section class=\"section\" id=\"section_596559763\">\n\t\t<div class=\"bg section-bg fill bg-fill  bg-loaded\" >\n\n\t\t\t\n\t\t\t\n\t\t\t\n\n\t\t<\/div>\n\n\t\t\n\n\t\t<div class=\"section-content relative\">\n\t\t\t\n<div class=\"row\"  id=\"row-325364719\">\n\n\t<div id=\"col-2066929830\" class=\"col col-gioithieu small-12 large-12\"  >\n\t\t\t\t<div class=\"col-inner text-left\"  >\n\t\t\t\n\t\t\t\n\n\t\t<div class=\"tabbed-content\">\n\t\t\t\n\t\t\t<ul class=\"nav nav-simple nav-uppercase nav-size-normal nav-left\" role=\"tablist\"><li id=\"tab-t\u1ed4ng-th\u1ea6u\" class=\"tab active has-icon\" role=\"presentation\"><a href=\"#tab_t\u1ed4ng-th\u1ea6u\" role=\"tab\" aria-selected=\"true\" aria-controls=\"tab_t\u1ed4ng-th\u1ea6u\"><span>T\u1ed4NG TH\u1ea6U<\/span><\/a><\/li>\n<li id=\"tab-thi\u1ebet-k\u1ebe-v\u00e0-thi-c\u00f4ng\" class=\"tab has-icon\" role=\"presentation\"><a href=\"#tab_thi\u1ebet-k\u1ebe-v\u00e0-thi-c\u00f4ng\" tabindex=\"-1\" role=\"tab\" aria-selected=\"false\" aria-controls=\"tab_thi\u1ebet-k\u1ebe-v\u00e0-thi-c\u00f4ng\"><span>THI\u1ebeT K\u1ebe v\u00e0 thi c\u00f4ng<\/span><\/a><\/li>\n<li id=\"tab-h\u1ec7-th\u1ed1ng-c\u01a1-\u0111i\u1ec7n\" class=\"tab has-icon\" role=\"presentation\"><a href=\"#tab_h\u1ec7-th\u1ed1ng-c\u01a1-\u0111i\u1ec7n\" tabindex=\"-1\" role=\"tab\" aria-selected=\"false\" aria-controls=\"tab_h\u1ec7-th\u1ed1ng-c\u01a1-\u0111i\u1ec7n\"><span>h\u1ec7 th\u1ed1ng c\u01a1 \u0111i\u1ec7n<\/span><\/a><\/li><\/ul><div class=\"tab-panels\"><div id=\"tab_t\u1ed4ng-th\u1ea6u\" class=\"panel active entry-content\" role=\"tabpanel\" aria-labelledby=\"tab-t\u1ed4ng-th\u1ea6u\">\n<\/div>\n<div id=\"tab_thi\u1ebet-k\u1ebe-v\u00e0-thi-c\u00f4ng\" class=\"panel entry-content\" role=\"tabpanel\" aria-labelledby=\"tab-thi\u1ebet-k\u1ebe-v\u00e0-thi-c\u00f4ng\">\n<h2><strong>THI\u1ebeT K\u1ebe V\u00c0 THI C\u00d4NG<\/p>\n<p><\/strong><\/h2>\n<p>Lorem Ipsum ch\u1ec9 \u0111\u01a1n gi\u1ea3n l\u00e0 m\u1ed9t \u0111o\u1ea1n v\u0103n b\u1ea3n gi\u1ea3, \u0111\u01b0\u1ee3c d\u00f9ng v\u00e0o vi\u1ec7c tr\u00ecnh b\u00e0y v\u00e0 d\u00e0n trang ph\u1ee5c v\u1ee5 cho in \u1ea5n. Lorem Ipsum \u0111\u00e3 \u0111\u01b0\u1ee3c s\u1eed d\u1ee5ng nh\u01b0 m\u1ed9t v\u0103n b\u1ea3n chu\u1ea9n cho ng\u00e0nh c\u00f4ng nghi\u1ec7p in \u1ea5n t\u1eeb nh\u1eefng n\u0103m 1500, khi m\u1ed9t h\u1ecda s\u0129 v\u00f4 danh gh\u00e9p nhi\u1ec1u \u0111o\u1ea1n v\u0103n b\u1ea3n v\u1edbi nhau \u0111\u1ec3 t\u1ea1o th\u00e0nh m\u1ed9t b\u1ea3n m\u1eabu v\u0103n b\u1ea3n. \u0110o\u1ea1n v\u0103n b\u1ea3n n\u00e0y kh\u00f4ng nh\u1eefng \u0111\u00e3 t\u1ed3n t\u1ea1i n\u0103m th\u1ebf k\u1ec9, m\u00e0 khi \u0111\u01b0\u1ee3c \u00e1p d\u1ee5ng v\u00e0o tin h\u1ecdc v\u0103n ph\u00f2ng, n\u1ed9i dung c\u1ee7a n\u00f3 v\u1eabn kh\u00f4ng h\u1ec1 b\u1ecb thay \u0111\u1ed5i. N\u00f3 \u0111\u00e3 \u0111\u01b0\u1ee3c ph\u1ed5 bi\u1ebfn trong nh\u1eefng n\u0103m 1960 nh\u1edd vi\u1ec7c b\u00e1n nh\u1eefng b\u1ea3n gi\u1ea5y Letraset in nh\u1eefng \u0111o\u1ea1n Lorem Ipsum, v\u00e0 g\u1ea7n \u0111\u00e2y h\u01a1n, \u0111\u01b0\u1ee3c s\u1eed d\u1ee5ng trong c\u00e1c \u1ee9ng d\u1ee5ng d\u00e0n trang, nh\u01b0 Aldus PageMaker.<\/p>\n<p>Ch\u00fang ta v\u1eabn bi\u1ebft r\u1eb1ng, l\u00e0m vi\u1ec7c v\u1edbi m\u1ed9t \u0111o\u1ea1n v\u0103n b\u1ea3n d\u1ec5 \u0111\u1ecdc v\u00e0 r\u00f5 ngh\u0129a d\u1ec5 g\u00e2y r\u1ed1i tr\u00ed v\u00e0 c\u1ea3n tr\u1edf vi\u1ec7c t\u1eadp trung v\u00e0o y\u1ebfu t\u1ed1 tr\u00ecnh b\u00e0y v\u0103n b\u1ea3n. Lorem Ipsum c\u00f3 \u01b0u \u0111i\u1ec3m h\u01a1n so v\u1edbi \u0111o\u1ea1n v\u0103n b\u1ea3n ch\u1ec9 g\u1ed3m n\u1ed9i dung ki\u1ec3u &#8220;N\u1ed9i dung, n\u1ed9i dung, n\u1ed9i dung&#8221; l\u00e0 n\u00f3 khi\u1ebfn v\u0103n b\u1ea3n gi\u1ed1ng th\u1eadt h\u01a1n, b\u00ecnh th\u01b0\u1eddng h\u01a1n. Nhi\u1ec1u ph\u1ea7n m\u1ec1m thi\u1ebft k\u1ebf giao di\u1ec7n web v\u00e0 d\u00e0n trang ng\u00e0y nay \u0111\u00e3 s\u1eed d\u1ee5ng Lorem Ipsum l\u00e0m \u0111o\u1ea1n v\u0103n b\u1ea3n gi\u1ea3, v\u00e0 n\u1ebfu b\u1ea1n th\u1eed t\u00ecm c\u00e1c \u0111o\u1ea1n &#8220;Lorem ipsum&#8221; tr\u00ean m\u1ea1ng th\u00ec s\u1ebd kh\u00e1m ph\u00e1 ra nhi\u1ec1u trang web hi\u1ec7n v\u1eabn \u0111ang trong qu\u00e1 tr\u00ecnh x\u00e2y d\u1ef1ng. C\u00f3 nhi\u1ec1u phi\u00ean b\u1ea3n kh\u00e1c nhau \u0111\u00e3 xu\u1ea5t hi\u1ec7n, \u0111\u00f4i khi do v\u00f4 t\u00ecnh, nhi\u1ec1u khi do c\u1ed1 \u00fd (xen th\u00eam v\u00e0o nh\u1eefng c\u00e2u h\u00e0i h\u01b0\u1edbc hay th\u00f4ng t\u1ee5c).<\/p>\n<p><img loading=\"lazy\" decoding=\"async\" class=\"aligncenter wp-image-459 size-full\" src=\"https:\/\/solutions.com.vn\/wp-content\/uploads\/2019\/03\/tk-thicong.png\" alt=\"\" width=\"782\" height=\"480\" srcset=\"https:\/\/solutions.com.vn\/wp-content\/uploads\/2019\/03\/tk-thicong.png 782w, https:\/\/solutions.com.vn\/wp-content\/uploads\/2019\/03\/tk-thicong-300x184.png 300w, https:\/\/solutions.com.vn\/wp-content\/uploads\/2019\/03\/tk-thicong-768x471.png 768w, https:\/\/solutions.com.vn\/wp-content\/uploads\/2019\/03\/tk-thicong-600x368.png 600w\" sizes=\"auto, (max-width: 782px) 100vw, 782px\" \/><\/p>\n<p>Tr\u00e1i v\u1edbi quan \u0111i\u1ec3m chung c\u1ee7a s\u1ed1 \u0111\u00f4ng, Lorem Ipsum kh\u00f4ng ph\u1ea3i ch\u1ec9 l\u00e0 m\u1ed9t \u0111o\u1ea1n v\u0103n b\u1ea3n ng\u1eabu nhi\u00ean. Ng\u01b0\u1eddi ta t\u00ecm th\u1ea5y ngu\u1ed3n g\u1ed1c c\u1ee7a n\u00f3 t\u1eeb nh\u1eefng t\u00e1c ph\u1ea9m v\u0103n h\u1ecdc la-tinh c\u1ed5 \u0111i\u1ec3n xu\u1ea5t hi\u1ec7n t\u1eeb n\u0103m 45 tr\u01b0\u1edbc C\u00f4ng Nguy\u00ean, ngh\u0129a l\u00e0 n\u00f3 \u0111\u00e3 c\u00f3 kho\u1ea3ng h\u01a1n 2000 tu\u1ed5i. M\u1ed9t gi\u00e1o s\u01b0 c\u1ee7a tr\u01b0\u1eddng Hampden-Sydney College (bang Virginia &#8211; M\u1ef9) quan t\u00e2m t\u1edbi m\u1ed9t trong nh\u1eefng t\u1eeb la-tinh kh\u00f3 hi\u1ec3u nh\u1ea5t, &#8220;consectetur&#8221;, tr\u00edch t\u1eeb m\u1ed9t \u0111o\u1ea1n c\u1ee7a Lorem Ipsum, v\u00e0 \u0111\u00e3 nghi\u00ean c\u1ee9u t\u1ea5t c\u1ea3 c\u00e1c \u1ee9ng d\u1ee5ng c\u1ee7a t\u1eeb n\u00e0y trong v\u0103n h\u1ecdc c\u1ed5 \u0111i\u1ec3n, \u0111\u1ec3 t\u1eeb \u0111\u00f3 t\u00ecm ra ngu\u1ed3n g\u1ed1c kh\u00f4ng th\u1ec3 ch\u1ed1i c\u00e3i c\u1ee7a Lorem Ipsum. Th\u1eadt ra, n\u00f3 \u0111\u01b0\u1ee3c t\u00ecm th\u1ea5y trong c\u00e1c \u0111o\u1ea1n 1.10.32 v\u00e0 1.10.33 c\u1ee7a &#8220;De Finibus Bonorum et Malorum&#8221; (\u0110\u1ec9nh t\u1ed1i th\u01b0\u1ee3ng c\u1ee7a C\u00e1i T\u1ed1t v\u00e0 C\u00e1i X\u1ea5u) vi\u1ebft b\u1edfi Cicero v\u00e0o n\u0103m 45 tr\u01b0\u1edbc C\u00f4ng Nguy\u00ean. Cu\u1ed1n s\u00e1ch n\u00e0y l\u00e0 m\u1ed9t lu\u1eadn thuy\u1ebft \u0111\u1ea1o l\u00ed r\u1ea5t ph\u1ed5 bi\u1ebfn trong th\u1eddi k\u00ec Ph\u1ee5c H\u01b0ng. D\u00f2ng \u0111\u1ea7u ti\u00ean c\u1ee7a Lorem Ipsum, &#8220;Lorem ipsum dolor sit amet&#8230;&#8221; \u0111\u01b0\u1ee3c tr\u00edch t\u1eeb m\u1ed9t c\u00e2u trong \u0111o\u1ea1n th\u1ee9 1.10.32.<\/p>\n<\/div>\n<div id=\"tab_h\u1ec7-th\u1ed1ng-c\u01a1-\u0111i\u1ec7n\" class=\"panel entry-content\" role=\"tabpanel\" aria-labelledby=\"tab-h\u1ec7-th\u1ed1ng-c\u01a1-\u0111i\u1ec7n\">\n<\/div><\/div><\/div>\n\t\t<\/div>\n\t\t\t\t\t<\/div>\n\n\t\n<\/div>\n\t\t<\/div>\n\n\t\t\n<style>\n#section_596559763 {\n  padding-top: 30px;\n  padding-bottom: 30px;\n}\n#section_596559763 .ux-shape-divider--top svg {\n  height: 150px;\n  --divider-top-width: 100%;\n}\n#section_596559763 .ux-shape-divider--bottom svg {\n  height: 150px;\n  --divider-width: 100%;\n}\n<\/style>\n\t<\/section>\n\t\n","protected":false},"excerpt":{"rendered":"","protected":false},"author":2,"featured_media":0,"parent":4070,"menu_order":15,"comment_status":"closed","ping_status":"closed","template":"","meta":{"inline_featured_image":false,"footnotes":""},"class_list":["post-4069","page","type-page","status-publish","hentry"],"acf":[],"_links":{"self":[{"href":"https:\/\/solutions.com.vn\/zh-hans\/wp-json\/wp\/v2\/pages\/4069","targetHints":{"allow":["GET"]}}],"collection":[{"href":"https:\/\/solutions.com.vn\/zh-hans\/wp-json\/wp\/v2\/pages"}],"about":[{"href":"https:\/\/solutions.com.vn\/zh-hans\/wp-json\/wp\/v2\/types\/page"}],"author":[{"embeddable":true,"href":"https:\/\/solutions.com.vn\/zh-hans\/wp-json\/wp\/v2\/users\/2"}],"replies":[{"embeddable":true,"href":"https:\/\/solutions.com.vn\/zh-hans\/wp-json\/wp\/v2\/comments?post=4069"}],"version-history":[{"count":0,"href":"https:\/\/solutions.com.vn\/zh-hans\/wp-json\/wp\/v2\/pages\/4069\/revisions"}],"up":[{"embeddable":true,"href":"https:\/\/solutions.com.vn\/zh-hans\/wp-json\/wp\/v2\/pages\/4070"}],"wp:attachment":[{"href":"https:\/\/solutions.com.vn\/zh-hans\/wp-json\/wp\/v2\/media?parent=4069"}],"curies":[{"name":"wp","href":"https:\/\/api.w.org\/{rel}","templated":true}]}}