{"id":531,"date":"2019-03-14T13:13:32","date_gmt":"2019-03-14T06:13:32","guid":{"rendered":"http:\/\/solution.wbc.vn\/?page_id=531"},"modified":"2026-03-23T10:00:25","modified_gmt":"2026-03-23T03:00:25","slug":"lien-he","status":"publish","type":"page","link":"https:\/\/solutions.com.vn\/vi\/lien-he\/","title":{"rendered":"Li\u00ean h\u1ec7"},"content":{"rendered":"\t<section class=\"section\" id=\"section_1675787574\">\n\t\t<div class=\"bg section-bg fill bg-fill  bg-loaded\" >\n\n\t\t\t\n\t\t\t\n\t\t\t\n\n\t\t<\/div>\n\n\t\t\n\n\t\t<div class=\"section-content relative\">\n\t\t\t\n<div class=\"row\"  id=\"row-655428866\">\n\n\t<div id=\"col-414997734\" class=\"col box-footer medium-7 small-12 large-7\"  >\n\t\t\t\t<div class=\"col-inner\"  >\n\t\t\t\n\t\t\t\n\t<div class=\"img has-hover x md-x lg-x y md-y lg-y\" id=\"image_1444451925\">\n\t\t\t\t\t\t\t\t<div class=\"img-inner dark\" >\n\t\t\t<img loading=\"lazy\" decoding=\"async\" width=\"1864\" height=\"679\" src=\"https:\/\/solutions.com.vn\/wp-content\/uploads\/2019\/04\/Solutions-d\u00e3-x\u00f3a-ph\u00f4ng.png\" class=\"attachment-original size-original\" alt=\"\" srcset=\"https:\/\/solutions.com.vn\/wp-content\/uploads\/2019\/04\/Solutions-d\u00e3-x\u00f3a-ph\u00f4ng.png 1864w, https:\/\/solutions.com.vn\/wp-content\/uploads\/2019\/04\/Solutions-d\u00e3-x\u00f3a-ph\u00f4ng-300x109.png 300w, https:\/\/solutions.com.vn\/wp-content\/uploads\/2019\/04\/Solutions-d\u00e3-x\u00f3a-ph\u00f4ng-768x280.png 768w, https:\/\/solutions.com.vn\/wp-content\/uploads\/2019\/04\/Solutions-d\u00e3-x\u00f3a-ph\u00f4ng-1024x373.png 1024w\" sizes=\"auto, (max-width: 1864px) 100vw, 1864px\" \/>\t\t\t\t\t\t\n\t\t\t\t\t<\/div>\n\t\t\t\t\t\t\t\t\n<style>\n#image_1444451925 {\n  width: 40%;\n}\n<\/style>\n\t<\/div>\n\t\n<div class=\"row\"  id=\"row-269362531\">\n\n\t<div id=\"col-1501400203\" class=\"col box-footer small-12 large-12\"  >\n\t\t\t\t<div class=\"col-inner\"  >\n\t\t\t\n\t\t\t\n<p><span style=\"color: #0f4291; font-size: 120%;\"><strong>\u00a0TH\u00d4NG TIN LI\u00caN H\u1ec6<\/strong><\/span><\/p>\n<p style=\"margin-bottom: 5px;\"><strong>VI\u1ec6T NAM<\/strong><br \/><i class=\"fas fa-map-marker-alt\"><\/i><span style=\"font-size: 95%;\">\u00a0: T\u1ea7ng 23 T\u00f2a nh\u00e0 Victory, 12 T\u00e2n Tr\u00e0o, P. T\u00e2n M\u1ef9, TP. HCM<\/span><\/p>\n<p style=\"margin-bottom: 5px;\"><i class=\"fas fa-map-marker-alt\"><\/i><span style=\"font-size: 95%;\">\u00a0: 137 Ph\u1ea1m Ph\u00fa Ti\u1ebft, P. C\u1ea9m L\u1ec7, TP. \u0110\u00e0 N\u1eb5ng<\/span><\/p>\n<p style=\"margin-bottom: 5px;\"><i class=\"fas fa-map-marker-alt\"><\/i><span style=\"font-size: 95%;\">\u00a0: T\u1ea7ng 7, Spaces Belvedere, 28A Tr\u1ea7n H\u01b0ng \u0110\u1ea1o, P. C\u1eeda Nam, TP. H\u00e0 N\u1ed9i<\/span><\/p>\n<p style=\"margin-bottom: 5px;\"><span style=\"font-size: 95%;\"><i class=\"fas fa-globe\"><\/i> : www.solutions.com.vn<\/span><\/p>\n<p style=\"margin-bottom: 5px;\"><span style=\"font-size: 95%;\"><i class=\"fas fa-envelope-open\"><\/i> : info@solutions.com.vn<\/span><\/p>\n<p style=\"margin-bottom: 5px;\"><span style=\"font-size: 95%;\"><i class=\"fas fa-phone\"><\/i> : (+84) (28) 54 103 104<\/span><\/p>\n<p>\u00a0<\/p>\n<p style=\"margin-bottom: 5px;\"><strong>\u0110\u00c0I LOAN<\/strong><\/p>\n<p style=\"margin-bottom: 5px;\"><i class=\"fas fa-map-marker-alt\"><\/i> : T\u1ea7ng 10 S\u1ed1 235 Khu 4 Trung Hi\u1ebfu \u0110\u00f4ng, Q. \u0110\u1ea1i An, TP. \u0110\u00e0i B\u1eafc, \u0110\u00e0i Loan (R.O.C.)<\/p>\n<p style=\"margin-bottom: 5px;\"><span style=\"font-size: 95%;\"><i class=\"fas fa-globe\"><\/i> : www.solutions.com.vn<\/span><\/p>\n<p style=\"margin-bottom: 5px;\"><span style=\"font-size: 95%;\"><i class=\"fas fa-envelope-open\"><\/i> : jacob.shei@solutions.com.vn<\/span><\/p>\n<p style=\"margin-bottom: 5px;\"><span style=\"font-size: 95%;\"><i class=\"fas fa-phone\"><\/i> : (+886) 918 58 96 68 &#8211; (+84) 356 80 54 00<\/span><\/p>\n\t\t<\/div>\n\t\t\t\t\t<\/div>\n\n\t\n\n\t<div id=\"col-1586279982\" class=\"col box-footer small-12 large-12\"  >\n\t\t\t\t<div class=\"col-inner text-center\"  >\n\t\t\t\n\t\t\t\n\t\t<\/div>\n\t\t\t\t\t<\/div>\n\n\t\n<\/div>\n\t\t<\/div>\n\t\t\t\t\t<\/div>\n\n\t\n\n\t<div id=\"col-1387326379\" class=\"col form-lienhe medium-5 small-12 large-5\"  >\n\t\t\t\t<div class=\"col-inner\"  >\n\t\t\t\n\t\t\t\n\t<div class=\"box has-hover   has-hover box-text-bottom\" >\n\n\t\t<div class=\"box-image\" style=\"width:50%;\">\n\t\t\t\t\t\t<div class=\"\" >\n\t\t\t\t<img loading=\"lazy\" decoding=\"async\" width=\"560\" height=\"578\" src=\"https:\/\/solutions.com.vn\/wp-content\/uploads\/2025\/07\/Petroland_Tower-0309-L-Copy.png\" class=\"attachment- size-\" alt=\"\" srcset=\"https:\/\/solutions.com.vn\/wp-content\/uploads\/2025\/07\/Petroland_Tower-0309-L-Copy.png 560w, https:\/\/solutions.com.vn\/wp-content\/uploads\/2025\/07\/Petroland_Tower-0309-L-Copy-291x300.png 291w\" sizes=\"auto, (max-width: 560px) 100vw, 560px\" \/>\t\t\t\t\t\t\t\t\t\t\t<\/div>\n\t\t\t\t\t<\/div>\n\n\t\t<div class=\"box-text text-center\" >\n\t\t\t<div class=\"box-text-inner\">\n\t\t\t\t\n\t\t\t<\/div>\n\t\t<\/div>\n\t<\/div>\n\t\n\t\t<\/div>\n\t\t\t\t\t<\/div>\n\n\t\n<\/div>\n\t\t<\/div>\n\n\t\t\n<style>\n#section_1675787574 {\n  padding-top: 30px;\n  padding-bottom: 30px;\n}\n#section_1675787574 .ux-shape-divider--top svg {\n  height: 150px;\n  --divider-top-width: 100%;\n}\n#section_1675787574 .ux-shape-divider--bottom svg {\n  height: 150px;\n  --divider-width: 100%;\n}\n<\/style>\n\t<\/section>\n\t\n<p><iframe loading=\"lazy\" style=\"border: 0;\" src=\"https:\/\/www.google.com\/maps\/embed?pb=!1m18!1m12!1m3!1d980.0164442363774!2d106.72335204026331!3d10.729410208841202!2m3!1f0!2f0!3f0!3m2!1i1024!2i768!4f13.1!3m3!1m2!1s0x317526778572b25f%3A0xccf5f593798f6286!2sSOLUTIONS%20Construction!5e0!3m2!1sen!2s!4v1725676094068!5m2!1sen!2s\" width=\"100%\" height=\"650\" frameborder=\"0\" allowfullscreen=\"allowfullscreen\"><\/iframe><\/p>\n","protected":false},"excerpt":{"rendered":"","protected":false},"author":2,"featured_media":11581,"parent":0,"menu_order":30,"comment_status":"closed","ping_status":"closed","template":"page-blank.php","meta":{"inline_featured_image":false,"footnotes":""},"class_list":["post-531","page","type-page","status-publish","has-post-thumbnail","hentry"],"acf":[],"_links":{"self":[{"href":"https:\/\/solutions.com.vn\/vi\/wp-json\/wp\/v2\/pages\/531","targetHints":{"allow":["GET"]}}],"collection":[{"href":"https:\/\/solutions.com.vn\/vi\/wp-json\/wp\/v2\/pages"}],"about":[{"href":"https:\/\/solutions.com.vn\/vi\/wp-json\/wp\/v2\/types\/page"}],"author":[{"embeddable":true,"href":"https:\/\/solutions.com.vn\/vi\/wp-json\/wp\/v2\/users\/2"}],"replies":[{"embeddable":true,"href":"https:\/\/solutions.com.vn\/vi\/wp-json\/wp\/v2\/comments?post=531"}],"version-history":[{"count":56,"href":"https:\/\/solutions.com.vn\/vi\/wp-json\/wp\/v2\/pages\/531\/revisions"}],"predecessor-version":[{"id":14661,"href":"https:\/\/solutions.com.vn\/vi\/wp-json\/wp\/v2\/pages\/531\/revisions\/14661"}],"wp:featuredmedia":[{"embeddable":true,"href":"https:\/\/solutions.com.vn\/vi\/wp-json\/wp\/v2\/media\/11581"}],"wp:attachment":[{"href":"https:\/\/solutions.com.vn\/vi\/wp-json\/wp\/v2\/media?parent=531"}],"curies":[{"name":"wp","href":"https:\/\/api.w.org\/{rel}","templated":true}]}}