{"id":527,"date":"2019-03-14T13:05:04","date_gmt":"2019-03-14T06:05:04","guid":{"rendered":"http:\/\/solution.wbc.vn\/?page_id=527"},"modified":"2025-09-24T16:44:17","modified_gmt":"2025-09-24T09:44:17","slug":"vi-sao-chon-solution","status":"publish","type":"page","link":"https:\/\/solutions.com.vn\/vi\/tuyen-dung\/vi-sao-chon-solution\/","title":{"rendered":"V\u00ec sao ch\u1ecdn Solutions?"},"content":{"rendered":"\t<section class=\"section\" id=\"section_1347465503\">\n\t\t<div class=\"bg section-bg fill bg-fill  \" >\n\n\t\t\t\n\t\t\t\n\t\t\t\n\n\t\t<\/div>\n\n\t\t\n\n\t\t<div class=\"section-content relative\">\n\t\t\t\n<div class=\"row\"  id=\"row-703647391\">\n\n\t<div id=\"col-769680199\" class=\"col medium-7 small-12 large-7\"  >\n\t\t\t\t<div class=\"col-inner\"  >\n\t\t\t\n\t\t\t\n\n  <div class=\"banner has-hover\" id=\"banner-2112809500\">\n          <div class=\"banner-inner fill\">\n        <div class=\"banner-bg fill\" >\n            <div class=\"bg fill bg-fill \"><\/div>\n                                    \n                    <\/div>\n\t\t\n        <div class=\"banner-layers container\">\n            <div class=\"fill banner-link\"><\/div>            \n   <div id=\"text-box-521162005\" class=\"text-box banner-layer x50 md-x50 lg-x50 y50 md-y50 lg-y50 res-text\">\n                                <div class=\"text-box-content text dark\">\n              \n              <div class=\"text-inner text-center\">\n                  \n              <\/div>\n           <\/div>\n                            \n<style>\n#text-box-521162005 {\n  width: 60%;\n}\n#text-box-521162005 .text-box-content {\n  font-size: 100%;\n}\n<\/style>\n    <\/div>\n \n        <\/div>\n      <\/div>\n\n            \n<style>\n#banner-2112809500 {\n  padding-top: 350px;\n}\n#banner-2112809500 .bg.bg-loaded {\n  background-image: url(https:\/\/solutions.com.vn\/wp-content\/uploads\/2022\/01\/Cost-of-conduct-solutions-1.jpg);\n}\n#banner-2112809500 .ux-shape-divider--top svg {\n  height: 150px;\n  --divider-top-width: 100%;\n}\n#banner-2112809500 .ux-shape-divider--bottom svg {\n  height: 150px;\n  --divider-width: 100%;\n}\n<\/style>\n  <\/div>\n\n\n\t\t<\/div>\n\t\t\t\t\t<\/div>\n\n\t\n\n\t<div id=\"col-609179036\" class=\"col medium-5 small-12 large-5\"  >\n\t\t\t\t<div class=\"col-inner\"  >\n\t\t\t\n\t\t\t\n<h2><span style=\"font-size: 24px; color: #d83131;\">Gi\u00e1 tr\u1ecb c\u1ee7a Gi\u1ea3i ph\u00e1p<\/span><\/h2>\n<p>1. Ch\u00ednh tr\u1ef1c &#8211; Ch\u00fang t\u00f4i lu\u00f4n l\u00e0m \u0111i\u1ec1u \u0111\u00fang \u0111\u1eafn.<\/p>\n<p>2. L\u00e0m vi\u1ec7c nh\u00f3m &#8211; Ch\u00fang ta s\u1ebd t\u1ed1t h\u01a1n khi c\u00f9ng nhau.<\/p>\n<p>3. Xu\u1ea5t s\u1eafc &#8211; Ch\u00fang t\u00f4i n\u1ed7 l\u1ef1c c\u1ea3i thi\u1ec7n v\u00e0 v\u01b0\u1ee3t qua k\u1ef3 v\u1ecdng<\/p>\n<p>4. T\u00f4n tr\u1ecdng &#8211; Ch\u00fang t\u00f4i tr\u00e2n tr\u1ecdng ng\u01b0\u1eddi kh\u00e1c v\u00e0 quan t\u00e2m \u0111\u1ebfn c\u1ed9ng \u0111\u1ed3ng r\u1ed9ng l\u1edbn h\u01a1n.<\/p>\n\t\t<\/div>\n\t\t\t\t\t<\/div>\n\n\t\n<\/div>\n<div class=\"row row-mobile-order\"  id=\"row-327790327\">\n\n\t<div id=\"col-456421380\" class=\"col medium-5 small-12 large-5\"  >\n\t\t\t\t<div class=\"col-inner\"  >\n\t\t\t\n\t\t\t\n<h2><span style=\"font-size: 24px; color: #d83131;\">5 l\u00fd do n\u00ean l\u00e0m vi\u1ec7c v\u1edbi Solutions<\/span><\/h2>\n<p>1. Ph\u00e1t tri\u1ec3n c\u00e1 nh\u00e2n v\u00e0 s\u1ef1 nghi\u1ec7p<\/p>\n<p>2. V\u0103n h\u00f3a<\/p>\n<p>3. Tr\u00e1ch nhi\u1ec7m doanh nghi\u1ec7p<\/p>\n<p>4. L\u1eafng nghe<\/p>\n<p>5. Trao quy\u1ec1n<\/p>\n\t\t<\/div>\n\t\t\t\t\t<\/div>\n\n\t\n\n\t<div id=\"col-1287957716\" class=\"col medium-7 small-12 large-7\"  >\n\t\t\t\t<div class=\"col-inner\"  >\n\t\t\t\n\t\t\t\n\n  <div class=\"banner has-hover\" id=\"banner-1428356213\">\n          <div class=\"banner-inner fill\">\n        <div class=\"banner-bg fill\" >\n            <div class=\"bg fill bg-fill \"><\/div>\n                                    \n                    <\/div>\n\t\t\n        <div class=\"banner-layers container\">\n            <div class=\"fill banner-link\"><\/div>            \n   <div id=\"text-box-2093383641\" class=\"text-box banner-layer x50 md-x50 lg-x50 y50 md-y50 lg-y50 res-text\">\n                                <div class=\"text-box-content text dark\">\n              \n              <div class=\"text-inner text-center\">\n                  \n              <\/div>\n           <\/div>\n                            \n<style>\n#text-box-2093383641 {\n  width: 60%;\n}\n#text-box-2093383641 .text-box-content {\n  font-size: 100%;\n}\n<\/style>\n    <\/div>\n \n        <\/div>\n      <\/div>\n\n            \n<style>\n#banner-1428356213 {\n  padding-top: 350px;\n}\n#banner-1428356213 .bg.bg-loaded {\n  background-image: url(https:\/\/solutions.com.vn\/wp-content\/uploads\/2021\/12\/Solutions-policies-2.jpg);\n}\n#banner-1428356213 .ux-shape-divider--top svg {\n  height: 150px;\n  --divider-top-width: 100%;\n}\n#banner-1428356213 .ux-shape-divider--bottom svg {\n  height: 150px;\n  --divider-width: 100%;\n}\n<\/style>\n  <\/div>\n\n\n\t\t<\/div>\n\t\t\t\t\t<\/div>\n\n\t\n<\/div>\n<p>&nbsp;<\/p>\n<div class=\"row\"  id=\"row-2048233355\">\n\n\t<div id=\"col-823950692\" class=\"col medium-7 small-12 large-7\"  >\n\t\t\t\t<div class=\"col-inner\"  >\n\t\t\t\n\t\t\t\n\n  <div class=\"banner has-hover\" id=\"banner-1376763187\">\n          <div class=\"banner-inner fill\">\n        <div class=\"banner-bg fill\" >\n            <div class=\"bg fill bg-fill \"><\/div>\n                                    \n                    <\/div>\n\t\t\n        <div class=\"banner-layers container\">\n            <div class=\"fill banner-link\"><\/div>            \n   <div id=\"text-box-511536601\" class=\"text-box banner-layer x50 md-x50 lg-x50 y50 md-y50 lg-y50 res-text\">\n                                <div class=\"text-box-content text dark\">\n              \n              <div class=\"text-inner text-center\">\n                  \n              <\/div>\n           <\/div>\n                            \n<style>\n#text-box-511536601 {\n  width: 60%;\n}\n#text-box-511536601 .text-box-content {\n  font-size: 100%;\n}\n<\/style>\n    <\/div>\n \n        <\/div>\n      <\/div>\n\n            \n<style>\n#banner-1376763187 {\n  padding-top: 350px;\n}\n#banner-1376763187 .bg.bg-loaded {\n  background-image: url(https:\/\/solutions.com.vn\/wp-content\/uploads\/2019\/08\/SHEICO-S4-FACTORY-EXTENSION-1-scaled.jpg);\n}\n#banner-1376763187 .ux-shape-divider--top svg {\n  height: 150px;\n  --divider-top-width: 100%;\n}\n#banner-1376763187 .ux-shape-divider--bottom svg {\n  height: 150px;\n  --divider-width: 100%;\n}\n<\/style>\n  <\/div>\n\n\n\t\t<\/div>\n\t\t\t\t\t<\/div>\n\n\t\n\n\t<div id=\"col-1351188647\" class=\"col medium-5 small-12 large-5\"  >\n\t\t\t\t<div class=\"col-inner\"  >\n\t\t\t\n\t\t\t\n<h2><span style=\"font-size: 24px; color: #d83131;\">Gi\u1ea3i ph\u00e1p n\u1ed5i b\u1eadt<\/span><\/h2>\n<p><strong>S\u00c0N SI\u00caU PH\u1eb2NG \u2013 D\u1ef0 \u00c1N L\u1edaN<\/strong><br \/>\nCh\u00fang t\u00f4i \u0111\u00e3 ho\u00e0n thi\u1ec7n 100.000m2 s\u00e0n tr\u1ec7t v\u1edbi s\u00e0n si\u00eau ph\u1eb3ng ti\u00eau chu\u1ea9n FM2 cho d\u1ef1 \u00e1n First Solar.<br \/>\n<strong>N\u0102NG L\u1ef0C TH\u1ef0C HI\u1ec6N NHANH<\/strong><br \/>\nCh\u00fang t\u00f4i hi\u1ec3u r\u00f5 nhu c\u1ea7u v\u00e0 k\u1ef3 v\u1ecdng c\u1ee7a kh\u00e1ch h\u00e0ng trong m\u1ecdi d\u1ef1 \u00e1n ch\u00fang t\u00f4i th\u1ef1c hi\u1ec7n, \u0111\u1ed3ng th\u1eddi s\u1eed d\u1ee5ng kinh nghi\u1ec7m v\u00e0 d\u1ecbch v\u1ee5 n\u1ed9i b\u1ed9 chuy\u00ean nghi\u1ec7p c\u00f9ng v\u1edbi k\u1ebf ho\u1ea1ch hi\u1ec7u qu\u1ea3, t\u00ednh ch\u00ednh tr\u1ef1c v\u00e0 s\u1ef1 ph\u1ed1i h\u1ee3p ch\u1eb7t ch\u1ebd gi\u1eefa c\u00e1c \u0111\u01a1n v\u1ecb th\u1ef1c hi\u1ec7n c\u00f4ng vi\u1ec7c cho ph\u00e9p ch\u00fang t\u00f4i x\u1eed l\u00fd c\u00e1c d\u1ef1 \u00e1n theo ti\u1ebfn \u0111\u1ed9 nhanh ch\u00f3ng.<\/p>\n\t\t<\/div>\n\t\t\t\t\t<\/div>\n\n\t\n<\/div>\n<div class=\"row row-mobile-order\"  id=\"row-167382907\">\n\n\t<div id=\"col-1698220964\" class=\"col medium-5 small-12 large-5\"  >\n\t\t\t\t<div class=\"col-inner\"  >\n\t\t\t\n\t\t\t\n<h2><span style=\"font-size: 24px; color: #d83131;\">S\u1ef1 h\u00e0i l\u00f2ng c\u1ee7a kh\u00e1ch h\u00e0ng<\/span><\/h2>\n<p>Lu\u00f4n l\u00e0 ng\u01b0\u1eddi b\u1ea1n \u0111\u1ed3ng h\u00e0nh \u0111\u00e1ng tin c\u1eady, s\u1eb5n s\u00e0ng s\u00e1t c\u00e1nh c\u00f9ng kh\u00e1ch h\u00e0ng trong nh\u1eefng l\u00fac kh\u00f3 kh\u0103n nh\u1ea5t. Ch\u00fang t\u00f4i lu\u00f4n t\u00e2m ni\u1ec7m r\u1eb1ng Solutions c\u1ea7n ph\u1ea3i n\u1ed7 l\u1ef1c h\u01a1n n\u1eefa, ph\u1ee5c v\u1ee5 kh\u00e1ch h\u00e0ng t\u1ed1t h\u01a1n. Mang \u0111\u1ebfn s\u1ef1 h\u00e0i l\u00f2ng cao nh\u1ea5t, t\u1ea1o d\u1ef1ng ni\u1ec1m tin tuy\u1ec7t \u0111\u1ed1i t\u1eeb kh\u00e1ch h\u00e0ng l\u00e0 m\u1ee5c ti\u00eau h\u00e0ng \u0111\u1ea7u c\u1ee7a ch\u00fang t\u00f4i.<\/p>\n\t\t<\/div>\n\t\t\t\t\t<\/div>\n\n\t\n\n\t<div id=\"col-1519127371\" class=\"col medium-7 small-12 large-7\"  >\n\t\t\t\t<div class=\"col-inner\"  >\n\t\t\t\n\t\t\t\n\n  <div class=\"banner has-hover\" id=\"banner-2108392559\">\n          <div class=\"banner-inner fill\">\n        <div class=\"banner-bg fill\" >\n            <div class=\"bg fill bg-fill \"><\/div>\n                                    \n                    <\/div>\n\t\t\n        <div class=\"banner-layers container\">\n            <div class=\"fill banner-link\"><\/div>            \n   <div id=\"text-box-908901462\" class=\"text-box banner-layer x50 md-x50 lg-x50 y50 md-y50 lg-y50 res-text\">\n                                <div class=\"text-box-content text dark\">\n              \n              <div class=\"text-inner text-center\">\n                  \n              <\/div>\n           <\/div>\n                            \n<style>\n#text-box-908901462 {\n  width: 60%;\n}\n#text-box-908901462 .text-box-content {\n  font-size: 100%;\n}\n<\/style>\n    <\/div>\n \n        <\/div>\n      <\/div>\n\n            \n<style>\n#banner-2108392559 {\n  padding-top: 350px;\n}\n#banner-2108392559 .bg.bg-loaded {\n  background-image: url(https:\/\/solutions.com.vn\/wp-content\/uploads\/2022\/01\/Capture.jpg);\n}\n#banner-2108392559 .ux-shape-divider--top svg {\n  height: 150px;\n  --divider-top-width: 100%;\n}\n#banner-2108392559 .ux-shape-divider--bottom svg {\n  height: 150px;\n  --divider-width: 100%;\n}\n<\/style>\n  <\/div>\n\n\n\t\t<\/div>\n\t\t\t\t\t<\/div>\n\n\t\n<\/div>\n\t\t<\/div>\n\n\t\t\n<style>\n#section_1347465503 {\n  padding-top: 43px;\n  padding-bottom: 43px;\n}\n#section_1347465503 .section-bg.bg-loaded {\n  background-image: url(https:\/\/solutions.com.vn\/wp-content\/uploads\/2021\/11\/bg-pattern.png);\n}\n#section_1347465503 .ux-shape-divider--top svg {\n  height: 150px;\n  --divider-top-width: 100%;\n}\n#section_1347465503 .ux-shape-divider--bottom svg {\n  height: 150px;\n  --divider-width: 100%;\n}\n<\/style>\n\t<\/section>\n\t\n","protected":false},"excerpt":{"rendered":"","protected":false},"author":2,"featured_media":0,"parent":499,"menu_order":84,"comment_status":"closed","ping_status":"closed","template":"page-blank.php","meta":{"inline_featured_image":false,"footnotes":""},"class_list":["post-527","page","type-page","status-publish","hentry"],"acf":[],"_links":{"self":[{"href":"https:\/\/solutions.com.vn\/vi\/wp-json\/wp\/v2\/pages\/527","targetHints":{"allow":["GET"]}}],"collection":[{"href":"https:\/\/solutions.com.vn\/vi\/wp-json\/wp\/v2\/pages"}],"about":[{"href":"https:\/\/solutions.com.vn\/vi\/wp-json\/wp\/v2\/types\/page"}],"author":[{"embeddable":true,"href":"https:\/\/solutions.com.vn\/vi\/wp-json\/wp\/v2\/users\/2"}],"replies":[{"embeddable":true,"href":"https:\/\/solutions.com.vn\/vi\/wp-json\/wp\/v2\/comments?post=527"}],"version-history":[{"count":68,"href":"https:\/\/solutions.com.vn\/vi\/wp-json\/wp\/v2\/pages\/527\/revisions"}],"predecessor-version":[{"id":13530,"href":"https:\/\/solutions.com.vn\/vi\/wp-json\/wp\/v2\/pages\/527\/revisions\/13530"}],"up":[{"embeddable":true,"href":"https:\/\/solutions.com.vn\/vi\/wp-json\/wp\/v2\/pages\/499"}],"wp:attachment":[{"href":"https:\/\/solutions.com.vn\/vi\/wp-json\/wp\/v2\/media?parent=527"}],"curies":[{"name":"wp","href":"https:\/\/api.w.org\/{rel}","templated":true}]}}