{"id":518,"date":"2019-03-14T12:54:45","date_gmt":"2019-03-14T05:54:45","guid":{"rendered":"http:\/\/solution.wbc.vn\/?page_id=518"},"modified":"2025-09-24T16:40:04","modified_gmt":"2025-09-24T09:40:04","slug":"chinh-sach-nhan-su","status":"publish","type":"page","link":"https:\/\/solutions.com.vn\/vi\/tuyen-dung\/chinh-sach-nhan-su\/","title":{"rendered":"Ch\u00ednh s\u00e1ch nh\u00e2n s\u1ef1"},"content":{"rendered":"\t<section class=\"section\" id=\"section_640941317\">\n\t\t<div class=\"bg section-bg fill bg-fill  bg-loaded\" >\n\n\t\t\t\n\t\t\t\n\t\t\t\n\n\t\t<\/div>\n\n\t\t\n\n\t\t<div class=\"section-content relative\">\n\t\t\t\n<div class=\"row\"  id=\"row-2121164397\">\n\n\t<div id=\"col-419136852\" class=\"col small-12 large-12\"  >\n\t\t\t\t<div class=\"col-inner\"  >\n\t\t\t\n\t\t\t\n<div class=\"row\"  id=\"row-1972146344\">\n\n\t<div id=\"col-1174077995\" class=\"col medium-9 small-12 large-9\"  >\n\t\t\t\t<div class=\"col-inner\"  >\n\t\t\t\n\t\t\t\n<h3><strong><span style=\"font-size: 28px;\">CH\u00cdNH S\u00c1CH NH\u00c2N S\u1ef0<\/span><\/strong><\/h3>\n<p><span style=\"font-size: 16px;\"><strong><span style=\"color: #00235a;\">T\u1ea1i Solutions, ch\u00fang t\u00f4i n\u1ed7 l\u1ef1c x\u00e2y d\u1ef1ng m\u1ed9t m\u00f4i tr\u01b0\u1eddng l\u00e0m vi\u1ec7c t\u1ef1 tin v\u00e0 tin t\u01b0\u1edfng. Nh\u00e2n vi\u00ean c\u1ee7a ch\u00fang t\u00f4i lu\u00f4n t\u1ef1 ch\u1ecbu tr\u00e1ch nhi\u1ec7m v\u00e0 c\u00f3 tr\u00e1ch nhi\u1ec7m v\u1edbi nhau trong vi\u1ec7c h\u00e0nh \u0111\u1ed9ng v\u1edbi s\u1ef1 tin t\u01b0\u1edfng v\u00e0 ch\u00ednh tr\u1ef1c, trong vi\u1ec7c ph\u00e1t huy vai tr\u00f2 l\u00e3nh \u0111\u1ea1o v\u00e0 ch\u1ee7 s\u1edf h\u1eefu doanh nghi\u1ec7p, v\u00e0 trong vi\u1ec7c c\u1ea1nh tranh m\u1ed9t c\u00e1ch danh d\u1ef1 v\u1edbi kh\u00e1t v\u1ecdng chi\u1ebfn th\u1eafng. Solutions cam k\u1ebft t\u1ea1o ra m\u1ed9t m\u00f4i tr\u01b0\u1eddng l\u00e0m vi\u1ec7c khuy\u1ebfn kh\u00edch giao ti\u1ebfp c\u1edfi m\u1edf v\u00e0 h\u1ed7 tr\u1ee3 nh\u00e2n vi\u00ean b\u00e1o c\u00e1o c\u00e1c vi ph\u1ea1m ti\u1ec1m \u1ea9n.<\/span><\/strong><\/span><\/p>\n\t\t<\/div>\n\t\t\t\t\t<\/div>\n\n\t\n\n\t<div id=\"col-919997946\" class=\"col medium-3 small-12 large-3\"  >\n\t\t\t\t<div class=\"col-inner text-left\"  >\n\t\t\t\n\t\t\t\n<ul class=\"sidebar-wrapper ul-reset\"><li id=\"custom_html-21\" class=\"widget_text widget widget_custom_html\"><p class=\"widgettitle\">Danh m\u1ee5c<\/p><div class=\"textwidget custom-html-widget\">    <div class=\"category-job\">\n\n        \n        \n        <ul>\n            <li class=\"category-item\">\n                <a href=\"https:\/\/solutions.com.vn\/vi\/trang-tuyen-dung\/\">\n                    <i class=\"fas fa-caret-right\"><\/i>Trang tuy\u1ec3n d\u1ee5ng                <\/a>\n            <\/li>\n            <li class=\"category-item\">\n                <a href=\"https:\/\/solutions.com.vn\/vi\/tuyen-dung\/chinh-sach-nhan-su\/\">\n                    <i class=\"fas fa-caret-right\"><\/i>Ch\u00ednh s\u00e1ch nh\u00e2n s\u1ef1                <\/a>\n            <\/li>\n            <li class=\"category-item\">\n                <a href=\"https:\/\/solutions.com.vn\/vi\/tuyen-dung\/vi-sao-chon-solution\/\">\n                    <i class=\"fas fa-caret-right\"><\/i>V\u00ec sao ch\u1ecdn Solutions?                <\/a>\n            <\/li>\n\n        <\/ul>\n        \n        \n    <\/div>\n    <\/div><\/li><\/ul>\n\t\t<\/div>\n\t\t\t\t\n<style>\n#col-919997946 > .col-inner {\n  padding: 0px 0px 0px 0px;\n}\n<\/style>\n\t<\/div>\n\n\t\n<\/div>\n\t\t<\/div>\n\t\t\t\t\n<style>\n#col-419136852 > .col-inner {\n  padding: 0px 0px 0px 0px;\n  margin: 0px 0px -51px 0px;\n}\n<\/style>\n\t<\/div>\n\n\t\n<\/div>\n\t\t<\/div>\n\n\t\t\n<style>\n#section_640941317 {\n  padding-top: 30px;\n  padding-bottom: 30px;\n}\n#section_640941317 .ux-shape-divider--top svg {\n  height: 150px;\n  --divider-top-width: 100%;\n}\n#section_640941317 .ux-shape-divider--bottom svg {\n  height: 150px;\n  --divider-width: 100%;\n}\n<\/style>\n\t<\/section>\n\t\n<div class=\"row row-collapse align-middle policy-text\"  id=\"row-1927117224\">\n\n\t<div id=\"col-992920240\" class=\"col medium-6 small-12 large-6\"  >\n\t\t\t\t<div class=\"col-inner\"  >\n\t\t\t\n\t\t\t\n<h3 style=\"text-align: center;\"><strong><span style=\"font-size: 24px;\">CH\u00cdNH S\u00c1CH TUY\u1ec2N D\u1ee4NG<\/span><\/strong><\/h3>\n<p>T\u1ea5t c\u1ea3 c\u00e1c quy tr\u00ecnh v\u00e0 quy\u1ebft \u0111\u1ecbnh tuy\u1ec3n d\u1ee5ng s\u1ebd ph\u1ea3n \u00e1nh cam k\u1ebft c\u1ee7a Solutions trong vi\u1ec7c cung c\u1ea5p c\u01a1 h\u1ed9i b\u00ecnh \u0111\u1eb3ng b\u1eb1ng c\u00e1ch \u0111\u00e1nh gi\u00e1 t\u1ea5t c\u1ea3 c\u00e1c \u1ee9ng vi\u00ean ti\u1ec1m n\u0103ng d\u1ef1a tr\u00ean k\u1ef9 n\u0103ng, ki\u1ebfn \u200b\u200bth\u1ee9c, tr\u00ecnh \u0111\u1ed9 v\u00e0 n\u0103ng l\u1ef1c c\u1ee7a h\u1ecd. Ch\u00fang t\u00f4i kh\u00f4ng xem x\u00e9t c\u00e1c y\u1ebfu t\u1ed1 nh\u01b0 tu\u1ed5i t\u00e1c, gi\u1edbi t\u00ednh, t\u00ecnh tr\u1ea1ng h\u00f4n nh\u00e2n, ch\u1ee7ng t\u1ed9c, t\u00f4n gi\u00e1o, khuy\u1ebft t\u1eadt th\u1ec3 ch\u1ea5t ho\u1eb7c quan \u0111i\u1ec3m ch\u00ednh tr\u1ecb.<\/p>\n<p>C\u00f4ng ty nh\u1eadn th\u1ee9c r\u1eb1ng \u0111\u1ec3 \u0111\u1ea1t \u0111\u01b0\u1ee3c c\u00e1c m\u1ee5c ti\u00eau chi\u1ebfn l\u01b0\u1ee3c, ch\u00fang t\u00f4i ph\u1ea3i tuy\u1ec3n d\u1ee5ng nh\u1eefng c\u00e1 nh\u00e2n s\u1ebd h\u00e0nh \u0111\u1ed9ng v\u00e0 \u1ee9ng x\u1eed ph\u00f9 h\u1ee3p v\u1edbi c\u00e1c gi\u00e1 tr\u1ecb c\u1ee7a ch\u00fang t\u00f4i.<\/p>\n<p>C\u00f4ng ty cam k\u1ebft cung c\u1ea5p ch\u01b0\u01a1ng tr\u00ecnh \u0111\u00e0o t\u1ea1o \u0111\u1ecbnh h\u01b0\u1edbng c\u00f3 h\u1ec7 th\u1ed1ng v\u00e0 hi\u1ec7u qu\u1ea3 cho t\u1ea5t c\u1ea3 c\u00e1c nh\u00e2n vi\u00ean m\u1edbi v\u00e0 nh\u1eefng ng\u01b0\u1eddi chuy\u1ec3n sang c\u00f4ng vi\u1ec7c kh\u00e1c trong n\u1ed9i b\u1ed9.<\/p>\n\t\t<\/div>\n\t\t\t\t\n<style>\n#col-992920240 > .col-inner {\n  padding: 0px 20px 0px 20px;\n}\n@media (min-width:550px) {\n  #col-992920240 > .col-inner {\n    padding: 0px 20px 0px 0px;\n  }\n}\n@media (min-width:850px) {\n  #col-992920240 > .col-inner {\n    padding: 0px 40px 0px 0px;\n  }\n}\n<\/style>\n\t<\/div>\n\n\t\n\n\t<div id=\"col-1316621863\" class=\"col medium-6 small-12 large-6\"  >\n\t\t\t\t<div class=\"col-inner\"  >\n\t\t\t\n\t\t\t\n\t<div class=\"img has-hover x md-x lg-x y md-y lg-y\" id=\"image_1036347549\">\n\t\t\t\t\t\t\t\t<div class=\"img-inner dark\" >\n\t\t\t<img loading=\"lazy\" decoding=\"async\" width=\"556\" height=\"491\" src=\"https:\/\/solutions.com.vn\/wp-content\/uploads\/2021\/12\/Solutions-policies-1.jpg\" class=\"attachment-large size-large\" alt=\"\" srcset=\"https:\/\/solutions.com.vn\/wp-content\/uploads\/2021\/12\/Solutions-policies-1.jpg 556w, https:\/\/solutions.com.vn\/wp-content\/uploads\/2021\/12\/Solutions-policies-1-300x265.jpg 300w\" sizes=\"auto, (max-width: 556px) 100vw, 556px\" \/>\t\t\t\t\t\t\n\t\t\t\t\t<\/div>\n\t\t\t\t\t\t\t\t\n<style>\n#image_1036347549 {\n  width: 100%;\n}\n<\/style>\n\t<\/div>\n\t\n\t\t<\/div>\n\t\t\t\t\t<\/div>\n\n\t\n<\/div>\n<div class=\"row row-collapse align-middle\"  id=\"row-1146349328\">\n\n\t<div id=\"col-1629245538\" class=\"col medium-6 small-12 large-6\"  >\n\t\t\t\t<div class=\"col-inner\"  >\n\t\t\t\n\t\t\t\n\t<div class=\"img has-hover x md-x lg-x y md-y lg-y\" id=\"image_1678225577\">\n\t\t\t\t\t\t\t\t<div class=\"img-inner dark\" >\n\t\t\t<img loading=\"lazy\" decoding=\"async\" width=\"556\" height=\"491\" src=\"https:\/\/solutions.com.vn\/wp-content\/uploads\/2021\/12\/Solutions-policies-2.jpg\" class=\"attachment-large size-large\" alt=\"\" srcset=\"https:\/\/solutions.com.vn\/wp-content\/uploads\/2021\/12\/Solutions-policies-2.jpg 556w, https:\/\/solutions.com.vn\/wp-content\/uploads\/2021\/12\/Solutions-policies-2-300x265.jpg 300w\" sizes=\"auto, (max-width: 556px) 100vw, 556px\" \/>\t\t\t\t\t\t\n\t\t\t\t\t<\/div>\n\t\t\t\t\t\t\t\t\n<style>\n#image_1678225577 {\n  width: 100%;\n}\n<\/style>\n\t<\/div>\n\t\n\t\t<\/div>\n\t\t\t\t\t<\/div>\n\n\t\n\n\t<div id=\"col-259094597\" class=\"col medium-6 small-12 large-6\"  >\n\t\t\t\t<div class=\"col-inner\"  >\n\t\t\t\n\t\t\t\n<h3 style=\"text-align: center;\"><strong><span style=\"font-size: 24px;\">CH\u00cdNH S\u00c1CH \u0110\u00c0O T\u1ea0O<\/span><\/strong><\/h3>\n<p>\u0110\u00e0o t\u1ea1o v\u00e0 ph\u00e1t tri\u1ec3n ngu\u1ed3n nh\u00e2n l\u1ef1c l\u00e0 \u01b0u ti\u00ean h\u00e0ng \u0111\u1ea7u c\u1ee7a Solutions v\u1edbi ch\u00ednh s\u00e1ch h\u1ed7 tr\u1ee3 m\u1ed7i c\u00e1 nh\u00e2n ph\u00e1t tri\u1ec3n s\u1ef1 nghi\u1ec7p, \u0111\u1ed3ng th\u1eddi x\u00e2y d\u1ef1ng \u0111\u1ed9i ng\u0169 nh\u00e2n vi\u00ean chuy\u00ean nghi\u1ec7p.<\/p>\n<p>T\u1ea5t c\u1ea3 nh\u00e2n vi\u00ean trong h\u1ec7 th\u1ed1ng Solutions \u0111\u1ec1u c\u00f3 c\u01a1 h\u1ed9i tham gia c\u00e1c kh\u00f3a \u0111\u00e0o t\u1ea1o chuy\u00ean m\u00f4n theo nhu c\u1ea7u ri\u00eang, ph\u00f9 h\u1ee3p v\u1edbi t\u00ednh ch\u1ea5t c\u00f4ng vi\u1ec7c. B\u00ean c\u1ea1nh \u0111\u00f3, Solutions c\u00f2n khuy\u1ebfn kh\u00edch nh\u00e2n vi\u00ean h\u1ecdc h\u1ecfi l\u1eabn nhau trong qu\u00e1 tr\u00ecnh l\u00e0m vi\u1ec7c, th\u00f4ng qua c\u00e1c kh\u00f3a \u0111\u00e0o t\u1ea1o n\u1ed9i b\u1ed9 v\u00e0 n\u1ed7 l\u1ef1c t\u1ef1 \u0111\u00e0o t\u1ea1o c\u1ee7a m\u1ed7i nh\u00e2n vi\u00ean.<\/p>\n\t\t<\/div>\n\t\t\t\t\n<style>\n#col-259094597 > .col-inner {\n  padding: 0px 20px 0px 20px;\n  margin: 20px 0px 0px 0px;\n}\n@media (min-width:550px) {\n  #col-259094597 > .col-inner {\n    padding: 0px 20px 0px 0px;\n  }\n}\n@media (min-width:850px) {\n  #col-259094597 > .col-inner {\n    padding: 0px 0px 0px 40px;\n  }\n}\n<\/style>\n\t<\/div>\n\n\t\n<\/div>\n<div class=\"row row-collapse align-middle policy-text\"  id=\"row-1573519794\">\n\n\t<div id=\"col-755514407\" class=\"col col-text medium-6 small-12 large-6\"  >\n\t\t\t\t<div class=\"col-inner\"  >\n\t\t\t\n\t\t\t\n<h3 style=\"text-align: center;\"><strong><span style=\"font-size: 24px;\">CH\u00cdNH S\u00c1CH TH\u0102NG TI\u1ebeN &#038; PH\u00c1T TRI\u1ec2N<\/span><\/strong><\/h3>\n<p>T\u1ea1i Solutions, c\u01a1 h\u1ed9i th\u0103ng ti\u1ebfn ngh\u1ec1 nghi\u1ec7p b\u00ecnh \u0111\u1eb3ng cho t\u1ea5t c\u1ea3 nh\u00e2n vi\u00ean \u0111\u01b0\u1ee3c thi\u1ebft l\u1eadp th\u00f4ng qua c\u00e1c k\u1ebf ho\u1ea1ch nh\u00e2n s\u1ef1 r\u00f5 r\u00e0ng v\u00e0 c\u1ee5 th\u1ec3.<\/p>\n<p>C\u00f3 k\u1ebf ho\u1ea1ch \u0111\u1ecbnh k\u1ef3 (6 th\u00e1ng m\u1ed9t l\u1ea7n) \u0111\u1ec3 \u0111\u00e1nh gi\u00e1 m\u1ee5c ti\u00eau c\u00f4ng vi\u1ec7c v\u00e0 m\u1ee5c ti\u00eau ph\u00e1t tri\u1ec3n ngh\u1ec1 nghi\u1ec7p c\u1ee7a t\u1eebng c\u00e1 nh\u00e2n.<\/p>\n<p>D\u1ef1a tr\u00ean kinh nghi\u1ec7m v\u00e0 n\u0103ng l\u1ef1c l\u00e0m vi\u1ec7c c\u1ee7a m\u1ed7i nh\u00e2n vi\u00ean, th\u00f4ng qua c\u00e1c \u0111\u00e1nh gi\u00e1 v\u00e0 ph\u1ea3n h\u1ed3i c\u00e1 nh\u00e2n, ch\u00fang t\u00f4i gi\u00fap nu\u00f4i d\u01b0\u1ee1ng \u0111\u1ed9ng l\u1ef1c v\u00e0 mong mu\u1ed1n c\u1ee7a nh\u00e2n vi\u00ean \u0111\u1ec3 t\u0103ng c\u01a1 h\u1ed9i ngh\u1ec1 nghi\u1ec7p trong c\u00f4ng ty.<\/p>\n\t\t<\/div>\n\t\t\t\t\n<style>\n#col-755514407 > .col-inner {\n  padding: 0px 20px 0px 20px;\n}\n@media (min-width:550px) {\n  #col-755514407 > .col-inner {\n    padding: 0px 20px 0px 0px;\n  }\n}\n@media (min-width:850px) {\n  #col-755514407 > .col-inner {\n    padding: 0px 40px 0px 0px;\n  }\n}\n<\/style>\n\t<\/div>\n\n\t\n\n\t<div id=\"col-2008722130\" class=\"col medium-6 small-12 large-6\"  >\n\t\t\t\t<div class=\"col-inner\"  >\n\t\t\t\n\t\t\t\n\t<div class=\"img has-hover x md-x lg-x y md-y lg-y\" id=\"image_1846112996\">\n\t\t\t\t\t\t\t\t<div class=\"img-inner dark\" >\n\t\t\t<img loading=\"lazy\" decoding=\"async\" width=\"556\" height=\"491\" src=\"https:\/\/solutions.com.vn\/wp-content\/uploads\/2021\/12\/Solutions-policies-3.jpg\" class=\"attachment-large size-large\" alt=\"\" srcset=\"https:\/\/solutions.com.vn\/wp-content\/uploads\/2021\/12\/Solutions-policies-3.jpg 556w, https:\/\/solutions.com.vn\/wp-content\/uploads\/2021\/12\/Solutions-policies-3-300x265.jpg 300w\" sizes=\"auto, (max-width: 556px) 100vw, 556px\" \/>\t\t\t\t\t\t\n\t\t\t\t\t<\/div>\n\t\t\t\t\t\t\t\t\n<style>\n#image_1846112996 {\n  width: 100%;\n}\n<\/style>\n\t<\/div>\n\t\n\t\t<\/div>\n\t\t\t\t\t<\/div>\n\n\t\n<\/div>\n\t<div id=\"gap-1755178975\" class=\"gap-element clearfix\" style=\"display:block; height:auto;\">\n\t\t\n<style>\n#gap-1755178975 {\n  padding-top: 46px;\n}\n<\/style>\n\t<\/div>\n\t\n","protected":false},"excerpt":{"rendered":"","protected":false},"author":2,"featured_media":0,"parent":499,"menu_order":8,"comment_status":"closed","ping_status":"closed","template":"page-blank.php","meta":{"inline_featured_image":false,"footnotes":""},"class_list":["post-518","page","type-page","status-publish","hentry"],"acf":[],"_links":{"self":[{"href":"https:\/\/solutions.com.vn\/vi\/wp-json\/wp\/v2\/pages\/518","targetHints":{"allow":["GET"]}}],"collection":[{"href":"https:\/\/solutions.com.vn\/vi\/wp-json\/wp\/v2\/pages"}],"about":[{"href":"https:\/\/solutions.com.vn\/vi\/wp-json\/wp\/v2\/types\/page"}],"author":[{"embeddable":true,"href":"https:\/\/solutions.com.vn\/vi\/wp-json\/wp\/v2\/users\/2"}],"replies":[{"embeddable":true,"href":"https:\/\/solutions.com.vn\/vi\/wp-json\/wp\/v2\/comments?post=518"}],"version-history":[{"count":38,"href":"https:\/\/solutions.com.vn\/vi\/wp-json\/wp\/v2\/pages\/518\/revisions"}],"predecessor-version":[{"id":13528,"href":"https:\/\/solutions.com.vn\/vi\/wp-json\/wp\/v2\/pages\/518\/revisions\/13528"}],"up":[{"embeddable":true,"href":"https:\/\/solutions.com.vn\/vi\/wp-json\/wp\/v2\/pages\/499"}],"wp:attachment":[{"href":"https:\/\/solutions.com.vn\/vi\/wp-json\/wp\/v2\/media?parent=518"}],"curies":[{"name":"wp","href":"https:\/\/api.w.org\/{rel}","templated":true}]}}