{"id":499,"date":"2019-03-14T09:15:05","date_gmt":"2019-03-14T02:15:05","guid":{"rendered":"http:\/\/solution.wbc.vn\/?page_id=499"},"modified":"2025-09-05T12:18:58","modified_gmt":"2025-09-05T05:18:58","slug":"tuyen-dung","status":"publish","type":"page","link":"https:\/\/solutions.com.vn\/vi\/tuyen-dung\/","title":{"rendered":"Tuy\u1ec3n d\u1ee5ng"},"content":{"rendered":"\t<section class=\"section\" id=\"section_1059321091\">\n\t\t<div class=\"bg section-bg fill bg-fill  bg-loaded\" >\n\n\t\t\t\n\t\t\t\n\t\t\t\n\n\t\t<\/div>\n\n\t\t\n\n\t\t<div class=\"section-content relative\">\n\t\t\t\n<div class=\"row row-collapse about-banner\"  id=\"row-1053635071\">\n\n\t<div id=\"col-1938177225\" class=\"col medium-4 small-12 large-4\"  >\n\t\t\t\t<div class=\"col-inner\"  >\n\t\t\t\n\t\t\t\n\n  <div class=\"banner has-hover about\" id=\"banner-1153076169\">\n          <div class=\"banner-inner fill\">\n        <div class=\"banner-bg fill\" >\n            <div class=\"bg fill bg-fill \"><\/div>\n                                    \n                    <\/div>\n\t\t\n        <div class=\"banner-layers container\">\n            <a class=\"fill\" href=\"https:\/\/solutions.com.vn\/vi\/trang-tuyen-dung\/\"  ><div class=\"fill banner-link\"><\/div><\/a>            \n   <div id=\"text-box-946439519\" class=\"text-box banner-layer x50 md-x50 lg-x50 y100 md-y100 lg-y100 res-text\">\n                                <div class=\"text-box-content text dark\">\n              \n              <div class=\"text-inner text-center\">\n                  \n<a href=\"https:\/\/solutions.com.vn\/vi\/trang-tuyen-dung\/\" target=\"_self\" class=\"button primary is-xxsmall button-gioithieu\"  >\n    <span>C\u01a1 h\u1ed9i ngh\u1ec1 nghi\u1ec7p<\/span>\n  <\/a>\n\n              <\/div>\n           <\/div>\n                            \n<style>\n#text-box-946439519 .text-box-content {\n  background-color: rgba(0, 145, 181, 0.79);\n  font-size: 324%;\n}\n#text-box-946439519 {\n  width: 100%;\n}\n<\/style>\n    <\/div>\n \n        <\/div>\n      <\/div>\n\n            \n<style>\n#banner-1153076169 {\n  padding-top: 285px;\n}\n#banner-1153076169 .bg.bg-loaded {\n  background-image: url(https:\/\/solutions.com.vn\/wp-content\/uploads\/2024\/08\/IMG_7169-1024x683.jpg);\n}\n#banner-1153076169 .ux-shape-divider--top svg {\n  height: 150px;\n  --divider-top-width: 100%;\n}\n#banner-1153076169 .ux-shape-divider--bottom svg {\n  height: 150px;\n  --divider-width: 100%;\n}\n<\/style>\n  <\/div>\n\n\n\t\t<\/div>\n\t\t\t\t\t<\/div>\n\n\t\n\n\t<div id=\"col-243364680\" class=\"col medium-4 small-12 large-4\"  >\n\t\t\t\t<div class=\"col-inner\"  >\n\t\t\t\n\t\t\t\n\n  <div class=\"banner has-hover about\" id=\"banner-1816297185\">\n          <div class=\"banner-inner fill\">\n        <div class=\"banner-bg fill\" >\n            <div class=\"bg fill bg-fill \"><\/div>\n                                    \n                    <\/div>\n\t\t\n        <div class=\"banner-layers container\">\n            <a class=\"fill\" href=\"\/chinh-sach-nhan-su\/\"  ><div class=\"fill banner-link\"><\/div><\/a>            \n   <div id=\"text-box-1504486877\" class=\"text-box banner-layer x50 md-x50 lg-x50 y100 md-y100 lg-y100 res-text\">\n                                <div class=\"text-box-content text dark\">\n              \n              <div class=\"text-inner text-center\">\n                  \n<a href=\"\/vi\/chinh-sach-nhan-su\/\" target=\"_self\" class=\"button primary is-xxsmall button-gioithieu\"  >\n    <span>Ch\u00ednh s\u00e1ch nh\u00e2n s\u1ef1<\/span>\n  <\/a>\n\n              <\/div>\n           <\/div>\n                            \n<style>\n#text-box-1504486877 .text-box-content {\n  background-color: rgba(0, 145, 181, 0.79);\n  font-size: 324%;\n}\n#text-box-1504486877 {\n  width: 100%;\n}\n<\/style>\n    <\/div>\n \n        <\/div>\n      <\/div>\n\n            \n<style>\n#banner-1816297185 {\n  padding-top: 285px;\n}\n#banner-1816297185 .bg.bg-loaded {\n  background-image: url(https:\/\/solutions.com.vn\/wp-content\/uploads\/2024\/08\/IMG_2808-1024x683.jpg);\n}\n#banner-1816297185 .ux-shape-divider--top svg {\n  height: 150px;\n  --divider-top-width: 100%;\n}\n#banner-1816297185 .ux-shape-divider--bottom svg {\n  height: 150px;\n  --divider-width: 100%;\n}\n<\/style>\n  <\/div>\n\n\n\t\t<\/div>\n\t\t\t\t\t<\/div>\n\n\t\n\n\t<div id=\"col-819099427\" class=\"col medium-4 small-12 large-4\"  >\n\t\t\t\t<div class=\"col-inner\"  >\n\t\t\t\n\t\t\t\n\n  <div class=\"banner has-hover about\" id=\"banner-1309027909\">\n          <div class=\"banner-inner fill\">\n        <div class=\"banner-bg fill\" >\n            <div class=\"bg fill bg-fill \"><\/div>\n                                    \n                    <\/div>\n\t\t\n        <div class=\"banner-layers container\">\n            <a class=\"fill\" href=\"\/vi-sao-chon-solution\/\"  ><div class=\"fill banner-link\"><\/div><\/a>            \n   <div id=\"text-box-2001878931\" class=\"text-box banner-layer x50 md-x50 lg-x50 y100 md-y100 lg-y100 res-text\">\n                                <div class=\"text-box-content text dark\">\n              \n              <div class=\"text-inner text-center\">\n                  \n<a href=\"\/vi\/vi-sao-chon-solution\/\" target=\"_self\" class=\"button primary is-xxsmall button-gioithieu\"  >\n    <span>V\u00ec sao ch\u1ecdn Solutions<\/span>\n  <\/a>\n\n              <\/div>\n           <\/div>\n                            \n<style>\n#text-box-2001878931 .text-box-content {\n  background-color: rgba(0, 145, 181, 0.79);\n  font-size: 324%;\n}\n#text-box-2001878931 {\n  width: 100%;\n}\n<\/style>\n    <\/div>\n \n        <\/div>\n      <\/div>\n\n            \n<style>\n#banner-1309027909 {\n  padding-top: 285px;\n}\n#banner-1309027909 .bg.bg-loaded {\n  background-image: url(https:\/\/solutions.com.vn\/wp-content\/uploads\/2025\/04\/IMG_4407-1024x683.jpg);\n}\n#banner-1309027909 .ux-shape-divider--top svg {\n  height: 150px;\n  --divider-top-width: 100%;\n}\n#banner-1309027909 .ux-shape-divider--bottom svg {\n  height: 150px;\n  --divider-width: 100%;\n}\n<\/style>\n  <\/div>\n\n\n\t\t<\/div>\n\t\t\t\t\t<\/div>\n\n\t\n<\/div>\n\t\t<\/div>\n\n\t\t\n<style>\n#section_1059321091 {\n  padding-top: 30px;\n  padding-bottom: 30px;\n}\n#section_1059321091 .ux-shape-divider--top svg {\n  height: 150px;\n  --divider-top-width: 100%;\n}\n#section_1059321091 .ux-shape-divider--bottom svg {\n  height: 150px;\n  --divider-width: 100%;\n}\n<\/style>\n\t<\/section>\n\t\n","protected":false},"excerpt":{"rendered":"","protected":false},"author":2,"featured_media":9845,"parent":0,"menu_order":81,"comment_status":"closed","ping_status":"closed","template":"page-blank.php","meta":{"inline_featured_image":false,"footnotes":""},"class_list":["post-499","page","type-page","status-publish","has-post-thumbnail","hentry"],"acf":[],"_links":{"self":[{"href":"https:\/\/solutions.com.vn\/vi\/wp-json\/wp\/v2\/pages\/499","targetHints":{"allow":["GET"]}}],"collection":[{"href":"https:\/\/solutions.com.vn\/vi\/wp-json\/wp\/v2\/pages"}],"about":[{"href":"https:\/\/solutions.com.vn\/vi\/wp-json\/wp\/v2\/types\/page"}],"author":[{"embeddable":true,"href":"https:\/\/solutions.com.vn\/vi\/wp-json\/wp\/v2\/users\/2"}],"replies":[{"embeddable":true,"href":"https:\/\/solutions.com.vn\/vi\/wp-json\/wp\/v2\/comments?post=499"}],"version-history":[{"count":28,"href":"https:\/\/solutions.com.vn\/vi\/wp-json\/wp\/v2\/pages\/499\/revisions"}],"predecessor-version":[{"id":13392,"href":"https:\/\/solutions.com.vn\/vi\/wp-json\/wp\/v2\/pages\/499\/revisions\/13392"}],"wp:featuredmedia":[{"embeddable":true,"href":"https:\/\/solutions.com.vn\/vi\/wp-json\/wp\/v2\/media\/9845"}],"wp:attachment":[{"href":"https:\/\/solutions.com.vn\/vi\/wp-json\/wp\/v2\/media?parent=499"}],"curies":[{"name":"wp","href":"https:\/\/api.w.org\/{rel}","templated":true}]}}