{"id":4672,"date":"2020-04-23T09:24:27","date_gmt":"2020-04-23T02:24:27","guid":{"rendered":"http:\/\/solution.wbc.vn\/thu-danh-gia\/"},"modified":"2026-01-26T11:40:08","modified_gmt":"2026-01-26T04:40:08","slug":"thu-danh-gia","status":"publish","type":"page","link":"https:\/\/solutions.com.vn\/vi\/gioi-thieu\/thu-danh-gia\/","title":{"rendered":"TH\u01af \u0110\u00c1NH GI\u00c1"},"content":{"rendered":"\t<section class=\"section\" id=\"section_738453298\">\n\t\t<div class=\"bg section-bg fill bg-fill  \" >\n\n\t\t\t\n\t\t\t<div class=\"section-bg-overlay absolute fill\"><\/div><div class=\"effect-sliding-glass bg-effect fill no-click\"><\/div>\n\t\t\t\n\n\t\t<\/div>\n\n\t\t\n\n\t\t<div class=\"section-content relative\">\n\t\t\t\n<div class=\"row row-collapse\"  id=\"row-15621765\">\n\n\t<div id=\"col-140264271\" class=\"col small-12 large-12\"  >\n\t\t\t\t<div class=\"col-inner text-center dark\"  >\n\t\t\t\n\t\t\t\n<h1 style=\"text-align: center; margin-bottom: 5px;\"><span style=\"font-size: 130%;\">TH\u01af \u0110\u00c1NH GI\u00c1<\/span><\/h1>\n<p><img loading=\"lazy\" decoding=\"async\" class=\"size-full wp-image-29 aligncenter\" src=\"https:\/\/solutions.com.vn\/wp-content\/uploads\/2019\/02\/line-title.png\" alt=\"\" width=\"50\" height=\"20\" \/><\/p>\n<p style=\"text-align: center; margin: 0; text-transform: uppercase;\"><span style=\"font-size: 95%;\">TrANG CH\u1ee6 \/ <span style=\"color: #d83131;\"><a style=\"color: #d83131;\" href=\"https:\/\/solutions.com.vn\/vi\/gioi-thieu\/quy-tac-ung-xu\/\"><span style=\"color: #ffffff;\">GI\u1edaI THI\u1ec6U<\/span>\u00a0\/\u00a0<\/a><span style=\"color: #c52433;\">TH\u01af \u0110\u00c1NH GI\u00c1<\/span><\/span><\/span><\/p>\n\t\t<\/div>\n\t\t\t\t\t<\/div>\n\n\t\n<\/div>\n\t\t<\/div>\n\n\t\t\n<style>\n#section_738453298 {\n  padding-top: 200px;\n  padding-bottom: 200px;\n  background-color: rgb(0, 0, 0);\n}\n#section_738453298 .section-bg-overlay {\n  background-color: rgba(0, 0, 0, 0.2);\n}\n#section_738453298 .section-bg.bg-loaded {\n  background-image: url(https:\/\/solutions.com.vn\/wp-content\/uploads\/2021\/05\/testimonial-solutions-1.jpg);\n}\n#section_738453298 .section-bg {\n  background-position: 0% 50%;\n}\n#section_738453298 .ux-shape-divider--top svg {\n  height: 150px;\n  --divider-top-width: 100%;\n}\n#section_738453298 .ux-shape-divider--bottom svg {\n  height: 150px;\n  --divider-width: 100%;\n}\n<\/style>\n\t<\/section>\n\t\n\t<section class=\"section\" id=\"section_664216254\">\n\t\t<div class=\"bg section-bg fill bg-fill  bg-loaded\" >\n\n\t\t\t\n\t\t\t\n\t\t\t\n\n\t\t<\/div>\n\n\t\t\n\n\t\t<div class=\"section-content relative\">\n\t\t\t\n<div class=\"row\"  id=\"row-962267149\">\n\n\t<div id=\"col-2046691313\" class=\"col small-12 large-12\"  >\n\t\t\t\t<div class=\"col-inner\"  >\n\t\t\t\n\t\t\t\n<h3>Ch\u00fang t\u00f4i lu\u00f4n c\u1ed1 g\u1eafng h\u01a1n 100% kh\u1ea3 n\u0103ng \u0111\u1ec3 l\u00e0m h\u00e0i l\u00f2ng kh\u00e1ch h\u00e0ng.<\/h3>\n\t\t<\/div>\n\t\t\t\t\t<\/div>\n\n\t\n<\/div>\n<div class=\"row\"  id=\"row-1243291507\">\n\n\t<div id=\"col-2074265746\" class=\"col medium-6 small-12 large-6\"  >\n\t\t\t\t<div class=\"col-inner\"  >\n\t\t\t\n\t\t\t\n<h3 style=\"text-align: center;\">Th\u01b0 t\u1eeb: C\u00f4ng ty X\u00e2y d\u1ef1ng Tu\u1ea5n L\u00ea<\/h3>\n\t<div class=\"img has-hover x md-x lg-x y md-y lg-y\" id=\"image_1706828083\">\n\t\t\t\t\t\t\t\t<div class=\"img-inner dark\" >\n\t\t\t<img loading=\"lazy\" decoding=\"async\" width=\"724\" height=\"1024\" src=\"https:\/\/solutions.com.vn\/wp-content\/uploads\/2020\/04\/Th\u01b0-\u0111\u00e1nh-gi\u00e1-TLC-724x1024.jpg\" class=\"attachment-large size-large\" alt=\"\" srcset=\"https:\/\/solutions.com.vn\/wp-content\/uploads\/2020\/04\/Th\u01b0-\u0111\u00e1nh-gi\u00e1-TLC-724x1024.jpg 724w, https:\/\/solutions.com.vn\/wp-content\/uploads\/2020\/04\/Th\u01b0-\u0111\u00e1nh-gi\u00e1-TLC-212x300.jpg 212w, https:\/\/solutions.com.vn\/wp-content\/uploads\/2020\/04\/Th\u01b0-\u0111\u00e1nh-gi\u00e1-TLC-768x1087.jpg 768w, https:\/\/solutions.com.vn\/wp-content\/uploads\/2020\/04\/Th\u01b0-\u0111\u00e1nh-gi\u00e1-TLC.jpg 1080w\" sizes=\"auto, (max-width: 724px) 100vw, 724px\" \/>\t\t\t\t\t\t\n\t\t\t\t\t<\/div>\n\t\t\t\t\t\t\t\t\n<style>\n#image_1706828083 {\n  width: 100%;\n}\n<\/style>\n\t<\/div>\n\t\n\t\t<\/div>\n\t\t\t\t\t<\/div>\n\n\t\n\n\t<div id=\"col-352105686\" class=\"col medium-6 small-12 large-6\"  >\n\t\t\t\t<div class=\"col-inner\"  >\n\t\t\t\n\t\t\t\n<h3 style=\"text-align: center;\">Th\u01b0 t\u1eeb: Sheico Group<\/h3>\n\t<div class=\"img has-hover x md-x lg-x y md-y lg-y\" id=\"image_1163817171\">\n\t\t\t\t\t\t\t\t<div class=\"img-inner dark\" >\n\t\t\t<img loading=\"lazy\" decoding=\"async\" width=\"724\" height=\"1024\" src=\"https:\/\/solutions.com.vn\/wp-content\/uploads\/2020\/04\/Th\u01b0-\u0111\u00e1nh-gi\u00e1-Sheico-724x1024.jpg\" class=\"attachment-large size-large\" alt=\"\" srcset=\"https:\/\/solutions.com.vn\/wp-content\/uploads\/2020\/04\/Th\u01b0-\u0111\u00e1nh-gi\u00e1-Sheico-724x1024.jpg 724w, https:\/\/solutions.com.vn\/wp-content\/uploads\/2020\/04\/Th\u01b0-\u0111\u00e1nh-gi\u00e1-Sheico-212x300.jpg 212w, https:\/\/solutions.com.vn\/wp-content\/uploads\/2020\/04\/Th\u01b0-\u0111\u00e1nh-gi\u00e1-Sheico-768x1087.jpg 768w, https:\/\/solutions.com.vn\/wp-content\/uploads\/2020\/04\/Th\u01b0-\u0111\u00e1nh-gi\u00e1-Sheico.jpg 1080w\" sizes=\"auto, (max-width: 724px) 100vw, 724px\" \/>\t\t\t\t\t\t\n\t\t\t\t\t<\/div>\n\t\t\t\t\t\t\t\t\n<style>\n#image_1163817171 {\n  width: 100%;\n}\n<\/style>\n\t<\/div>\n\t\n\t\t<\/div>\n\t\t\t\t\t<\/div>\n\n\t\n<\/div>\n<div class=\"row\"  id=\"row-51671610\">\n\n\t<div id=\"col-1259028354\" class=\"col medium-6 small-12 large-6\"  >\n\t\t\t\t<div class=\"col-inner\"  >\n\t\t\t\n\t\t\t\n<h3 style=\"text-align: center;\">Th\u01b0 t\u1eeb: C\u00f4ng ty c\u1ed5 ph\u1ea7n Si\u00eau Chung K\u1ef3<\/h3>\n\t<div class=\"img has-hover x md-x lg-x y md-y lg-y\" id=\"image_1504916837\">\n\t\t\t\t\t\t\t\t<div class=\"img-inner dark\" >\n\t\t\t<img loading=\"lazy\" decoding=\"async\" width=\"724\" height=\"1024\" src=\"https:\/\/solutions.com.vn\/wp-content\/uploads\/2020\/04\/Th\u01b0-\u0111\u00e1nh-gi\u00e1-SCK-724x1024.jpg\" class=\"attachment-large size-large\" alt=\"\" srcset=\"https:\/\/solutions.com.vn\/wp-content\/uploads\/2020\/04\/Th\u01b0-\u0111\u00e1nh-gi\u00e1-SCK-724x1024.jpg 724w, https:\/\/solutions.com.vn\/wp-content\/uploads\/2020\/04\/Th\u01b0-\u0111\u00e1nh-gi\u00e1-SCK-212x300.jpg 212w, https:\/\/solutions.com.vn\/wp-content\/uploads\/2020\/04\/Th\u01b0-\u0111\u00e1nh-gi\u00e1-SCK-768x1087.jpg 768w, https:\/\/solutions.com.vn\/wp-content\/uploads\/2020\/04\/Th\u01b0-\u0111\u00e1nh-gi\u00e1-SCK.jpg 1080w\" sizes=\"auto, (max-width: 724px) 100vw, 724px\" \/>\t\t\t\t\t\t\n\t\t\t\t\t<\/div>\n\t\t\t\t\t\t\t\t\n<style>\n#image_1504916837 {\n  width: 100%;\n}\n<\/style>\n\t<\/div>\n\t\n\t\t<\/div>\n\t\t\t\t\t<\/div>\n\n\t\n\n\t<div id=\"col-525096492\" class=\"col medium-6 small-12 large-6\"  >\n\t\t\t\t<div class=\"col-inner\"  >\n\t\t\t\n\t\t\t\n\t\t<\/div>\n\t\t\t\t\t<\/div>\n\n\t\n<\/div>\n\t\t<\/div>\n\n\t\t\n<style>\n#section_664216254 {\n  padding-top: 43px;\n  padding-bottom: 43px;\n}\n#section_664216254 .ux-shape-divider--top svg {\n  height: 150px;\n  --divider-top-width: 100%;\n}\n#section_664216254 .ux-shape-divider--bottom svg {\n  height: 150px;\n  --divider-width: 100%;\n}\n<\/style>\n\t<\/section>\n\t\n","protected":false},"excerpt":{"rendered":"","protected":false},"author":2,"featured_media":12084,"parent":326,"menu_order":23,"comment_status":"closed","ping_status":"closed","template":"template-testimonial.php","meta":{"inline_featured_image":false,"footnotes":""},"class_list":["post-4672","page","type-page","status-publish","has-post-thumbnail","hentry"],"acf":[],"_links":{"self":[{"href":"https:\/\/solutions.com.vn\/vi\/wp-json\/wp\/v2\/pages\/4672","targetHints":{"allow":["GET"]}}],"collection":[{"href":"https:\/\/solutions.com.vn\/vi\/wp-json\/wp\/v2\/pages"}],"about":[{"href":"https:\/\/solutions.com.vn\/vi\/wp-json\/wp\/v2\/types\/page"}],"author":[{"embeddable":true,"href":"https:\/\/solutions.com.vn\/vi\/wp-json\/wp\/v2\/users\/2"}],"replies":[{"embeddable":true,"href":"https:\/\/solutions.com.vn\/vi\/wp-json\/wp\/v2\/comments?post=4672"}],"version-history":[{"count":21,"href":"https:\/\/solutions.com.vn\/vi\/wp-json\/wp\/v2\/pages\/4672\/revisions"}],"predecessor-version":[{"id":14458,"href":"https:\/\/solutions.com.vn\/vi\/wp-json\/wp\/v2\/pages\/4672\/revisions\/14458"}],"up":[{"embeddable":true,"href":"https:\/\/solutions.com.vn\/vi\/wp-json\/wp\/v2\/pages\/326"}],"wp:featuredmedia":[{"embeddable":true,"href":"https:\/\/solutions.com.vn\/vi\/wp-json\/wp\/v2\/media\/12084"}],"wp:attachment":[{"href":"https:\/\/solutions.com.vn\/vi\/wp-json\/wp\/v2\/media?parent=4672"}],"curies":[{"name":"wp","href":"https:\/\/api.w.org\/{rel}","templated":true}]}}