{"id":444,"date":"2019-03-13T15:42:14","date_gmt":"2019-03-13T08:42:14","guid":{"rendered":"http:\/\/solution.wbc.vn\/?page_id=444"},"modified":"2025-09-24T16:23:16","modified_gmt":"2025-09-24T09:23:16","slug":"tam-nhin-su-menh-gia-tri-cot-loi","status":"publish","type":"page","link":"https:\/\/solutions.com.vn\/vi\/gioi-thieu\/tam-nhin-su-menh-gia-tri-cot-loi\/","title":{"rendered":"T\u1ea7m nh\u00ecn &#8211; S\u1ee9 m\u1ec7nh &#8211; Gi\u00e1 tr\u1ecb c\u1ed1t l\u00f5i"},"content":{"rendered":"\t<section class=\"section\" id=\"section_9469695\">\n\t\t<div class=\"bg section-bg fill bg-fill  bg-loaded\" >\n\n\t\t\t\n\t\t\t\n\t\t\t\n\n\t\t<\/div>\n\n\t\t\n\n\t\t<div class=\"section-content relative\">\n\t\t\t\n<div class=\"row\"  id=\"row-1908548309\">\n\n\t<div id=\"col-481929310\" class=\"col col-gioithieu small-12 large-12\"  >\n\t\t\t\t<div class=\"col-inner text-left\"  >\n\t\t\t\n\t\t\t\n\n\t\t<div class=\"tabbed-content\">\n\t\t\t\n\t\t\t<ul class=\"nav nav-simple nav-uppercase nav-size-normal nav-left\" role=\"tablist\"><li id=\"tab-t\u1ea6m-nh\u00ccn\" class=\"tab active has-icon\" role=\"presentation\"><a href=\"#tab_t\u1ea6m-nh\u00ccn\" role=\"tab\" aria-selected=\"true\" aria-controls=\"tab_t\u1ea6m-nh\u00ccn\"><span>T\u1ea6M NH\u00ccN<\/span><\/a><\/li>\n<li id=\"tab-s\u1ee8-m\u1ec6nh\" class=\"tab has-icon\" role=\"presentation\"><a href=\"#tab_s\u1ee8-m\u1ec6nh\" tabindex=\"-1\" role=\"tab\" aria-selected=\"false\" aria-controls=\"tab_s\u1ee8-m\u1ec6nh\"><span>S\u1ee8 M\u1ec6NH<\/span><\/a><\/li>\n<li id=\"tab-gi\u00c1-tr\u1eca-c\u1ed0i-l\u00d5i\" class=\"tab has-icon\" role=\"presentation\"><a href=\"#tab_gi\u00c1-tr\u1eca-c\u1ed0i-l\u00d5i\" tabindex=\"-1\" role=\"tab\" aria-selected=\"false\" aria-controls=\"tab_gi\u00c1-tr\u1eca-c\u1ed0i-l\u00d5i\"><span>GI\u00c1 TR\u1eca C\u1ed0I L\u00d5I<\/span><\/a><\/li><\/ul><div class=\"tab-panels\"><div id=\"tab_t\u1ea6m-nh\u00ccn\" class=\"panel active entry-content\" role=\"tabpanel\" aria-labelledby=\"tab-t\u1ea6m-nh\u00ccn\">\n<div class=\"row\"  id=\"row-1235928116\">\n\n\t<div id=\"col-663468693\" class=\"col medium-6 small-12 large-6\"  >\n\t\t\t\t<div class=\"col-inner\"  >\n\t\t\t\n\t\t\t\n<p><em>Tr\u1edf th\u00e0nh m\u1ed9t trong nh\u1eefng c\u00f4ng ty x\u00e2y d\u1ef1ng h\u00e0ng \u0111\u1ea7u \u1edf Vi\u1ec7t Nam trong 5 n\u0103m t\u1edbi, v\u1eadn h\u00e0nh \u1edf th\u1ecb tr\u01b0\u1eddng trong n\u01b0\u1edbc v\u00e0 qu\u1ed1c t\u1ebf, chuy\u00ean thi c\u00f4ng c\u00e1c d\u1ef1 \u00e1n t\u1ed5ng th\u1ea7u, thi\u1ebft k\u1ebf v\u00e0 thi c\u00f4ng.<\/em><\/p>\n\t\t<\/div>\n\t\t\t\t\t<\/div>\n\n\t\n\n\t<div id=\"col-1328642668\" class=\"col medium-6 small-12 large-6\"  >\n\t\t\t\t<div class=\"col-inner\"  >\n\t\t\t\n\t\t\t\n\t<div class=\"img has-hover x md-x lg-x y md-y lg-y\" id=\"image_497683124\">\n\t\t\t\t\t\t\t\t<div class=\"img-inner dark\" >\n\t\t\t<img loading=\"lazy\" decoding=\"async\" width=\"555\" height=\"443\" src=\"https:\/\/solutions.com.vn\/wp-content\/uploads\/2021\/05\/Vision-1-1.jpg\" class=\"attachment-large size-large\" alt=\"\" srcset=\"https:\/\/solutions.com.vn\/wp-content\/uploads\/2021\/05\/Vision-1-1.jpg 555w, https:\/\/solutions.com.vn\/wp-content\/uploads\/2021\/05\/Vision-1-1-300x239.jpg 300w\" sizes=\"auto, (max-width: 555px) 100vw, 555px\" \/>\t\t\t\t\t\t\n\t\t\t\t\t<\/div>\n\t\t\t\t\t\t\t\t\n<style>\n#image_497683124 {\n  width: 100%;\n}\n<\/style>\n\t<\/div>\n\t\n\t\t<\/div>\n\t\t\t\t\t<\/div>\n\n\t\n<\/div>\n<\/div>\n<div id=\"tab_s\u1ee8-m\u1ec6nh\" class=\"panel entry-content\" role=\"tabpanel\" aria-labelledby=\"tab-s\u1ee8-m\u1ec6nh\">\n<div class=\"row\"  id=\"row-1160403622\">\n\n\t<div id=\"col-177670946\" class=\"col medium-6 small-12 large-6\"  >\n\t\t\t\t<div class=\"col-inner\"  >\n\t\t\t\n\t\t\t\n<p><em>Kh\u00f4ng ng\u1eebng duy tr\u00ec s\u1ef1 s\u00e1ng t\u1ea1o, c\u1ea3i ti\u1ebfn \u0111\u1ed5i m\u1edbi v\u00e0 n\u1ed7 l\u1ef1c t\u1ea1o ra nh\u1eefng d\u1ef1 \u00e1n ch\u1ea5t l\u01b0\u1ee3ng cao v\u1edbi chi ph\u00ed h\u1ee3p l\u00fd.<\/em><\/p>\n\t\t<\/div>\n\t\t\t\t\t<\/div>\n\n\t\n\n\t<div id=\"col-75824347\" class=\"col medium-6 small-12 large-6\"  >\n\t\t\t\t<div class=\"col-inner\"  >\n\t\t\t\n\t\t\t\n\t<div class=\"img has-hover x md-x lg-x y md-y lg-y\" id=\"image_1289356241\">\n\t\t\t\t\t\t\t\t<div class=\"img-inner dark\" >\n\t\t\t<img loading=\"lazy\" decoding=\"async\" width=\"555\" height=\"443\" src=\"https:\/\/solutions.com.vn\/wp-content\/uploads\/2021\/05\/Mision-1.jpg\" class=\"attachment-large size-large\" alt=\"\" srcset=\"https:\/\/solutions.com.vn\/wp-content\/uploads\/2021\/05\/Mision-1.jpg 555w, https:\/\/solutions.com.vn\/wp-content\/uploads\/2021\/05\/Mision-1-300x239.jpg 300w\" sizes=\"auto, (max-width: 555px) 100vw, 555px\" \/>\t\t\t\t\t\t\n\t\t\t\t\t<\/div>\n\t\t\t\t\t\t\t\t\n<style>\n#image_1289356241 {\n  width: 100%;\n}\n<\/style>\n\t<\/div>\n\t\n\t\t<\/div>\n\t\t\t\t\t<\/div>\n\n\t\n<\/div>\n<\/div>\n<div id=\"tab_gi\u00c1-tr\u1eca-c\u1ed0i-l\u00d5i\" class=\"panel entry-content\" role=\"tabpanel\" aria-labelledby=\"tab-gi\u00c1-tr\u1eca-c\u1ed0i-l\u00d5i\">\n<div class=\"row align-center\"  id=\"row-711955095\">\n\n\t<div id=\"col-1231178187\" class=\"col medium-6 small-12 large-6\"  >\n\t\t\t\t<div class=\"col-inner\"  >\n\t\t\t\n\t\t\t\n\t<div class=\"img has-hover x md-x lg-x y md-y lg-y\" id=\"image_1097648476\">\n\t\t\t\t\t\t\t\t<div class=\"img-inner image-cover dark\" style=\"padding-top:118%;\">\n\t\t\t<img loading=\"lazy\" decoding=\"async\" width=\"6000\" height=\"6000\" src=\"https:\/\/solutions.com.vn\/wp-content\/uploads\/2019\/05\/Core-Values-Model-4.jpg\" class=\"attachment-original size-original\" alt=\"\" srcset=\"https:\/\/solutions.com.vn\/wp-content\/uploads\/2019\/05\/Core-Values-Model-4.jpg 6000w, https:\/\/solutions.com.vn\/wp-content\/uploads\/2019\/05\/Core-Values-Model-4-150x150.jpg 150w, https:\/\/solutions.com.vn\/wp-content\/uploads\/2019\/05\/Core-Values-Model-4-300x300.jpg 300w, https:\/\/solutions.com.vn\/wp-content\/uploads\/2019\/05\/Core-Values-Model-4-768x768.jpg 768w, https:\/\/solutions.com.vn\/wp-content\/uploads\/2019\/05\/Core-Values-Model-4-1024x1024.jpg 1024w\" sizes=\"auto, (max-width: 6000px) 100vw, 6000px\" \/>\t\t\t\t\t\t\n\t\t\t\t\t<\/div>\n\t\t\t\t\t\t\t\t\n<style>\n#image_1097648476 {\n  width: 100%;\n}\n<\/style>\n\t<\/div>\n\t\n\t\t<\/div>\n\t\t\t\t\t<\/div>\n\n\t\n<\/div>\n<\/div><\/div><\/div>\n\t\t<\/div>\n\t\t\t\t\t<\/div>\n\n\t\n<\/div>\n\t\t<\/div>\n\n\t\t\n<style>\n#section_9469695 {\n  padding-top: 30px;\n  padding-bottom: 30px;\n}\n#section_9469695 .ux-shape-divider--top svg {\n  height: 150px;\n  --divider-top-width: 100%;\n}\n#section_9469695 .ux-shape-divider--bottom svg {\n  height: 150px;\n  --divider-width: 100%;\n}\n<\/style>\n\t<\/section>\n\t\n","protected":false},"excerpt":{"rendered":"","protected":false},"author":2,"featured_media":11544,"parent":326,"menu_order":57,"comment_status":"closed","ping_status":"closed","template":"page-blank.php","meta":{"inline_featured_image":false,"footnotes":""},"class_list":["post-444","page","type-page","status-publish","has-post-thumbnail","hentry"],"acf":[],"_links":{"self":[{"href":"https:\/\/solutions.com.vn\/vi\/wp-json\/wp\/v2\/pages\/444","targetHints":{"allow":["GET"]}}],"collection":[{"href":"https:\/\/solutions.com.vn\/vi\/wp-json\/wp\/v2\/pages"}],"about":[{"href":"https:\/\/solutions.com.vn\/vi\/wp-json\/wp\/v2\/types\/page"}],"author":[{"embeddable":true,"href":"https:\/\/solutions.com.vn\/vi\/wp-json\/wp\/v2\/users\/2"}],"replies":[{"embeddable":true,"href":"https:\/\/solutions.com.vn\/vi\/wp-json\/wp\/v2\/comments?post=444"}],"version-history":[{"count":26,"href":"https:\/\/solutions.com.vn\/vi\/wp-json\/wp\/v2\/pages\/444\/revisions"}],"predecessor-version":[{"id":13516,"href":"https:\/\/solutions.com.vn\/vi\/wp-json\/wp\/v2\/pages\/444\/revisions\/13516"}],"up":[{"embeddable":true,"href":"https:\/\/solutions.com.vn\/vi\/wp-json\/wp\/v2\/pages\/326"}],"wp:featuredmedia":[{"embeddable":true,"href":"https:\/\/solutions.com.vn\/vi\/wp-json\/wp\/v2\/media\/11544"}],"wp:attachment":[{"href":"https:\/\/solutions.com.vn\/vi\/wp-json\/wp\/v2\/media?parent=444"}],"curies":[{"name":"wp","href":"https:\/\/api.w.org\/{rel}","templated":true}]}}