{"id":419,"date":"2019-03-13T14:29:38","date_gmt":"2019-03-13T07:29:38","guid":{"rendered":"http:\/\/solution.wbc.vn\/?page_id=419"},"modified":"2025-09-24T16:31:40","modified_gmt":"2025-09-24T09:31:40","slug":"quy-tac-ung-xu","status":"publish","type":"page","link":"https:\/\/solutions.com.vn\/vi\/gioi-thieu\/quy-tac-ung-xu\/","title":{"rendered":"Quy t\u1eafc \u1ee9ng x\u1eed"},"content":{"rendered":"\t<section class=\"section\" id=\"section_733086873\">\n\t\t<div class=\"bg section-bg fill bg-fill  \" >\n\n\t\t\t\n\t\t\t\n\t\t\t\n\n\t\t<\/div>\n\n\t\t\n\n\t\t<div class=\"section-content relative\">\n\t\t\t\n<div class=\"row\"  id=\"row-684357089\">\n\n\t<div id=\"col-250383296\" class=\"col medium-7 small-12 large-7\"  >\n\t\t\t\t<div class=\"col-inner\"  >\n\t\t\t\n\t\t\t\n\n  <div class=\"banner has-hover\" id=\"banner-30945350\">\n          <div class=\"banner-inner fill\">\n        <div class=\"banner-bg fill\" >\n            <div class=\"bg fill bg-fill \"><\/div>\n                                    \n                    <\/div>\n\t\t\n        <div class=\"banner-layers container\">\n            <div class=\"fill banner-link\"><\/div>            \n   <div id=\"text-box-708815733\" class=\"text-box banner-layer x50 md-x50 lg-x50 y50 md-y50 lg-y50 res-text\">\n                                <div class=\"text-box-content text dark\">\n              \n              <div class=\"text-inner text-center\">\n                  \n              <\/div>\n           <\/div>\n                            \n<style>\n#text-box-708815733 {\n  width: 60%;\n}\n#text-box-708815733 .text-box-content {\n  font-size: 100%;\n}\n<\/style>\n    <\/div>\n \n        <\/div>\n      <\/div>\n\n            \n<style>\n#banner-30945350 {\n  padding-top: 500px;\n}\n#banner-30945350 .bg.bg-loaded {\n  background-image: url(https:\/\/solutions.com.vn\/wp-content\/uploads\/2022\/01\/Cost-of-conduct-solutions-1.jpg);\n}\n#banner-30945350 .ux-shape-divider--top svg {\n  height: 150px;\n  --divider-top-width: 100%;\n}\n#banner-30945350 .ux-shape-divider--bottom svg {\n  height: 150px;\n  --divider-width: 100%;\n}\n<\/style>\n  <\/div>\n\n\n\t\t<\/div>\n\t\t\t\t\t<\/div>\n\n\t\n\n\t<div id=\"col-1587903205\" class=\"col medium-5 small-12 large-5\"  >\n\t\t\t\t<div class=\"col-inner\"  >\n\t\t\t\n\t\t\t\n<h2><span style=\"font-size: 24px; color: #d83131;\">Ch\u00fang t\u00f4i th\u00fac \u0111\u1ea9y m\u1ed9t m\u00f4i tr\u01b0\u1eddng l\u00e0m vi\u1ec7c c\u00f3 \u0111\u1ea1o \u0111\u1ee9c<\/span><\/h2>\n<p><strong>T\u00f4n tr\u1ecdng ng\u01b0\u1eddi kh\u00e1c<\/strong><\/p>\n<p>Ch\u00fang t\u00f4i l\u00e0 m\u1ed9t \u0111\u1ed9i, nh\u01b0ng ch\u00fang t\u00f4i \u0111\u1ea1i di\u1ec7n cho nhi\u1ec1u \u00fd t\u01b0\u1edfng, kinh nghi\u1ec7m v\u00e0 n\u1ec1n t\u1ea3ng kh\u00e1c nhau. Ch\u00fang t\u00f4i coi tr\u1ecdng s\u1ef1 \u0111\u00f3ng g\u00f3p c\u1ee7a nhau v\u00e0 tin r\u1eb1ng m\u1ecdi ng\u01b0\u1eddi \u0111\u1ec1u c\u00f3 c\u01a1 h\u1ed9i th\u00e0nh c\u00f4ng nh\u01b0 nhau\u2014\u0111i\u1ec1u n\u00e0y r\u1ea5t quan tr\u1ecdng \u0111\u1ec3 th\u00fac \u0111\u1ea9y c\u00e1c m\u1ee5c ti\u00eau v\u00e0 s\u00e1ng ki\u1ebfn \u200b\u200bc\u1ee7a ch\u00fang t\u00f4i.<\/p>\n<p><strong>Ch\u00fang t\u00f4i h\u00e0nh \u0111\u1ed9ng trung th\u1ef1c<\/strong><\/p>\n<p>Ch\u00fang t\u00f4i s\u1ebd kh\u00f4ng l\u1eeba \u0111\u1ea3o ho\u1eb7c gian d\u1ed1i b\u1ea5t k\u1ef3 ai, h\u00e0nh \u0111\u1ed9ng kh\u00f4ng trung th\u1ef1c ho\u1eb7c l\u1ea1m d\u1ee5ng t\u00e0i s\u1ea3n ho\u1eb7c ngu\u1ed3n l\u1ef1c c\u1ee7a c\u00f4ng ty<\/p>\n<p><strong>H\u1ed1i l\u1ed9 &#038; Tham nh\u0169ng<\/strong><\/p>\n<p>Ch\u00fang t\u00f4i s\u1ebd kh\u00f4ng \u0111\u01b0a, nh\u1eadn h\u1ed1i l\u1ed9 ho\u1eb7c tham gia v\u00e0o c\u00e1c h\u00e0nh vi tham nh\u0169ng<\/p>\n<p><strong>B\u1ea3o v\u1ec7 Nh\u00e2n quy\u1ec1n<\/strong><\/p>\n<p>Ch\u00fang t\u00f4i cam k\u1ebft th\u1ef1c hi\u1ec7n c\u00e1c bi\u1ec7n ph\u00e1p tuy\u1ec3n d\u1ee5ng c\u00f4ng b\u1eb1ng \u1edf m\u1ecdi n\u01a1i ch\u00fang t\u00f4i ho\u1ea1t \u0111\u1ed9ng.<\/p>\n\t\t<\/div>\n\t\t\t\t\t<\/div>\n\n\t\n<\/div>\n<div class=\"row row-mobile-order\"  id=\"row-2143835948\">\n\n\t<div id=\"col-1859080292\" class=\"col medium-5 small-12 large-5\"  >\n\t\t\t\t<div class=\"col-inner\"  >\n\t\t\t\n\t\t\t\n<h2><span style=\"font-size: 24px; color: #d83131;\">Ch\u00fang t\u00f4i l\u00e0m \u0111i\u1ec1u \u0111\u00fang \u0111\u1eafn<\/span><\/h2>\n<p><strong>Kh\u00f4ng bao gi\u1edd h\u1ed1i l\u1ed9<\/strong><\/p>\n<p>Ch\u00fang t\u00f4i c\u1ea1nh tranh kinh doanh d\u1ef1a tr\u00ean ch\u1ea5t l\u01b0\u1ee3ng s\u1ea3n ph\u1ea9m. Ch\u00fang t\u00f4i kh\u00f4ng \u0111\u01b0a h\u1ed1i l\u1ed9, nh\u1eadn h\u1ed1i l\u1ed9 ho\u1eb7c \u0111\u1ec3 ng\u01b0\u1eddi kh\u00e1c h\u1ed1i l\u1ed9 cho b\u1ea1n<\/p>\n<p><strong>Hi\u1ec3u r\u00f5 c\u00e1c quy t\u1eafc v\u1ec1 qu\u00e0 t\u1eb7ng v\u00e0 chi\u00eau \u0111\u00e3i<\/strong><\/p>\n<p>Ch\u00fang t\u00f4i kh\u00f4ng trao ho\u1eb7c nh\u1eadn b\u1ea5t c\u1ee9 th\u1ee9 g\u00ec kh\u00f4ng ph\u00f9 h\u1ee3p.<\/p>\n<p><strong>C\u1ea1nh tranh c\u00f4ng b\u1eb1ng<\/strong><\/p>\n<p>Ch\u00fang t\u00f4i v\u01b0\u1ee3t tr\u1ed9i h\u01a1n \u0111\u1ed1i th\u1ee7 c\u1ea1nh tranh m\u1ed9t c\u00e1ch c\u00f4ng b\u1eb1ng v\u00e0 trung th\u1ef1c, nh\u01b0ng m\u1ea1nh m\u1ebd, v\u00e0 kh\u00f4ng bao gi\u1edd l\u1eeba d\u1ed1i, khai man ho\u1eb7c l\u1ea1m d\u1ee5ng th\u00f4ng tin b\u00ed m\u1eadt \u0111\u1ec3 gi\u00e0nh l\u1ee3i th\u1ebf kh\u00f4ng c\u00f4ng b\u1eb1ng so v\u1edbi \u0111\u1ed1i th\u1ee7 c\u1ea1nh tranh.<\/p>\n<p><strong>L\u01b0u gi\u1eef h\u1ed3 s\u01a1 ch\u00ednh x\u00e1c<\/strong><\/p>\n<p>S\u1ef1 ch\u00ednh tr\u1ef1c trong vi\u1ec7c l\u01b0u tr\u1eef h\u1ed3 s\u01a1 c\u1ee7a ch\u00fang t\u00f4i t\u1ea1o d\u1ef1ng ni\u1ec1m tin cho kh\u00e1ch h\u00e0ng v\u00e0 \u0111\u1ed1i t\u00e1c kinh doanh<\/p>\n\t\t<\/div>\n\t\t\t\t\t<\/div>\n\n\t\n\n\t<div id=\"col-1642035607\" class=\"col medium-7 small-12 large-7\"  >\n\t\t\t\t<div class=\"col-inner\"  >\n\t\t\t\n\t\t\t\n\n  <div class=\"banner has-hover\" id=\"banner-1874578828\">\n          <div class=\"banner-inner fill\">\n        <div class=\"banner-bg fill\" >\n            <div class=\"bg fill bg-fill \"><\/div>\n                                    \n                    <\/div>\n\t\t\n        <div class=\"banner-layers container\">\n            <div class=\"fill banner-link\"><\/div>            \n   <div id=\"text-box-1462116831\" class=\"text-box banner-layer x50 md-x50 lg-x50 y50 md-y50 lg-y50 res-text\">\n                                <div class=\"text-box-content text dark\">\n              \n              <div class=\"text-inner text-center\">\n                  \n              <\/div>\n           <\/div>\n                            \n<style>\n#text-box-1462116831 {\n  width: 60%;\n}\n#text-box-1462116831 .text-box-content {\n  font-size: 100%;\n}\n<\/style>\n    <\/div>\n \n        <\/div>\n      <\/div>\n\n            \n<style>\n#banner-1874578828 {\n  padding-top: 450px;\n}\n#banner-1874578828 .bg.bg-loaded {\n  background-image: url(https:\/\/solutions.com.vn\/wp-content\/uploads\/2022\/01\/Cost-of-conduct-solutions-2.jpg);\n}\n#banner-1874578828 .ux-shape-divider--top svg {\n  height: 150px;\n  --divider-top-width: 100%;\n}\n#banner-1874578828 .ux-shape-divider--bottom svg {\n  height: 150px;\n  --divider-width: 100%;\n}\n<\/style>\n  <\/div>\n\n\n\t\t<\/div>\n\t\t\t\t\t<\/div>\n\n\t\n<\/div>\n<div class=\"row\"  id=\"row-1503068997\">\n\n\t<div id=\"col-48092335\" class=\"col medium-7 small-12 large-7\"  >\n\t\t\t\t<div class=\"col-inner\"  >\n\t\t\t\n\t\t\t\n\n  <div class=\"banner has-hover\" id=\"banner-423340866\">\n          <div class=\"banner-inner fill\">\n        <div class=\"banner-bg fill\" >\n            <div class=\"bg fill bg-fill \"><\/div>\n                                    \n                    <\/div>\n\t\t\n        <div class=\"banner-layers container\">\n            <div class=\"fill banner-link\"><\/div>            \n   <div id=\"text-box-164547059\" class=\"text-box banner-layer x50 md-x50 lg-x50 y50 md-y50 lg-y50 res-text\">\n                                <div class=\"text-box-content text dark\">\n              \n              <div class=\"text-inner text-center\">\n                  \n              <\/div>\n           <\/div>\n                            \n<style>\n#text-box-164547059 {\n  width: 60%;\n}\n#text-box-164547059 .text-box-content {\n  font-size: 100%;\n}\n<\/style>\n    <\/div>\n \n        <\/div>\n      <\/div>\n\n            \n<style>\n#banner-423340866 {\n  padding-top: 500px;\n}\n#banner-423340866 .bg.bg-loaded {\n  background-image: url(https:\/\/solutions.com.vn\/wp-content\/uploads\/2022\/01\/Cost-of-conduct-solutions-3.jpg);\n}\n#banner-423340866 .ux-shape-divider--top svg {\n  height: 150px;\n  --divider-top-width: 100%;\n}\n#banner-423340866 .ux-shape-divider--bottom svg {\n  height: 150px;\n  --divider-width: 100%;\n}\n<\/style>\n  <\/div>\n\n\n\t\t<\/div>\n\t\t\t\t\t<\/div>\n\n\t\n\n\t<div id=\"col-238579233\" class=\"col medium-5 small-12 large-5\"  >\n\t\t\t\t<div class=\"col-inner\"  >\n\t\t\t\n\t\t\t\n<h2><span style=\"font-size: 24px; color: #d83131;\">Ch\u00fang t\u00f4i hi\u1ec3u r\u00f5 tr\u00e1ch nhi\u1ec7m c\u1ee7a m\u00ecnh \u0111\u1ed1i v\u1edbi ng\u01b0\u1eddi kh\u00e1c<\/span><\/h2>\n<p><strong>Duy tr\u00ec ch\u1ea5t l\u01b0\u1ee3ng v\u00e0 an to\u00e0n s\u1ea3n ph\u1ea9m<\/strong><\/p>\n<p>Khi n\u00f3i \u0111\u1ebfn s\u1ea3n ph\u1ea9m, ch\u00fang t\u00f4i kh\u00f4ng bao gi\u1edd th\u1ecfa hi\u1ec7p. Ch\u00fang t\u00f4i \u0111\u1eb7c bi\u1ec7t quan t\u00e2m \u0111\u1ebfn ch\u1ea5t l\u01b0\u1ee3ng v\u00e0 an to\u00e0n s\u1ea3n ph\u1ea9m, \u0111\u1ed3ng th\u1eddi \u0111\u1ea3m b\u1ea3o s\u1ea3n ph\u1ea9m \u0111\u00e1p \u1ee9ng ho\u1eb7c v\u01b0\u1ee3t qu\u00e1 c\u00e1c ti\u00eau chu\u1ea9n n\u1ed9i b\u1ed9 c\u1ee7a ch\u00fang t\u00f4i, c\u0169ng nh\u01b0 c\u00e1c ti\u00eau chu\u1ea9n do lu\u1eadt ph\u00e1p, quy \u0111\u1ecbnh v\u00e0 ng\u00e0nh c\u1ee7a ch\u00fang t\u00f4i \u0111\u1eb7t ra.<\/p>\n<p><strong>B\u1ea3o m\u1eadt th\u00f4ng tin c\u00e1 nh\u00e2n<\/strong><\/p>\n<p>Ch\u00fang t\u00f4i t\u00f4n tr\u1ecdng quy\u1ec1n ri\u00eang t\u01b0 c\u1ee7a kh\u00e1ch h\u00e0ng, \u0111\u1ed3ng nghi\u1ec7p v\u00e0 nh\u1eefng ng\u01b0\u1eddi m\u00e0 ch\u00fang t\u00f4i h\u1ee3p t\u00e1c kinh doanh, v\u00e0 ch\u00fang t\u00f4i x\u1eed l\u00fd th\u00f4ng tin c\u00e1 nh\u00e2n c\u1ee7a h\u1ecd m\u1ed9t c\u00e1ch c\u1ea9n tr\u1ecdng.<\/p>\n<p><strong>T\u00f4n tr\u1ecdng \u0110\u1ed1i t\u00e1c<\/strong><\/p>\n<p>Ch\u00fang t\u00f4i coi tr\u1ecdng c\u00e1c m\u1ed1i quan h\u1ec7 kinh doanh v\u00e0 n\u1ed7 l\u1ef1c tr\u1edf th\u00e0nh m\u1ed9t \u0111\u1ed1i t\u00e1c t\u1ed1t, c\u00f3 tr\u00e1ch nhi\u1ec7m. Ch\u00fang t\u00f4i l\u1ef1a ch\u1ecdn \u0111\u00fang \u0111\u1ed1i t\u00e1c v\u00e0 \u0111\u01b0a ra quy\u1ebft \u0111\u1ecbnh m\u1ed9t c\u00e1ch kh\u00e1ch quan, d\u1ef1a tr\u00ean c\u00e1c y\u1ebfu t\u1ed1 nh\u01b0 ch\u1ea5t l\u01b0\u1ee3ng, d\u1ecbch v\u1ee5, gi\u00e1 c\u1ea3, t\u00ednh kh\u1ea3 d\u1ee5ng v\u00e0 \u0111\u1ed9 tin c\u1eady.<\/p>\n\t\t<\/div>\n\t\t\t\t\t<\/div>\n\n\t\n<\/div>\n<div class=\"row row-mobile-order\"  id=\"row-1342803142\">\n\n\t<div id=\"col-1685586653\" class=\"col medium-5 small-12 large-5\"  >\n\t\t\t\t<div class=\"col-inner\"  >\n\t\t\t\n\t\t\t\n<h2><span style=\"font-size: 24px; color: #d83131;\">Ch\u00fang t\u00f4i t\u1ea1o n\u00ean s\u1ef1 an to\u00e0n mang t\u00ednh c\u00e1 nh\u00e2n<\/span><\/h2>\n<p><strong>Th\u00fac \u0111\u1ea9y GI\u1ea2I PH\u00c1P an to\u00e0n<\/strong><\/p>\n<p>Ch\u00fang t\u00f4i coi tr\u1ecdng s\u1ef1 an to\u00e0n v\u00e0 an ninh c\u1ee7a m\u1ed7i nh\u00e2n vi\u00ean. Ch\u00fang t\u00f4i quan t\u00e2m l\u1eabn nhau. Ch\u00fang t\u00f4i tu\u00e2n th\u1ee7 c\u00e1c quy tr\u00ecnh an to\u00e0n v\u00e0 th\u00fac \u0111\u1ea9y v\u0103n h\u00f3a an to\u00e0n, b\u1edfi v\u00ec con ng\u01b0\u1eddi l\u00e0 t\u00e0i s\u1ea3n l\u1edbn nh\u1ea5t c\u1ee7a ch\u00fang t\u00f4i. M\u1ecdi nh\u00e2n vi\u00ean \u0111\u1ec1u \u0111\u01b0\u1ee3c trao quy\u1ec1n h\u00e0nh \u0111\u1ed9ng ngay l\u1eadp t\u1ee9c v\u00ec s\u1ef1 an to\u00e0n c\u1ee7a m\u1ecdi ng\u01b0\u1eddi, b\u1ea5t k\u1ec3 vai tr\u00f2, ch\u1ee9c danh hay tr\u00e1ch nhi\u1ec7m.<\/p>\n<p><strong>T\u1ea7m nh\u00ecn Kh\u00f4ng G\u00e2y H\u1ea1i<\/strong><\/p>\n<p>\u0110i\u1ec1u n\u00e0y c\u00f3 ngh\u0129a l\u00e0 kh\u00f4ng c\u00f3 th\u01b0\u01a1ng t\u00edch ho\u1eb7c b\u1ec7nh t\u1eadt n\u00e0o do ho\u1ea1t \u0111\u1ed9ng c\u00f4ng vi\u1ec7c c\u1ee7a ch\u00fang t\u00f4i g\u00e2y ra<\/p>\n<p><strong>L\u00e3nh \u0111\u1ea1o<\/strong><\/p>\n<p>Ch\u00fang t\u00f4i s\u1ebd l\u00e0m g\u01b0\u01a1ng ch\u1ee9 kh\u00f4ng n\u00f3i su\u00f4ng<\/p>\n\t\t<\/div>\n\t\t\t\t\t<\/div>\n\n\t\n\n\t<div id=\"col-1013308368\" class=\"col medium-7 small-12 large-7\"  >\n\t\t\t\t<div class=\"col-inner\"  >\n\t\t\t\n\t\t\t\n\n  <div class=\"banner has-hover\" id=\"banner-1458419372\">\n          <div class=\"banner-inner fill\">\n        <div class=\"banner-bg fill\" >\n            <div class=\"bg fill bg-fill \"><\/div>\n                                    \n                    <\/div>\n\t\t\n        <div class=\"banner-layers container\">\n            <div class=\"fill banner-link\"><\/div>            \n   <div id=\"text-box-645300219\" class=\"text-box banner-layer x50 md-x50 lg-x50 y50 md-y50 lg-y50 res-text\">\n                                <div class=\"text-box-content text dark\">\n              \n              <div class=\"text-inner text-center\">\n                  \n              <\/div>\n           <\/div>\n                            \n<style>\n#text-box-645300219 {\n  width: 60%;\n}\n#text-box-645300219 .text-box-content {\n  font-size: 100%;\n}\n<\/style>\n    <\/div>\n \n        <\/div>\n      <\/div>\n\n            \n<style>\n#banner-1458419372 {\n  padding-top: 400px;\n}\n#banner-1458419372 .bg.bg-loaded {\n  background-image: url(https:\/\/solutions.com.vn\/wp-content\/uploads\/2021\/06\/2-1.jpeg);\n}\n#banner-1458419372 .ux-shape-divider--top svg {\n  height: 150px;\n  --divider-top-width: 100%;\n}\n#banner-1458419372 .ux-shape-divider--bottom svg {\n  height: 150px;\n  --divider-width: 100%;\n}\n<\/style>\n  <\/div>\n\n\n\t\t<\/div>\n\t\t\t\t\t<\/div>\n\n\t\n<\/div>\n\t\t<\/div>\n\n\t\t\n<style>\n#section_733086873 {\n  padding-top: 43px;\n  padding-bottom: 43px;\n}\n#section_733086873 .section-bg.bg-loaded {\n  background-image: url(https:\/\/solutions.com.vn\/wp-content\/uploads\/2021\/11\/bg-pattern.png);\n}\n#section_733086873 .ux-shape-divider--top svg {\n  height: 150px;\n  --divider-top-width: 100%;\n}\n#section_733086873 .ux-shape-divider--bottom svg {\n  height: 150px;\n  --divider-width: 100%;\n}\n<\/style>\n\t<\/section>\n\t\n","protected":false},"excerpt":{"rendered":"","protected":false},"author":2,"featured_media":12069,"parent":326,"menu_order":40,"comment_status":"closed","ping_status":"closed","template":"page-blank.php","meta":{"inline_featured_image":false,"footnotes":""},"class_list":["post-419","page","type-page","status-publish","has-post-thumbnail","hentry"],"acf":[],"_links":{"self":[{"href":"https:\/\/solutions.com.vn\/vi\/wp-json\/wp\/v2\/pages\/419","targetHints":{"allow":["GET"]}}],"collection":[{"href":"https:\/\/solutions.com.vn\/vi\/wp-json\/wp\/v2\/pages"}],"about":[{"href":"https:\/\/solutions.com.vn\/vi\/wp-json\/wp\/v2\/types\/page"}],"author":[{"embeddable":true,"href":"https:\/\/solutions.com.vn\/vi\/wp-json\/wp\/v2\/users\/2"}],"replies":[{"embeddable":true,"href":"https:\/\/solutions.com.vn\/vi\/wp-json\/wp\/v2\/comments?post=419"}],"version-history":[{"count":34,"href":"https:\/\/solutions.com.vn\/vi\/wp-json\/wp\/v2\/pages\/419\/revisions"}],"predecessor-version":[{"id":13521,"href":"https:\/\/solutions.com.vn\/vi\/wp-json\/wp\/v2\/pages\/419\/revisions\/13521"}],"up":[{"embeddable":true,"href":"https:\/\/solutions.com.vn\/vi\/wp-json\/wp\/v2\/pages\/326"}],"wp:featuredmedia":[{"embeddable":true,"href":"https:\/\/solutions.com.vn\/vi\/wp-json\/wp\/v2\/media\/12069"}],"wp:attachment":[{"href":"https:\/\/solutions.com.vn\/vi\/wp-json\/wp\/v2\/media?parent=419"}],"curies":[{"name":"wp","href":"https:\/\/api.w.org\/{rel}","templated":true}]}}