{"id":326,"date":"2019-03-13T10:27:39","date_gmt":"2019-03-13T03:27:39","guid":{"rendered":"http:\/\/solution.wbc.vn\/?page_id=326"},"modified":"2025-09-24T11:59:25","modified_gmt":"2025-09-24T04:59:25","slug":"gioi-thieu","status":"publish","type":"page","link":"https:\/\/solutions.com.vn\/vi\/gioi-thieu\/","title":{"rendered":"Gi\u1edbi Thi\u1ec7u"},"content":{"rendered":"\t<section class=\"section\" id=\"section_588541666\">\n\t\t<div class=\"bg section-bg fill bg-fill  \" >\n\n\t\t\t\n\t\t\t\n\t\t\t\n\n\t\t<\/div>\n\n\t\t\n\n\t\t<div class=\"section-content relative\">\n\t\t\t\n<div class=\"row row-collapse about-banner\"  id=\"row-823870152\">\n\n\t<div id=\"col-201984251\" class=\"col medium-3 small-12 large-3\"  >\n\t\t\t\t<div class=\"col-inner\"  >\n\t\t\t\n\t\t\t\n\n  <div class=\"banner has-hover about\" id=\"banner-121179305\">\n          <div class=\"banner-inner fill\">\n        <div class=\"banner-bg fill\" >\n            <div class=\"bg fill bg-fill \"><\/div>\n                                    \n                    <\/div>\n\t\t\n        <div class=\"banner-layers container\">\n            <a class=\"fill\" href=\"\/vi\/gioi-thieu\/tong-quan\/\"  ><div class=\"fill banner-link\"><\/div><\/a>            \n   <div id=\"text-box-247270361\" class=\"text-box banner-layer x50 md-x50 lg-x50 y100 md-y100 lg-y100 res-text\">\n                                <div class=\"text-box-content text dark\">\n              \n              <div class=\"text-inner text-center\">\n                  \n<a href=\"\/vi\/gioi-thieu\/tong-quan\/\" target=\"_self\" class=\"button primary button-gioithieu\"  >\n    <span>T\u1ed5ng quan<\/span>\n  <\/a>\n\n              <\/div>\n           <\/div>\n                            \n<style>\n#text-box-247270361 .text-box-content {\n  background-color: rgba(0, 145, 181, 0.79);\n  font-size: 324%;\n}\n#text-box-247270361 {\n  width: 100%;\n}\n<\/style>\n    <\/div>\n \n        <\/div>\n      <\/div>\n\n            \n<style>\n#banner-121179305 {\n  padding-top: 285px;\n}\n#banner-121179305 .bg.bg-loaded {\n  background-image: url(https:\/\/solutions.com.vn\/wp-content\/uploads\/2025\/07\/IMG_4932-1024x683.jpg);\n}\n#banner-121179305 .ux-shape-divider--top svg {\n  height: 150px;\n  --divider-top-width: 100%;\n}\n#banner-121179305 .ux-shape-divider--bottom svg {\n  height: 150px;\n  --divider-width: 100%;\n}\n<\/style>\n  <\/div>\n\n\n\t\t<\/div>\n\t\t\t\t\n<style>\n#col-201984251 > .col-inner {\n  padding: 3px;\n}\n<\/style>\n\t<\/div>\n\n\t\n\n\t<div id=\"col-733146262\" class=\"col medium-3 small-12 large-3\"  >\n\t\t\t\t<div class=\"col-inner\"  >\n\t\t\t\n\t\t\t\n\n  <div class=\"banner has-hover about\" id=\"banner-804509727\">\n          <div class=\"banner-inner fill\">\n        <div class=\"banner-bg fill\" >\n            <div class=\"bg fill bg-fill \"><\/div>\n                                    \n                    <\/div>\n\t\t\n        <div class=\"banner-layers container\">\n            <a class=\"fill\" href=\"\/vi\/gioi-thieu\/co-cau-to-chuc\/\"  ><div class=\"fill banner-link\"><\/div><\/a>            \n   <div id=\"text-box-339071681\" class=\"text-box banner-layer x50 md-x50 lg-x50 y100 md-y100 lg-y100 res-text\">\n                                <div class=\"text-box-content text dark\">\n              \n              <div class=\"text-inner text-center\">\n                  \n<a href=\"\/vi\/gioi-thieu\/co-cau-to-chuc\/\" target=\"_self\" class=\"button primary button-gioithieu\"  >\n    <span>C\u01a1 c\u1ea5u t\u1ed5 ch\u1ee9c<\/span>\n  <\/a>\n\n              <\/div>\n           <\/div>\n                            \n<style>\n#text-box-339071681 .text-box-content {\n  background-color: rgba(0, 145, 181, 0.79);\n  font-size: 324%;\n}\n#text-box-339071681 {\n  width: 100%;\n}\n<\/style>\n    <\/div>\n \n        <\/div>\n      <\/div>\n\n            \n<style>\n#banner-804509727 {\n  padding-top: 285px;\n}\n#banner-804509727 .bg.bg-loaded {\n  background-image: url(https:\/\/solutions.com.vn\/wp-content\/uploads\/2024\/12\/279A7777-1-1024x623.jpg);\n}\n#banner-804509727 .bg {\n  background-position: 0% 0%;\n}\n#banner-804509727 .ux-shape-divider--top svg {\n  height: 150px;\n  --divider-top-width: 100%;\n}\n#banner-804509727 .ux-shape-divider--bottom svg {\n  height: 150px;\n  --divider-width: 100%;\n}\n<\/style>\n  <\/div>\n\n\n\t\t<\/div>\n\t\t\t\t\n<style>\n#col-733146262 > .col-inner {\n  padding: 3px;\n}\n<\/style>\n\t<\/div>\n\n\t\n\n\t<div id=\"col-435026688\" class=\"col medium-3 small-12 large-3\"  >\n\t\t\t\t<div class=\"col-inner\"  >\n\t\t\t\n\t\t\t\n\n  <div class=\"banner has-hover about\" id=\"banner-835988394\">\n          <div class=\"banner-inner fill\">\n        <div class=\"banner-bg fill\" >\n            <div class=\"bg fill bg-fill \"><\/div>\n                                    \n                    <\/div>\n\t\t\n        <div class=\"banner-layers container\">\n            <a class=\"fill\" href=\"\/vi\/gioi-thieu\/tam-nhin-su-menh-gia-tri-cot-loi\/\"  ><div class=\"fill banner-link\"><\/div><\/a>            \n   <div id=\"text-box-1355889721\" class=\"text-box banner-layer x50 md-x50 lg-x50 y100 md-y100 lg-y100 res-text\">\n                                <div class=\"text-box-content text dark\">\n              \n              <div class=\"text-inner text-left\">\n                  \n<a href=\"\/vi\/gioi-thieu\/tam-nhin-su-menh-gia-tri-cot-loi\/\" target=\"_self\" class=\"button primary button-gioithieu\"  >\n    <span>T\u1ea7m nh\u00ecn - S\u1ee9 m\u1ec7nh - Gi\u00e1 Tr\u1ecb c\u1ed1t l\u00f5i<\/span>\n  <\/a>\n\n              <\/div>\n           <\/div>\n                            \n<style>\n#text-box-1355889721 .text-box-content {\n  background-color: rgba(0, 145, 181, 0.79);\n  font-size: 324%;\n}\n#text-box-1355889721 {\n  width: 100%;\n}\n<\/style>\n    <\/div>\n \n        <\/div>\n      <\/div>\n\n            \n<style>\n#banner-835988394 {\n  padding-top: 285px;\n}\n#banner-835988394 .bg.bg-loaded {\n  background-image: url(https:\/\/solutions.com.vn\/wp-content\/uploads\/2025\/04\/IMG_4392-1024x683.jpg);\n}\n#banner-835988394 .bg {\n  background-position: 0% 42%;\n}\n#banner-835988394 .ux-shape-divider--top svg {\n  height: 150px;\n  --divider-top-width: 100%;\n}\n#banner-835988394 .ux-shape-divider--bottom svg {\n  height: 150px;\n  --divider-width: 100%;\n}\n<\/style>\n  <\/div>\n\n\n\t\t<\/div>\n\t\t\t\t\n<style>\n#col-435026688 > .col-inner {\n  padding: 3px;\n}\n<\/style>\n\t<\/div>\n\n\t\n\n\t<div id=\"col-2093814062\" class=\"col medium-3 small-12 large-3\"  >\n\t\t\t\t<div class=\"col-inner\"  >\n\t\t\t\n\t\t\t\n\n  <div class=\"banner has-hover about\" id=\"banner-1176744499\">\n          <div class=\"banner-inner fill\">\n        <div class=\"banner-bg fill\" >\n            <div class=\"bg fill bg-fill \"><\/div>\n                                    \n                    <\/div>\n\t\t\n        <div class=\"banner-layers container\">\n            <a class=\"fill\" href=\"\/vi\/gioi-thieu\/quy-tac-ung-xu\/\"  ><div class=\"fill banner-link\"><\/div><\/a>            \n   <div id=\"text-box-747380322\" class=\"text-box banner-layer x50 md-x50 lg-x50 y100 md-y100 lg-y100 res-text\">\n                                <div class=\"text-box-content text dark\">\n              \n              <div class=\"text-inner text-center\">\n                  \n<a href=\"\/vi\/gioi-thieu\/quy-tac-ung-xu\/\" target=\"_self\" class=\"button primary button-gioithieu\"  >\n    <span>Quy t\u1eafc \u1ee9ng x\u1eed<\/span>\n  <\/a>\n\n              <\/div>\n           <\/div>\n                            \n<style>\n#text-box-747380322 .text-box-content {\n  background-color: rgba(0, 145, 181, 0.79);\n  font-size: 324%;\n}\n#text-box-747380322 {\n  width: 100%;\n}\n<\/style>\n    <\/div>\n \n        <\/div>\n      <\/div>\n\n            \n<style>\n#banner-1176744499 {\n  padding-top: 285px;\n}\n#banner-1176744499 .bg.bg-loaded {\n  background-image: url(https:\/\/solutions.com.vn\/wp-content\/uploads\/2025\/07\/IMG_4863-1024x683.jpg);\n}\n#banner-1176744499 .ux-shape-divider--top svg {\n  height: 150px;\n  --divider-top-width: 100%;\n}\n#banner-1176744499 .ux-shape-divider--bottom svg {\n  height: 150px;\n  --divider-width: 100%;\n}\n<\/style>\n  <\/div>\n\n\n\t\t<\/div>\n\t\t\t\t\n<style>\n#col-2093814062 > .col-inner {\n  padding: 3px;\n}\n<\/style>\n\t<\/div>\n\n\t\n\n\t<div id=\"col-1745953605\" class=\"col medium-3 small-12 large-3\"  >\n\t\t\t\t<div class=\"col-inner\"  >\n\t\t\t\n\t\t\t\n\n  <div class=\"banner has-hover about\" id=\"banner-593717055\">\n          <div class=\"banner-inner fill\">\n        <div class=\"banner-bg fill\" >\n            <div class=\"bg fill bg-fill \"><\/div>\n                                    \n                    <\/div>\n\t\t\n        <div class=\"banner-layers container\">\n            <a class=\"fill\" href=\"\/vi\/gioi-thieu\/linh-vuc-hoat-dong\/\"  ><div class=\"fill banner-link\"><\/div><\/a>            \n   <div id=\"text-box-1060942036\" class=\"text-box banner-layer x50 md-x50 lg-x50 y100 md-y100 lg-y100 res-text\">\n                                <div class=\"text-box-content text dark\">\n              \n              <div class=\"text-inner text-center\">\n                  \n<a href=\"\/vi\/gioi-thieu\/linh-vuc-hoat-dong\/\" target=\"_self\" class=\"button primary button-gioithieu\"  >\n    <span>L\u0129nh v\u1ef1c ho\u1ea1t \u0111\u1ed9ng<\/span>\n  <\/a>\n\n              <\/div>\n           <\/div>\n                            \n<style>\n#text-box-1060942036 .text-box-content {\n  background-color: rgba(0, 145, 181, 0.79);\n  font-size: 324%;\n}\n#text-box-1060942036 {\n  width: 100%;\n}\n<\/style>\n    <\/div>\n \n        <\/div>\n      <\/div>\n\n            \n<style>\n#banner-593717055 {\n  padding-top: 285px;\n}\n#banner-593717055 .bg.bg-loaded {\n  background-image: url(https:\/\/solutions.com.vn\/wp-content\/uploads\/2025\/07\/1-1-scaled.jpg);\n}\n#banner-593717055 .bg {\n  background-position: 0% 64%;\n}\n#banner-593717055 .ux-shape-divider--top svg {\n  height: 150px;\n  --divider-top-width: 100%;\n}\n#banner-593717055 .ux-shape-divider--bottom svg {\n  height: 150px;\n  --divider-width: 100%;\n}\n<\/style>\n  <\/div>\n\n\n\t\t<\/div>\n\t\t\t\t\n<style>\n#col-1745953605 > .col-inner {\n  padding: 3px;\n}\n<\/style>\n\t<\/div>\n\n\t\n\n\t<div id=\"col-980891150\" class=\"col medium-3 small-12 large-3\"  >\n\t\t\t\t<div class=\"col-inner\"  >\n\t\t\t\n\t\t\t\n\n  <div class=\"banner has-hover about\" id=\"banner-260559649\">\n          <div class=\"banner-inner fill\">\n        <div class=\"banner-bg fill\" >\n            <div class=\"bg fill bg-fill \"><\/div>\n                                    \n                    <\/div>\n\t\t\n        <div class=\"banner-layers container\">\n            <a class=\"fill\" href=\"\/vi\/gioi-thieu\/khach-hang-doi-tac\/\"  ><div class=\"fill banner-link\"><\/div><\/a>            \n   <div id=\"text-box-393474136\" class=\"text-box banner-layer x50 md-x50 lg-x50 y100 md-y100 lg-y100 res-text\">\n                                <div class=\"text-box-content text dark\">\n              \n              <div class=\"text-inner text-center\">\n                  \n<a href=\"\/vi\/gioi-thieu\/khach-hang-doi-tac\/\" target=\"_self\" class=\"button primary button-gioithieu\"  >\n    <span>Kh\u00e1ch h\u00e0ng & \u0110\u1ed1i t\u00e1c<\/span>\n  <\/a>\n\n              <\/div>\n           <\/div>\n                            \n<style>\n#text-box-393474136 .text-box-content {\n  background-color: rgba(0, 145, 181, 0.79);\n  font-size: 324%;\n}\n#text-box-393474136 {\n  width: 100%;\n}\n<\/style>\n    <\/div>\n \n        <\/div>\n      <\/div>\n\n            \n<style>\n#banner-260559649 {\n  padding-top: 285px;\n}\n#banner-260559649 .bg.bg-loaded {\n  background-image: url(https:\/\/solutions.com.vn\/wp-content\/uploads\/2025\/09\/DAN-285-1024x683.jpg);\n}\n#banner-260559649 .ux-shape-divider--top svg {\n  height: 150px;\n  --divider-top-width: 100%;\n}\n#banner-260559649 .ux-shape-divider--bottom svg {\n  height: 150px;\n  --divider-width: 100%;\n}\n<\/style>\n  <\/div>\n\n\n\t\t<\/div>\n\t\t\t\t\n<style>\n#col-980891150 > .col-inner {\n  padding: 3px;\n}\n<\/style>\n\t<\/div>\n\n\t\n\n\t<div id=\"col-1691435223\" class=\"col medium-3 small-12 large-3\"  >\n\t\t\t\t<div class=\"col-inner\"  >\n\t\t\t\n\t\t\t\n\n  <div class=\"banner has-hover about\" id=\"banner-1010372250\">\n          <div class=\"banner-inner fill\">\n        <div class=\"banner-bg fill\" >\n            <div class=\"bg fill bg-fill \"><\/div>\n                                    \n                    <\/div>\n\t\t\n        <div class=\"banner-layers container\">\n            <a class=\"fill\" href=\"\/vi\/gioi-thieu\/thu-danh-gia\/\"  ><div class=\"fill banner-link\"><\/div><\/a>            \n   <div id=\"text-box-712702216\" class=\"text-box banner-layer x50 md-x50 lg-x50 y100 md-y100 lg-y100 res-text\">\n                                <div class=\"text-box-content text dark\">\n              \n              <div class=\"text-inner text-center\">\n                  \n<a href=\"\/vi\/gioi-thieu\/thu-danh-gia\/\" target=\"_self\" class=\"button primary button-gioithieu\"  >\n    <span>Th\u01b0 \u0111\u00e1nh gi\u00e1<\/span>\n  <\/a>\n\n              <\/div>\n           <\/div>\n                            \n<style>\n#text-box-712702216 .text-box-content {\n  background-color: rgba(0, 145, 181, 0.79);\n  font-size: 324%;\n}\n#text-box-712702216 {\n  width: 100%;\n}\n<\/style>\n    <\/div>\n \n        <\/div>\n      <\/div>\n\n            \n<style>\n#banner-1010372250 {\n  padding-top: 285px;\n}\n#banner-1010372250 .bg.bg-loaded {\n  background-image: url(https:\/\/solutions.com.vn\/wp-content\/uploads\/2025\/07\/IMG_4381-1024x683.jpg);\n}\n#banner-1010372250 .ux-shape-divider--top svg {\n  height: 150px;\n  --divider-top-width: 100%;\n}\n#banner-1010372250 .ux-shape-divider--bottom svg {\n  height: 150px;\n  --divider-width: 100%;\n}\n<\/style>\n  <\/div>\n\n\n\t\t<\/div>\n\t\t\t\t\n<style>\n#col-1691435223 > .col-inner {\n  padding: 3px;\n}\n<\/style>\n\t<\/div>\n\n\t\n\n\t<div id=\"col-535401480\" class=\"col medium-3 small-12 large-3\"  >\n\t\t\t\t<div class=\"col-inner\"  >\n\t\t\t\n\t\t\t\n\n  <div class=\"banner has-hover about\" id=\"banner-2070085107\">\n          <div class=\"banner-inner fill\">\n        <div class=\"banner-bg fill\" >\n            <div class=\"bg fill bg-fill \"><\/div>\n                                    \n                    <\/div>\n\t\t\n        <div class=\"banner-layers container\">\n            <a class=\"fill\" href=\"\/vi\/gioi-thieu\/solutions-profile\/\"  ><div class=\"fill banner-link\"><\/div><\/a>            \n   <div id=\"text-box-2044399328\" class=\"text-box banner-layer x50 md-x50 lg-x50 y100 md-y100 lg-y100 res-text\">\n                                <div class=\"text-box-content text dark\">\n              \n              <div class=\"text-inner text-center\">\n                  \n<a href=\"\/vi\/gioi-thieu\/solutions-profile\/\" target=\"_self\" class=\"button primary button-gioithieu\"  >\n    <span>H\u1ed3 s\u01a1 n\u0103ng l\u1ef1c<\/span>\n  <\/a>\n\n              <\/div>\n           <\/div>\n                            \n<style>\n#text-box-2044399328 .text-box-content {\n  background-color: rgba(0, 145, 181, 0.79);\n  font-size: 324%;\n}\n#text-box-2044399328 {\n  width: 100%;\n}\n<\/style>\n    <\/div>\n \n        <\/div>\n      <\/div>\n\n            \n<style>\n#banner-2070085107 {\n  padding-top: 285px;\n}\n#banner-2070085107 .bg.bg-loaded {\n  background-image: url(https:\/\/solutions.com.vn\/wp-content\/uploads\/2025\/07\/Solutions-Profile-1-1024x724.png);\n}\n#banner-2070085107 .ux-shape-divider--top svg {\n  height: 150px;\n  --divider-top-width: 100%;\n}\n#banner-2070085107 .ux-shape-divider--bottom svg {\n  height: 150px;\n  --divider-width: 100%;\n}\n<\/style>\n  <\/div>\n\n\n\t\t<\/div>\n\t\t\t\t\n<style>\n#col-535401480 > .col-inner {\n  padding: 3px;\n}\n<\/style>\n\t<\/div>\n\n\t\n<\/div>\n\t\t<\/div>\n\n\t\t\n<style>\n#section_588541666 {\n  padding-top: 70px;\n  padding-bottom: 70px;\n}\n#section_588541666 .section-bg.bg-loaded {\n  background-image: url(https:\/\/solutions.com.vn\/wp-content\/uploads\/2021\/11\/bg-pattern.png);\n}\n#section_588541666 .ux-shape-divider--top svg {\n  height: 150px;\n  --divider-top-width: 100%;\n}\n#section_588541666 .ux-shape-divider--bottom svg {\n  height: 150px;\n  --divider-width: 100%;\n}\n<\/style>\n\t<\/section>\n\t\n<p>&nbsp;<\/p>\n<p>&nbsp;<\/p>\n","protected":false},"excerpt":{"rendered":"<p>&nbsp; &nbsp;<\/p>\n","protected":false},"author":2,"featured_media":11754,"parent":0,"menu_order":19,"comment_status":"closed","ping_status":"closed","template":"page-blank.php","meta":{"inline_featured_image":false,"footnotes":""},"class_list":["post-326","page","type-page","status-publish","has-post-thumbnail","hentry"],"acf":[],"_links":{"self":[{"href":"https:\/\/solutions.com.vn\/vi\/wp-json\/wp\/v2\/pages\/326","targetHints":{"allow":["GET"]}}],"collection":[{"href":"https:\/\/solutions.com.vn\/vi\/wp-json\/wp\/v2\/pages"}],"about":[{"href":"https:\/\/solutions.com.vn\/vi\/wp-json\/wp\/v2\/types\/page"}],"author":[{"embeddable":true,"href":"https:\/\/solutions.com.vn\/vi\/wp-json\/wp\/v2\/users\/2"}],"replies":[{"embeddable":true,"href":"https:\/\/solutions.com.vn\/vi\/wp-json\/wp\/v2\/comments?post=326"}],"version-history":[{"count":74,"href":"https:\/\/solutions.com.vn\/vi\/wp-json\/wp\/v2\/pages\/326\/revisions"}],"predecessor-version":[{"id":13504,"href":"https:\/\/solutions.com.vn\/vi\/wp-json\/wp\/v2\/pages\/326\/revisions\/13504"}],"wp:featuredmedia":[{"embeddable":true,"href":"https:\/\/solutions.com.vn\/vi\/wp-json\/wp\/v2\/media\/11754"}],"wp:attachment":[{"href":"https:\/\/solutions.com.vn\/vi\/wp-json\/wp\/v2\/media?parent=326"}],"curies":[{"name":"wp","href":"https:\/\/api.w.org\/{rel}","templated":true}]}}