{"id":1663,"date":"2019-05-11T09:07:49","date_gmt":"2019-05-11T02:07:49","guid":{"rendered":"http:\/\/solution.wbc.vn\/?page_id=1663"},"modified":"2025-09-24T16:37:16","modified_gmt":"2025-09-24T09:37:16","slug":"linh-vuc-hoat-dong","status":"publish","type":"page","link":"https:\/\/solutions.com.vn\/vi\/gioi-thieu\/linh-vuc-hoat-dong\/","title":{"rendered":"L\u0129nh v\u1ef1c ho\u1ea1t \u0111\u1ed9ng"},"content":{"rendered":"\t<section class=\"section\" id=\"section_1032481546\">\n\t\t<div class=\"bg section-bg fill bg-fill  \" >\n\n\t\t\t\n\t\t\t\n\t\t\t\n\n\t\t<\/div>\n\n\t\t\n\n\t\t<div class=\"section-content relative\">\n\t\t\t\n<div class=\"row\"  id=\"row-1960896243\">\n\n\t<div id=\"col-673890970\" class=\"col padding-bot small-12 large-12\"  >\n\t\t\t\t<div class=\"col-inner\"  >\n\t\t\t\n\t\t\t\n\n\t\t<div class=\"tabbed-content custom-tab\">\n\t\t\t\n\t\t\t<ul class=\"nav nav-line nav-vertical nav-uppercase nav-size-normal nav-left\" role=\"tablist\"><li id=\"tab-nh\u00c0-th\u1ea6u-ch\u00cdnh\" class=\"tab active has-icon\" role=\"presentation\"><a href=\"#tab_nh\u00c0-th\u1ea6u-ch\u00cdnh\" role=\"tab\" aria-selected=\"true\" aria-controls=\"tab_nh\u00c0-th\u1ea6u-ch\u00cdnh\"><span>NH\u00c0 TH\u1ea6U CH\u00cdNH<\/span><\/a><\/li>\n<li id=\"tab-thi\u1ebet-k\u1ebe-&-x\u00c2y-d\u1ef0ng\" class=\"tab has-icon\" role=\"presentation\"><a href=\"#tab_thi\u1ebet-k\u1ebe-&-x\u00c2y-d\u1ef0ng\" tabindex=\"-1\" role=\"tab\" aria-selected=\"false\" aria-controls=\"tab_thi\u1ebet-k\u1ebe-&-x\u00c2y-d\u1ef0ng\"><span>THI\u1ebeT K\u1ebe & X\u00c2Y D\u1ef0NG<\/span><\/a><\/li>\n<li id=\"tab-h\u1ec6-th\u1ed0ng-mep\" class=\"tab has-icon\" role=\"presentation\"><a href=\"#tab_h\u1ec6-th\u1ed0ng-mep\" tabindex=\"-1\" role=\"tab\" aria-selected=\"false\" aria-controls=\"tab_h\u1ec6-th\u1ed0ng-mep\"><span>H\u1ec6 TH\u1ed0NG MEP<\/span><\/a><\/li><\/ul><div class=\"tab-panels\"><div id=\"tab_nh\u00c0-th\u1ea6u-ch\u00cdnh\" class=\"panel active entry-content\" role=\"tabpanel\" aria-labelledby=\"tab-nh\u00c0-th\u1ea6u-ch\u00cdnh\">\n\t<div class=\"img has-hover x md-x lg-x y md-y lg-y\" id=\"image_921304960\">\n\t\t\t\t\t\t\t\t<div class=\"img-inner dark\" >\n\t\t\t<img loading=\"lazy\" decoding=\"async\" width=\"690\" height=\"721\" src=\"https:\/\/solutions.com.vn\/wp-content\/uploads\/2021\/12\/contractor.png\" class=\"attachment-original size-original\" alt=\"\" srcset=\"https:\/\/solutions.com.vn\/wp-content\/uploads\/2021\/12\/contractor.png 690w, https:\/\/solutions.com.vn\/wp-content\/uploads\/2021\/12\/contractor-287x300.png 287w\" sizes=\"auto, (max-width: 690px) 100vw, 690px\" \/>\t\t\t\t\t\t\n\t\t\t\t\t<\/div>\n\t\t\t\t\t\t\t\t\n<style>\n#image_921304960 {\n  width: 100%;\n}\n<\/style>\n\t<\/div>\n\t\n\t<div id=\"gap-829425171\" class=\"gap-element clearfix\" style=\"display:block; height:auto;\">\n\t\t\n<style>\n#gap-829425171 {\n  padding-top: 46px;\n}\n<\/style>\n\t<\/div>\n\t\n<p>Ch\u00fang t\u00f4i hi\u1ec3u r\u1eb1ng kh\u00e1ch h\u00e0ng c\u1ee7a m\u00ecnh mu\u1ed1n th\u1ea5y nh\u1eefng k\u1ebft qu\u1ea3 mang l\u1ea1i s\u1ef1 kh\u00e1c bi\u1ec7t v\u00e0 nhi\u1ec1u h\u01a1n n\u1eefa.<\/p>\n<p>V\u1edbi t\u01b0 c\u00e1ch l\u00e0 m\u1ed9t nh\u00e0 th\u1ea7u ch\u00ednh, ch\u00fang t\u00f4i hi\u1ec3u r\u1eb1ng m\u1ed9t k\u1ebf ho\u1ea1ch x\u00e2y d\u1ef1ng ph\u00f9 h\u1ee3p cho t\u1eebng d\u1ef1 \u00e1n ph\u1ee5 thu\u1ed9c v\u00e0o giai \u0111o\u1ea1n chu\u1ea9n b\u1ecb chi ti\u1ebft, trong \u0111\u00f3 c\u00e1c y\u00eau c\u1ea7u v\u1ec1 ch\u1ea5t l\u01b0\u1ee3ng, ti\u1ebfn \u0111\u1ed9, chi ph\u00ed, r\u1ee7i ro, c\u00e1c r\u00e0ng bu\u1ed9c \u0111\u01b0\u1ee3c \u0111\u00e1p \u1ee9ng. ngh\u0129a v\u1ee5 v\u00e0 l\u1ee3i \u00edch c\u1ee7a c\u00e1c b\u00ean li\u00ean quan\u2026<\/p>\n<p>C\u00e1c gi\u1ea3i ph\u00e1p th\u00e0nh c\u00f4ng v\u1edbi c\u00e1c d\u1ef1 \u00e1n th\u00f4ng qua vi\u1ec7c l\u1eadp k\u1ebf ho\u1ea1ch hi\u1ec7u qu\u1ea3 t\u1eeb \u0111\u1ed9i ng\u0169 ph\u00f9 h\u1ee3p v\u00e0 ki\u1ec3m so\u00e1t ch\u1eb7t ch\u1ebd \u0111\u01b0\u1ee3c duy tr\u00ec li\u00ean t\u1ee5c trong su\u1ed1t v\u00f2ng \u0111\u1eddi c\u1ee7a d\u1ef1 \u00e1n \u0111\u1ec3 \u0111\u1ea3m b\u1ea3o c\u00e1c th\u00e1ch th\u1ee9c \u0111\u01b0\u1ee3c gi\u1ea3i quy\u1ebft m\u1ed9t c\u00e1ch hi\u1ec7u qu\u1ea3, \u0111\u00e1p \u1ee9ng c\u00e1c m\u1ee5c ti\u00eau v\u1ec1 th\u1eddi gian, chi ph\u00ed, ch\u1ea5t l\u01b0\u1ee3ng c\u1ee7a d\u1ef1 \u00e1n v\u00e0 gi\u1ea3m r\u1ee7i ro cho nh\u00e0 \u0111\u1ea7u t\u01b0.<\/p>\n<\/div>\n<div id=\"tab_thi\u1ebet-k\u1ebe-&-x\u00c2y-d\u1ef0ng\" class=\"panel entry-content\" role=\"tabpanel\" aria-labelledby=\"tab-thi\u1ebet-k\u1ebe-&-x\u00c2y-d\u1ef0ng\">\n\t<div class=\"img has-hover x md-x lg-x y md-y lg-y\" id=\"image_249228761\">\n\t\t\t\t\t\t\t\t<div class=\"img-inner dark\" >\n\t\t\t<img loading=\"lazy\" decoding=\"async\" width=\"712\" height=\"298\" src=\"https:\/\/solutions.com.vn\/wp-content\/uploads\/2021\/12\/design-3-1.png\" class=\"attachment-original size-original\" alt=\"\" srcset=\"https:\/\/solutions.com.vn\/wp-content\/uploads\/2021\/12\/design-3-1.png 712w, https:\/\/solutions.com.vn\/wp-content\/uploads\/2021\/12\/design-3-1-300x126.png 300w\" sizes=\"auto, (max-width: 712px) 100vw, 712px\" \/>\t\t\t\t\t\t\n\t\t\t\t\t<\/div>\n\t\t\t\t\t\t\t\t\n<style>\n#image_249228761 {\n  width: 100%;\n}\n<\/style>\n\t<\/div>\n\t\n\t<div id=\"gap-371668521\" class=\"gap-element clearfix\" style=\"display:block; height:auto;\">\n\t\t\n<style>\n#gap-371668521 {\n  padding-top: 50px;\n}\n<\/style>\n\t<\/div>\n\t\n<p>Thi\u1ebft k\u1ebf &amp; Nh\u00e0 th\u1ea7u x\u00e2y d\u1ef1ng (D&#038;B), ch\u00fang t\u00f4i ch\u1ecbu tr\u00e1ch nhi\u1ec7m mang l\u1ea1i nh\u1eefng k\u1ebft qu\u1ea3 quan tr\u1ecdng cho kh\u00e1ch h\u00e0ng, t\u1eeb \u00fd t\u01b0\u1edfng thi\u1ebft k\u1ebf ban \u0111\u1ea7u \u0111\u1ebfn khi ho\u00e0n th\u00e0nh d\u1ef1 \u00e1n th\u00f4ng qua:<\/p>\n<p>&#8211; <strong>Qu\u1ea3n l\u00fd d\u1ef1 \u00e1n:<\/strong> th\u00f4ng qua vi\u1ec7c l\u1eadp k\u1ebf ho\u1ea1ch hi\u1ec7u qu\u1ea3, \u0111\u1ed9i ng\u0169 ph\u00f9 h\u1ee3p v\u00e0 c\u00e1c bi\u1ec7n ph\u00e1p ki\u1ec3m so\u00e1t ch\u1eb7t ch\u1ebd gi\u00fap gi\u1ea3m thi\u1ec3u r\u1ee7i ro d\u1ef1 \u00e1n v\u00e0 r\u00fat ng\u1eafn ti\u1ebfn \u0111\u1ed9 thi c\u00f4ng.<\/p>\n<p>&#8211; <strong>Qu\u1ea3n l\u00fd Cung \u1ee9ng:<\/strong> ph\u00e1t tri\u1ec3n m\u1ea1ng l\u01b0\u1edbi c\u00e1c nh\u00e0 cung c\u1ea5p, nh\u00e0 th\u1ea7u ph\u1ee5, \u0111\u1ed9i ng\u0169 \u0111\u1ec3 t\u1ea1o ra chi\u1ebfn l\u01b0\u1ee3c cung c\u1ea5p &#8220;\u0111\u1ed9i ng\u0169 thi c\u00f4ng &#038; v\u1eadt li\u1ec7u&#8221; nh\u1eb1m \u0111\u1ea1t \u0111\u01b0\u1ee3c chi ph\u00ed t\u1ed1t nh\u1ea5t tr\u00ean th\u1ecb tr\u01b0\u1eddng.<\/p>\n<p>&#8211; <strong>Qu\u1ea3n l\u00fd Ki\u1ec3m so\u00e1t:<\/strong>\u00a0ki\u1ec3m so\u00e1t ch\u1ee7 \u0111\u1ed9ng t\u1eeb m\u1ed9t quy tr\u00ecnh r\u00f5 r\u00e0ng, t\u1ed1i \u01b0u h\u00f3a thi\u1ebft k\u1ebf c\u00f4ng tr\u00ecnh, v\u1eadt li\u1ec7u, ph\u01b0\u01a1ng ph\u00e1p, k\u1ef9 thu\u1eadt, v.v. Qu\u00e1 tr\u00ecnh thi c\u00f4ng nhanh h\u01a1n, linh ho\u1ea1t h\u01a1n, \u0111\u1ea3m b\u1ea3o hi\u1ec7u su\u1ea5t v\u00e0 t\u00ednh th\u1ea9m m\u1ef9 cao.<\/p>\n<p>N\u1ebfu m\u00f4 h\u00ecnh h\u1ee3p \u0111\u1ed3ng thi\u1ebft k\u1ebf-thi c\u00f4ng ph\u00f9 h\u1ee3p v\u1edbi b\u1ea1n, th\u00ec b\u1ea1n c\u00f3 th\u1ec3 mong \u0111\u1ee3i <span style=\"color: #000080;\"><strong>Gi\u1ea3i ph\u00e1p<\/strong><\/span>\u00a0t\u1ea1o ra m\u1ed1i quan h\u1ec7 \u0111\u1ed1i t\u00e1c \u0111\u1ec3 to\u00e0n b\u1ed9 d\u1ef1 \u00e1n x\u00e2y d\u1ef1ng di\u1ec5n ra su\u00f4n s\u1ebb.<\/p>\n<\/div>\n<div id=\"tab_h\u1ec6-th\u1ed0ng-mep\" class=\"panel entry-content\" role=\"tabpanel\" aria-labelledby=\"tab-h\u1ec6-th\u1ed0ng-mep\">\n\t<div class=\"img has-hover x md-x lg-x y md-y lg-y\" id=\"image_556606814\">\n\t\t\t\t\t\t\t\t<div class=\"img-inner dark\" >\n\t\t\t<img loading=\"lazy\" decoding=\"async\" width=\"996\" height=\"230\" src=\"https:\/\/solutions.com.vn\/wp-content\/uploads\/2021\/12\/MEP-Solutions-2.jpg\" class=\"attachment-original size-original\" alt=\"\" srcset=\"https:\/\/solutions.com.vn\/wp-content\/uploads\/2021\/12\/MEP-Solutions-2.jpg 996w, https:\/\/solutions.com.vn\/wp-content\/uploads\/2021\/12\/MEP-Solutions-2-300x69.jpg 300w\" sizes=\"auto, (max-width: 996px) 100vw, 996px\" \/>\t\t\t\t\t\t\n\t\t\t\t\t<\/div>\n\t\t\t\t\t\t\t\t\n<style>\n#image_556606814 {\n  width: 100%;\n}\n<\/style>\n\t<\/div>\n\t\n\t<div id=\"gap-563210845\" class=\"gap-element clearfix\" style=\"display:block; height:auto;\">\n\t\t\n<style>\n#gap-563210845 {\n  padding-top: 30px;\n}\n<\/style>\n\t<\/div>\n\t\n<p>V\u1edbi kinh nghi\u1ec7m thi c\u00f4ng v\u00e0 am hi\u1ec3u v\u1eadn h\u00e0nh t\u1eebng h\u1ec7 th\u1ed1ng c\u01a1 \u0111i\u1ec7n ri\u00eang bi\u1ec7t trong m\u1ecdi l\u0129nh v\u1ef1c h\u1ea1 t\u1ea7ng, d\u00e2n d\u1ee5ng, th\u01b0\u01a1ng m\u1ea1i v\u00e0 c\u00f4ng nghi\u1ec7p, ch\u00fang t\u00f4i lu\u00f4n \u0111\u1ec1 xu\u1ea5t nh\u1eefng h\u1ec7 th\u1ed1ng ph\u00f9 h\u1ee3p nh\u1ea5t v\u1edbi quy m\u00f4 d\u1ef1 \u00e1n c\u1ee7a kh\u00e1ch h\u00e0ng, t\u1ed1i \u01b0u h\u00f3a \u0111\u1ec3 \u0111\u00e1p \u1ee9ng c\u00e1c ti\u00eau chu\u1ea9n cao v\u1ec1 k\u1ef9 thu\u1eadt, ch\u1ea5t l\u01b0\u1ee3ng v\u00e0 ti\u1ebfn \u0111\u1ed9 nh\u1eb1m mang l\u1ea1i l\u1ee3i \u00edch cho ch\u1ee7 \u0111\u1ea7u t\u01b0:<\/p>\n<ol>\n<li>H\u1ed7 tr\u1ee3 t\u1ed1i \u01b0u h\u00f3a quy tr\u00ecnh thi c\u00f4ng, r\u00fat \u200b\u200bng\u1eafn th\u1eddi gian thi c\u00f4ng.<\/li>\n<li>Ph\u00e2n \u0111\u1ecbnh r\u00f5 r\u00e0ng tr\u00e1ch nhi\u1ec7m trong vi\u1ec7c ph\u1ed1i h\u1ee3p v\u00e0 qu\u1ea3n l\u00fd h\u1ec7 th\u1ed1ng c\u01a1 \u0111i\u1ec7n nh\u1eb1m \u0111\u1ea3m b\u1ea3o ch\u1ea5t l\u01b0\u1ee3ng t\u1ed1t nh\u1ea5t.<\/li>\n<li>Ti\u1ebft ki\u1ec7m chi ph\u00ed: gi\u1ea3m chi ph\u00ed gi\u00e1n ti\u1ebfp c\u1ee7a nh\u00e0 th\u1ea7u, gi\u1ea3m chi ph\u00ed \u0111i\u1ec1u ph\u1ed1i c\u1ee7a \u0111\u1ed9i ng\u0169 qu\u1ea3n l\u00fd c\u1ee7a Ch\u1ee7 \u0111\u1ea7u t\u01b0, t\u0103ng chi ph\u00ed c\u01a1 h\u1ed9i do r\u00fat ng\u1eafn th\u1eddi gian thi c\u00f4ng.<\/li>\n<\/ol>\n<\/div><\/div><\/div>\n\t\t<\/div>\n\t\t\t\t\t<\/div>\n\n\t\n<\/div>\n\t\t<\/div>\n\n\t\t\n<style>\n#section_1032481546 {\n  padding-top: 35px;\n  padding-bottom: 35px;\n}\n#section_1032481546 .section-bg.bg-loaded {\n  background-image: url(https:\/\/solutions.com.vn\/wp-content\/uploads\/2021\/11\/bg-pattern.png);\n}\n#section_1032481546 .ux-shape-divider--top svg {\n  height: 150px;\n  --divider-top-width: 100%;\n}\n#section_1032481546 .ux-shape-divider--bottom svg {\n  height: 150px;\n  --divider-width: 100%;\n}\n<\/style>\n\t<\/section>\n\t\n","protected":false},"excerpt":{"rendered":"","protected":false},"author":2,"featured_media":0,"parent":326,"menu_order":32,"comment_status":"closed","ping_status":"closed","template":"page-blank.php","meta":{"inline_featured_image":false,"footnotes":""},"class_list":["post-1663","page","type-page","status-publish","hentry"],"acf":[],"_links":{"self":[{"href":"https:\/\/solutions.com.vn\/vi\/wp-json\/wp\/v2\/pages\/1663","targetHints":{"allow":["GET"]}}],"collection":[{"href":"https:\/\/solutions.com.vn\/vi\/wp-json\/wp\/v2\/pages"}],"about":[{"href":"https:\/\/solutions.com.vn\/vi\/wp-json\/wp\/v2\/types\/page"}],"author":[{"embeddable":true,"href":"https:\/\/solutions.com.vn\/vi\/wp-json\/wp\/v2\/users\/2"}],"replies":[{"embeddable":true,"href":"https:\/\/solutions.com.vn\/vi\/wp-json\/wp\/v2\/comments?post=1663"}],"version-history":[{"count":34,"href":"https:\/\/solutions.com.vn\/vi\/wp-json\/wp\/v2\/pages\/1663\/revisions"}],"predecessor-version":[{"id":13525,"href":"https:\/\/solutions.com.vn\/vi\/wp-json\/wp\/v2\/pages\/1663\/revisions\/13525"}],"up":[{"embeddable":true,"href":"https:\/\/solutions.com.vn\/vi\/wp-json\/wp\/v2\/pages\/326"}],"wp:attachment":[{"href":"https:\/\/solutions.com.vn\/vi\/wp-json\/wp\/v2\/media?parent=1663"}],"curies":[{"name":"wp","href":"https:\/\/api.w.org\/{rel}","templated":true}]}}